{"id":992,"date":"2025-08-28T12:29:52","date_gmt":"2025-08-28T12:29:52","guid":{"rendered":"https:\/\/gulserenongun.com\/?page_id=992"},"modified":"2026-01-08T08:34:14","modified_gmt":"2026-01-08T08:34:14","slug":"connaissances","status":"publish","type":"page","link":"https:\/\/ongunpartners.com\/fr\/bilgi-bankasi\/","title":{"rendered":"Connaissances"},"content":{"rendered":"<div data-elementor-type=\"wp-page\" data-elementor-id=\"992\" class=\"elementor elementor-992\">\n\t\t\t\t<div class=\"elementor-element elementor-element-d8e11f6 e-con-full hero-banner e-flex e-con e-parent\" data-id=\"d8e11f6\" data-element_type=\"container\" data-e-type=\"container\">\n\t\t\t\t<div class=\"elementor-element elementor-element-bfb92af hero-banner-img elementor-widget elementor-widget-image\" data-id=\"bfb92af\" data-element_type=\"widget\" data-e-type=\"widget\" data-widget_type=\"image.default\">\n\t\t\t\t\t\t\t\t\t\t\t\t\t\t\t<img fetchpriority=\"high\" decoding=\"async\" width=\"2560\" height=\"1919\" src=\"https:\/\/ongunpartners.com\/wp-content\/uploads\/2025\/07\/daniel-stenholm-ZGYWhxaiMOc-unsplash-scaled.jpg\" class=\"attachment-full size-full wp-image-15\" alt=\"\" srcset=\"https:\/\/ongunpartners.com\/wp-content\/uploads\/2025\/07\/daniel-stenholm-ZGYWhxaiMOc-unsplash-scaled.jpg 2560w, https:\/\/ongunpartners.com\/wp-content\/uploads\/2025\/07\/daniel-stenholm-ZGYWhxaiMOc-unsplash-300x225.jpg 300w, https:\/\/ongunpartners.com\/wp-content\/uploads\/2025\/07\/daniel-stenholm-ZGYWhxaiMOc-unsplash-1024x768.jpg 1024w, https:\/\/ongunpartners.com\/wp-content\/uploads\/2025\/07\/daniel-stenholm-ZGYWhxaiMOc-unsplash-768x576.jpg 768w, https:\/\/ongunpartners.com\/wp-content\/uploads\/2025\/07\/daniel-stenholm-ZGYWhxaiMOc-unsplash-1536x1151.jpg 1536w, https:\/\/ongunpartners.com\/wp-content\/uploads\/2025\/07\/daniel-stenholm-ZGYWhxaiMOc-unsplash-2048x1535.jpg 2048w\" sizes=\"(max-width: 2560px) 100vw, 2560px\" \/>\t\t\t\t\t\t\t\t\t\t\t\t\t\t\t<\/div>\n\t\t\t\t<div class=\"elementor-element elementor-element-c5d1894 hero-banner-title elementor-widget elementor-widget-heading\" data-id=\"c5d1894\" data-element_type=\"widget\" data-e-type=\"widget\" data-widget_type=\"heading.default\">\n\t\t\t\t\t<h1 class=\"elementor-heading-title elementor-size-default\">Connaissances<\/h1>\t\t\t\t<\/div>\n\t\t\t\t<\/div>\n\t\t<div class=\"elementor-element elementor-element-58f4eac e-flex e-con-boxed e-con e-parent\" data-id=\"58f4eac\" data-element_type=\"container\" data-e-type=\"container\">\n\t\t\t\t\t<div class=\"e-con-inner\">\n\t\t\t\t<div class=\"elementor-element elementor-element-a16fe4a elementor-widget elementor-widget-custom_insights_widget\" data-id=\"a16fe4a\" data-element_type=\"widget\" data-e-type=\"widget\" data-widget_type=\"custom_insights_widget.default\">\n\t\t\t\t<div class=\"elementor-widget-container\">\n\t\t\t\t\t        <section class=\"ci-insights\">\n                  <div class=\"ci-switcher\" role=\"tablist\" aria-label=\"Insight Type\">\n          <a role=\"tab\" aria-selected=\"true\" class=\"ci-switch active\" href=\"\/fr\/wp-json\/wp\/v2\/pages\/992?kind=bulletins\">E-News<\/a>\n          <a role=\"tab\" aria-selected=\"false\" class=\"ci-switch\" href=\"\/fr\/wp-json\/wp\/v2\/pages\/992?kind=handbooks\">Handbooks<\/a>\n        <\/div>\n                          <details class=\"ci-filters\" >\n          <summary>\n            <span class=\"label\">Filtres<\/span>\n            <span class=\"caret\" aria-hidden=\"true\"><\/span>\n          <\/summary>\n          <form method=\"get\" action=\"https:\/\/ongunpartners.com\/fr\/connaissances\/\" data-trp-original-action=\"https:\/\/ongunpartners.com\/fr\/bilgi-bankasi\/\">\n            <input type=\"hidden\" name=\"kind\" value=\"bulletins\" \/>\n            <div class=\"ci-filters-grid\">\n              <label class=\"ci-field\">\n                <span class=\"ci-label\">Service<\/span>\n                <select name=\"service\">\n                  <option value=\"\">Veuillez s\u00e9lectionner<\/option>\n                                  <\/select>\n              <\/label>\n\n              <label class=\"ci-field\">\n                <span class=\"ci-label\">Secteur<\/span>\n                <select name=\"sector\">\n                  <option value=\"\">Veuillez s\u00e9lectionner<\/option>\n                                      <option value=\"climate\" >le climat<\/option>\n                                      <option value=\"negotiate\" >n\u00e9gocier<\/option>\n                                      <option value=\"sosyal\" >Social<\/option>\n                                  <\/select>\n              <\/label>\n\n              <label class=\"ci-field\">\n                <span class=\"ci-label\">Lune<\/span>\n                <select name=\"month\">\n                  <option value=\"0\">Lune<\/option>\n                                      <option value=\"1\" >January<\/option>\n                                      <option value=\"2\" >February<\/option>\n                                      <option value=\"3\" >March<\/option>\n                                      <option value=\"4\" >April<\/option>\n                                      <option value=\"5\" >May<\/option>\n                                      <option value=\"6\" >June<\/option>\n                                      <option value=\"7\" >July<\/option>\n                                      <option value=\"8\" >August<\/option>\n                                      <option value=\"9\" >September<\/option>\n                                      <option value=\"10\" >October<\/option>\n                                      <option value=\"11\" >November<\/option>\n                                      <option value=\"12\" >D\u00e9cembre<\/option>\n                                  <\/select>\n              <\/label>\n\n              <label class=\"ci-field\">\n                <span class=\"ci-label\">Ann\u00e9e<\/span>\n                <select name=\"year\">\n                  <option value=\"0\">Ann\u00e9e<\/option>\n                                      <option value=\"2026\" >2026<\/option>\n                                      <option value=\"2025\" >2025<\/option>\n                                      <option value=\"2024\" >2024<\/option>\n                                      <option value=\"2023\" >2023<\/option>\n                                      <option value=\"2022\" >2022<\/option>\n                                      <option value=\"2021\" >2021<\/option>\n                                      <option value=\"2020\" >2020<\/option>\n                                      <option value=\"2019\" >2019<\/option>\n                                      <option value=\"2018\" >2018<\/option>\n                                      <option value=\"2017\" >2017<\/option>\n                                      <option value=\"2016\" >2016<\/option>\n                                  <\/select>\n              <\/label>\n\n              <label class=\"ci-field ci-field-search\">\n                <span class=\"ci-label\">Appeler<\/span>\n                <input type=\"text\" name=\"ciq\" value=\"\" placeholder=\"\u00c9crire ici...\" \/>\n              <\/label>\n            <\/div>\n\n            <div class=\"ci-filter-actions\">\n              <a class=\"ci-btn ci-btn--ghost\" href=\"\/fr\/wp-json\/wp\/v2\/pages\/992?kind=bulletins\">Remise \u00e0 z\u00e9ro<\/a>\n              <button class=\"ci-btn\" type=\"submit\">Recherche<\/button>\n            <\/div>\n          <input type=\"hidden\" name=\"trp-form-language\" value=\"fr\"\/><\/form>\n        <\/details>\n        \n          <div class=\"ci-grid\">\n                          <p class=\"ci-empty\">No insights found.<\/p>\n                      <\/div>\n\n                  <\/section>\n        \t\t\t\t<\/div>\n\t\t\t\t<\/div>\n\t\t\t\t\t<\/div>\n\t\t\t\t<\/div>\n\t\t<div class=\"elementor-element elementor-element-9c1e10e e-con-full e-flex e-con e-parent\" data-id=\"9c1e10e\" data-element_type=\"container\" data-e-type=\"container\">\n\t\t\t\t<div class=\"elementor-element elementor-element-a11d2ae elementor-widget elementor-widget-image\" data-id=\"a11d2ae\" data-element_type=\"widget\" data-e-type=\"widget\" data-widget_type=\"image.default\">\n\t\t\t\t\t\t\t\t\t\t\t\t\t\t\t<img decoding=\"async\" width=\"1419\" height=\"1069\" src=\"https:\/\/ongunpartners.com\/wp-content\/uploads\/2025\/10\/res1a.jpg\" class=\"attachment-full size-full wp-image-1887\" alt=\"\" srcset=\"https:\/\/ongunpartners.com\/wp-content\/uploads\/2025\/10\/res1a.jpg 1419w, https:\/\/ongunpartners.com\/wp-content\/uploads\/2025\/10\/res1a-300x226.jpg 300w, https:\/\/ongunpartners.com\/wp-content\/uploads\/2025\/10\/res1a-1024x771.jpg 1024w, https:\/\/ongunpartners.com\/wp-content\/uploads\/2025\/10\/res1a-768x579.jpg 768w, https:\/\/ongunpartners.com\/wp-content\/uploads\/2025\/10\/res1a-16x12.jpg 16w\" sizes=\"(max-width: 1419px) 100vw, 1419px\" \/>\t\t\t\t\t\t\t\t\t\t\t\t\t\t\t<\/div>\n\t\t\t\t<\/div>\n\t\t\t\t<\/div>","protected":false},"excerpt":{"rendered":"<p>Bilgi Bankas\u0131 E-News Handbooks Filtreler Servis L\u00fctfen Se\u00e7iniz Sekt\u00f6r L\u00fctfen Se\u00e7inizclimatenegotiateSosyal Ay AyJanuaryFebruaryMarchAprilMayJuneJulyAugustSeptemberOctoberNovemberDecember Y\u0131l Y\u0131l20262025202420232022202120202019201820172016 Aray\u0131n S\u0131f\u0131rla Ara No insights [&hellip;]<\/p>\n","protected":false},"author":1,"featured_media":0,"parent":0,"menu_order":0,"comment_status":"closed","ping_status":"closed","template":"","meta":{"site-sidebar-layout":"no-sidebar","site-content-layout":"","ast-site-content-layout":"full-width-container","site-content-style":"default","site-sidebar-style":"default","ast-global-header-display":"","ast-banner-title-visibility":"","ast-main-header-display":"","ast-hfb-above-header-display":"","ast-hfb-below-header-display":"","ast-hfb-mobile-header-display":"","site-post-title":"disabled","ast-breadcrumbs-content":"","ast-featured-img":"disabled","footer-sml-layout":"","ast-disable-related-posts":"","theme-transparent-header-meta":"","adv-header-id-meta":"","stick-header-meta":"","header-above-stick-meta":"","header-main-stick-meta":"","header-below-stick-meta":"","astra-migrate-meta-layouts":"default","ast-page-background-enabled":"default","ast-page-background-meta":{"desktop":{"background-color":"var(--ast-global-color-5)","background-image":"","background-repeat":"repeat","background-position":"center center","background-size":"auto","background-attachment":"scroll","background-type":"","background-media":"","overlay-type":"","overlay-color":"","overlay-opacity":"","overlay-gradient":""},"tablet":{"background-color":"","background-image":"","background-repeat":"repeat","background-position":"center center","background-size":"auto","background-attachment":"scroll","background-type":"","background-media":"","overlay-type":"","overlay-color":"","overlay-opacity":"","overlay-gradient":""},"mobile":{"background-color":"","background-image":"","background-repeat":"repeat","background-position":"center center","background-size":"auto","background-attachment":"scroll","background-type":"","background-media":"","overlay-type":"","overlay-color":"","overlay-opacity":"","overlay-gradient":""}},"ast-content-background-meta":{"desktop":{"background-color":"var(--ast-global-color-4)","background-image":"","background-repeat":"repeat","background-position":"center center","background-size":"auto","background-attachment":"scroll","background-type":"","background-media":"","overlay-type":"","overlay-color":"","overlay-opacity":"","overlay-gradient":""},"tablet":{"background-color":"var(--ast-global-color-4)","background-image":"","background-repeat":"repeat","background-position":"center center","background-size":"auto","background-attachment":"scroll","background-type":"","background-media":"","overlay-type":"","overlay-color":"","overlay-opacity":"","overlay-gradient":""},"mobile":{"background-color":"var(--ast-global-color-4)","background-image":"","background-repeat":"repeat","background-position":"center center","background-size":"auto","background-attachment":"scroll","background-type":"","background-media":"","overlay-type":"","overlay-color":"","overlay-opacity":"","overlay-gradient":""}},"footnotes":""},"class_list":["post-992","page","type-page","status-publish","hentry"],"_links":{"self":[{"href":"https:\/\/ongunpartners.com\/fr\/wp-json\/wp\/v2\/pages\/992","targetHints":{"allow":["GET"]}}],"collection":[{"href":"https:\/\/ongunpartners.com\/fr\/wp-json\/wp\/v2\/pages"}],"about":[{"href":"https:\/\/ongunpartners.com\/fr\/wp-json\/wp\/v2\/types\/page"}],"author":[{"embeddable":true,"href":"https:\/\/ongunpartners.com\/fr\/wp-json\/wp\/v2\/users\/1"}],"replies":[{"embeddable":true,"href":"https:\/\/ongunpartners.com\/fr\/wp-json\/wp\/v2\/comments?post=992"}],"version-history":[{"count":54,"href":"https:\/\/ongunpartners.com\/fr\/wp-json\/wp\/v2\/pages\/992\/revisions"}],"predecessor-version":[{"id":2973,"href":"https:\/\/ongunpartners.com\/fr\/wp-json\/wp\/v2\/pages\/992\/revisions\/2973"}],"wp:attachment":[{"href":"https:\/\/ongunpartners.com\/fr\/wp-json\/wp\/v2\/media?parent=992"}],"curies":[{"name":"wp","href":"https:\/\/api.w.org\/{rel}","templated":true}]}}