{"id":3089,"date":"2026-01-08T14:48:32","date_gmt":"2026-01-08T14:48:32","guid":{"rendered":"https:\/\/ongunpartners.com\/?page_id=3089"},"modified":"2026-01-08T14:51:16","modified_gmt":"2026-01-08T14:51:16","slug":"services-de-conseil-pour-le-projet-concordat","status":"publish","type":"page","link":"https:\/\/ongunpartners.com\/fr\/konkordato-proje-danismanligi-hizmetleri\/","title":{"rendered":"Services de conseil en mati\u00e8re de concordat"},"content":{"rendered":"<div data-elementor-type=\"wp-page\" data-elementor-id=\"3089\" class=\"elementor elementor-3089\">\n\t\t\t\t<div class=\"elementor-element elementor-element-1967f6b e-flex e-con-boxed e-con e-parent\" data-id=\"1967f6b\" data-element_type=\"container\" data-e-type=\"container\">\n\t\t\t\t\t<div class=\"e-con-inner\">\n\t\t\t\t<div class=\"elementor-element elementor-element-7a2ba47 elementor-widget elementor-widget-html\" data-id=\"7a2ba47\" data-element_type=\"widget\" data-e-type=\"widget\" data-widget_type=\"html.default\">\n\t\t\t\t\t<div class=\"policy-doc\">\r\n    <h2>Services de conseil en mati\u00e8re de concordat<\/h2>\r\n    \r\n    \r\n    Notre cabinet fournit des services sp\u00e9cialis\u00e9s de conseil en mati\u00e8re de concordat aux entreprises dont la situation financi\u00e8re s'est d\u00e9t\u00e9rior\u00e9e mais qui ont le potentiel de poursuivre leurs activit\u00e9s, en leur offrant une s\u00e9curit\u00e9 juridique et des perspectives de redressement financier. Notre objectif est d'accompagner nos clients dans la restructuration de leurs dettes afin qu'ils puissent poursuivre leur activit\u00e9 commerciale de mani\u00e8re durable.\r\n\r\n    <br><br>\r\n    \r\n    Principales options propos\u00e9es et domaines de conseil :\r\n\r\n\r\n    \r\n    \r\n\r\n    \r\n\r\n    \r\n    \r\n<\/div>\r\n\t\t\t\t<\/div>\n\t\t\t\t<div class=\"elementor-element elementor-element-00a4cd9 elementor-widget elementor-widget-html\" data-id=\"00a4cd9\" data-element_type=\"widget\" data-e-type=\"widget\" data-widget_type=\"html.default\">\n\t\t\t\t\t<div class=\"policy-doc\">\r\n    \r\n    \r\n    \r\n    <strong>Conseil en concordat pr\u00e9ventif (gestion des risques en amont) : <\/strong>Avant que les difficult\u00e9s financi\u00e8res de l'entreprise ne s'aggravent, nous fournissons des conseils strat\u00e9giques portant sur l'analyse des risques potentiels, l'\u00e9valuation de l'\u00e9ligibilit\u00e9 \u00e0 une demande de concordat et la prise de mesures pr\u00e9ventives pr\u00e9coces.\r\n\r\n    <br><br>\r\n    \r\n    <strong>D\u00e9p\u00f4t de la demande de concordat et pr\u00e9paration du projet : <\/strong>Nous veillons \u00e0 satisfaire toutes les exigences l\u00e9gales n\u00e9cessaires au d\u00e9p\u00f4t de la demande, et proc\u00e9dons \u00e0 l'\u00e9laboration du projet pr\u00e9liminaire d\u00e9taill\u00e9 ainsi que du projet de concordat \u00e0 la lumi\u00e8re des donn\u00e9es financi\u00e8res, juridiques et op\u00e9rationnelles. Dans ce cadre, nous g\u00e9rons juridiquement les n\u00e9gociations entre d\u00e9biteurs et cr\u00e9anciers et effectuons les travaux de constitution des garanties n\u00e9cessaires.\r\n\r\n    <br><br>\r\n    \r\n    <strong>Gestion de la p\u00e9riode de d\u00e9lai d\u00e9finitif et blocage des poursuites : <\/strong>Tout au long de la p\u00e9riode de d\u00e9lai d\u00e9finitif accord\u00e9 par le tribunal, nous assurons l'accompagnement juridique n\u00e9cessaire \u00e0 la poursuite des activit\u00e9s de l'entreprise sous protection l\u00e9gale, g\u00e9rons les proc\u00e9dures d'ex\u00e9cution et de faillite ainsi que les actions en justice, et assurons la coordination du comit\u00e9 des cr\u00e9anciers.\r\n\r\n    <br><br>\r\n    \r\n    <strong>Homologation du concordat et conseil en mise en \u0153uvre : <\/strong>Apr\u00e8s l'homologation du projet par le tribunal, nous fournissons des services de suivi juridique et de mise en conformit\u00e9 \u00e0 toutes les \u00e9tapes de l'ex\u00e9cution du projet et du respect des engagements pris.\r\n\r\n\r\n    <br><br>\r\n    \r\n    Notre expertise, fond\u00e9e sur l'int\u00e9gration des donn\u00e9es financi\u00e8res aux exigences juridiques, vise \u00e0 garantir que nos clients m\u00e8nent le processus de concordat \u00e0 terme de mani\u00e8re transparente, efficace et r\u00e9ussie.\r\n\r\n    \r\n    \r\n\r\n    \r\n\r\n    \r\n    \r\n<\/div>\r\n\t\t\t\t<\/div>\n\t\t\t\t\t<\/div>\n\t\t\t\t<\/div>\n\t\t\t\t<\/div>","protected":false},"excerpt":{"rendered":"<p>Konkordato Proje Dan\u0131\u015fmanl\u0131\u011f\u0131 Hizmetleri Hukuk b\u00fcromuz, mali durumu bozulan ancak faaliyetine devam etme potansiyeli bulunan \u015firketler i\u00e7in, yasal g\u00fcvence ve [&hellip;]<\/p>\n","protected":false},"author":1,"featured_media":0,"parent":0,"menu_order":0,"comment_status":"closed","ping_status":"closed","template":"","meta":{"site-sidebar-layout":"no-sidebar","site-content-layout":"","ast-site-content-layout":"full-width-container","site-content-style":"default","site-sidebar-style":"default","ast-global-header-display":"","ast-banner-title-visibility":"","ast-main-header-display":"","ast-hfb-above-header-display":"","ast-hfb-below-header-display":"","ast-hfb-mobile-header-display":"","site-post-title":"disabled","ast-breadcrumbs-content":"","ast-featured-img":"disabled","footer-sml-layout":"","ast-disable-related-posts":"","theme-transparent-header-meta":"","adv-header-id-meta":"","stick-header-meta":"","header-above-stick-meta":"","header-main-stick-meta":"","header-below-stick-meta":"","astra-migrate-meta-layouts":"default","ast-page-background-enabled":"default","ast-page-background-meta":{"desktop":{"background-color":"var(--ast-global-color-5)","background-image":"","background-repeat":"repeat","background-position":"center center","background-size":"auto","background-attachment":"scroll","background-type":"","background-media":"","overlay-type":"","overlay-color":"","overlay-opacity":"","overlay-gradient":""},"tablet":{"background-color":"","background-image":"","background-repeat":"repeat","background-position":"center center","background-size":"auto","background-attachment":"scroll","background-type":"","background-media":"","overlay-type":"","overlay-color":"","overlay-opacity":"","overlay-gradient":""},"mobile":{"background-color":"","background-image":"","background-repeat":"repeat","background-position":"center center","background-size":"auto","background-attachment":"scroll","background-type":"","background-media":"","overlay-type":"","overlay-color":"","overlay-opacity":"","overlay-gradient":""}},"ast-content-background-meta":{"desktop":{"background-color":"var(--ast-global-color-4)","background-image":"","background-repeat":"repeat","background-position":"center center","background-size":"auto","background-attachment":"scroll","background-type":"","background-media":"","overlay-type":"","overlay-color":"","overlay-opacity":"","overlay-gradient":""},"tablet":{"background-color":"var(--ast-global-color-4)","background-image":"","background-repeat":"repeat","background-position":"center center","background-size":"auto","background-attachment":"scroll","background-type":"","background-media":"","overlay-type":"","overlay-color":"","overlay-opacity":"","overlay-gradient":""},"mobile":{"background-color":"var(--ast-global-color-4)","background-image":"","background-repeat":"repeat","background-position":"center center","background-size":"auto","background-attachment":"scroll","background-type":"","background-media":"","overlay-type":"","overlay-color":"","overlay-opacity":"","overlay-gradient":""}},"footnotes":""},"class_list":["post-3089","page","type-page","status-publish","hentry"],"_links":{"self":[{"href":"https:\/\/ongunpartners.com\/fr\/wp-json\/wp\/v2\/pages\/3089","targetHints":{"allow":["GET"]}}],"collection":[{"href":"https:\/\/ongunpartners.com\/fr\/wp-json\/wp\/v2\/pages"}],"about":[{"href":"https:\/\/ongunpartners.com\/fr\/wp-json\/wp\/v2\/types\/page"}],"author":[{"embeddable":true,"href":"https:\/\/ongunpartners.com\/fr\/wp-json\/wp\/v2\/users\/1"}],"replies":[{"embeddable":true,"href":"https:\/\/ongunpartners.com\/fr\/wp-json\/wp\/v2\/comments?post=3089"}],"version-history":[{"count":5,"href":"https:\/\/ongunpartners.com\/fr\/wp-json\/wp\/v2\/pages\/3089\/revisions"}],"predecessor-version":[{"id":3094,"href":"https:\/\/ongunpartners.com\/fr\/wp-json\/wp\/v2\/pages\/3089\/revisions\/3094"}],"wp:attachment":[{"href":"https:\/\/ongunpartners.com\/fr\/wp-json\/wp\/v2\/media?parent=3089"}],"curies":[{"name":"wp","href":"https:\/\/api.w.org\/{rel}","templated":true}]}}