{"id":3080,"date":"2026-01-08T14:46:52","date_gmt":"2026-01-08T14:46:52","guid":{"rendered":"https:\/\/ongunpartners.com\/?page_id=3080"},"modified":"2026-01-08T14:48:04","modified_gmt":"2026-01-08T14:48:04","slug":"restructuration-et-insolvabilite-droit-de-la-faillite-et-de-la-liquidation","status":"publish","type":"page","link":"https:\/\/ongunpartners.com\/fr\/yeniden-yapilandirma-ve-odeme-aczi-iflas-tasfiye-hukuku\/","title":{"rendered":"Droit de la restructuration et de l'insolvabilit\u00e9 (faillite\/liquidation)"},"content":{"rendered":"<div data-elementor-type=\"wp-page\" data-elementor-id=\"3080\" class=\"elementor elementor-3080\">\n\t\t\t\t<div class=\"elementor-element elementor-element-c9990a3 e-flex e-con-boxed e-con e-parent\" data-id=\"c9990a3\" data-element_type=\"container\" data-e-type=\"container\">\n\t\t\t\t\t<div class=\"e-con-inner\">\n\t\t\t\t<div class=\"elementor-element elementor-element-ce5c264 elementor-widget elementor-widget-html\" data-id=\"ce5c264\" data-element_type=\"widget\" data-e-type=\"widget\" data-widget_type=\"html.default\">\n\t\t\t\t\t<div class=\"policy-doc\">\r\n    <h2>Droit de la restructuration et de l'insolvabilit\u00e9 (faillite\/liquidation)<\/h2>\r\n    \r\n    \r\n    Dans un contexte d'instabilit\u00e9 financi\u00e8re mondiale, la gestion des processus de restructuration et d'insolvabilit\u00e9 (faillite\/liquidation), de plus en plus complexes, requiert une exp\u00e9rience approfondie et une vision globale.\r\n\r\n    <br><br>\r\n    \r\n    Notre cabinet intervient au nom de l'ensemble des parties concern\u00e9es \u2014 d\u00e9biteurs, \u00e9tablissements financiers, acqu\u00e9reurs, actionnaires, fonds d'investissement, compagnies d'assurance et banques \u2014 pour faire face \u00e0 ces d\u00e9fis critiques. Forts de notre exp\u00e9rience tant locale que transfrontali\u00e8re (cross-border), nous apportons \u00e0 nos clients des solutions rapides et concr\u00e8tes adapt\u00e9es \u00e0 leurs situations.\r\n\r\n    <br><br>\r\n    \r\n    En combinant nos comp\u00e9tences dans des domaines compl\u00e9mentaires tels que le financement, les march\u00e9s des capitaux, le droit des valeurs mobili\u00e8res, le droit des soci\u00e9t\u00e9s, le contentieux, l'immobilier, le droit du travail et le droit fiscal, nous adoptons une approche pragmatique et commerciale visant \u00e0 obtenir le meilleur r\u00e9sultat possible pour nos clients.\r\n\r\n    \r\n\r\n    \r\n    \r\n<\/div>\r\n\t\t\t\t<\/div>\n\t\t\t\t\t<\/div>\n\t\t\t\t<\/div>\n\t\t\t\t<\/div>","protected":false},"excerpt":{"rendered":"<p>Yeniden Yap\u0131land\u0131rma ve \u00d6deme Aczi (\u0130flas\/Tasfiye) Hukuku K\u00fcresel finansal istikrars\u0131zl\u0131k ortam\u0131nda, gittik\u00e7e karma\u015f\u0131kla\u015fan yeniden yap\u0131land\u0131rma ve \u00f6deme aczi (iflas\/tasfiye) s\u00fcre\u00e7lerinin [&hellip;]<\/p>\n","protected":false},"author":1,"featured_media":0,"parent":0,"menu_order":0,"comment_status":"closed","ping_status":"closed","template":"","meta":{"site-sidebar-layout":"no-sidebar","site-content-layout":"","ast-site-content-layout":"full-width-container","site-content-style":"default","site-sidebar-style":"default","ast-global-header-display":"","ast-banner-title-visibility":"","ast-main-header-display":"","ast-hfb-above-header-display":"","ast-hfb-below-header-display":"","ast-hfb-mobile-header-display":"","site-post-title":"disabled","ast-breadcrumbs-content":"","ast-featured-img":"disabled","footer-sml-layout":"","ast-disable-related-posts":"","theme-transparent-header-meta":"","adv-header-id-meta":"","stick-header-meta":"","header-above-stick-meta":"","header-main-stick-meta":"","header-below-stick-meta":"","astra-migrate-meta-layouts":"default","ast-page-background-enabled":"default","ast-page-background-meta":{"desktop":{"background-color":"var(--ast-global-color-5)","background-image":"","background-repeat":"repeat","background-position":"center center","background-size":"auto","background-attachment":"scroll","background-type":"","background-media":"","overlay-type":"","overlay-color":"","overlay-opacity":"","overlay-gradient":""},"tablet":{"background-color":"","background-image":"","background-repeat":"repeat","background-position":"center center","background-size":"auto","background-attachment":"scroll","background-type":"","background-media":"","overlay-type":"","overlay-color":"","overlay-opacity":"","overlay-gradient":""},"mobile":{"background-color":"","background-image":"","background-repeat":"repeat","background-position":"center center","background-size":"auto","background-attachment":"scroll","background-type":"","background-media":"","overlay-type":"","overlay-color":"","overlay-opacity":"","overlay-gradient":""}},"ast-content-background-meta":{"desktop":{"background-color":"var(--ast-global-color-4)","background-image":"","background-repeat":"repeat","background-position":"center center","background-size":"auto","background-attachment":"scroll","background-type":"","background-media":"","overlay-type":"","overlay-color":"","overlay-opacity":"","overlay-gradient":""},"tablet":{"background-color":"var(--ast-global-color-4)","background-image":"","background-repeat":"repeat","background-position":"center center","background-size":"auto","background-attachment":"scroll","background-type":"","background-media":"","overlay-type":"","overlay-color":"","overlay-opacity":"","overlay-gradient":""},"mobile":{"background-color":"var(--ast-global-color-4)","background-image":"","background-repeat":"repeat","background-position":"center center","background-size":"auto","background-attachment":"scroll","background-type":"","background-media":"","overlay-type":"","overlay-color":"","overlay-opacity":"","overlay-gradient":""}},"footnotes":""},"class_list":["post-3080","page","type-page","status-publish","hentry"],"_links":{"self":[{"href":"https:\/\/ongunpartners.com\/fr\/wp-json\/wp\/v2\/pages\/3080","targetHints":{"allow":["GET"]}}],"collection":[{"href":"https:\/\/ongunpartners.com\/fr\/wp-json\/wp\/v2\/pages"}],"about":[{"href":"https:\/\/ongunpartners.com\/fr\/wp-json\/wp\/v2\/types\/page"}],"author":[{"embeddable":true,"href":"https:\/\/ongunpartners.com\/fr\/wp-json\/wp\/v2\/users\/1"}],"replies":[{"embeddable":true,"href":"https:\/\/ongunpartners.com\/fr\/wp-json\/wp\/v2\/comments?post=3080"}],"version-history":[{"count":5,"href":"https:\/\/ongunpartners.com\/fr\/wp-json\/wp\/v2\/pages\/3080\/revisions"}],"predecessor-version":[{"id":3085,"href":"https:\/\/ongunpartners.com\/fr\/wp-json\/wp\/v2\/pages\/3080\/revisions\/3085"}],"wp:attachment":[{"href":"https:\/\/ongunpartners.com\/fr\/wp-json\/wp\/v2\/media?parent=3080"}],"curies":[{"name":"wp","href":"https:\/\/api.w.org\/{rel}","templated":true}]}}