{"id":3071,"date":"2026-01-08T14:44:54","date_gmt":"2026-01-08T14:44:54","guid":{"rendered":"https:\/\/ongunpartners.com\/?page_id=3071"},"modified":"2026-01-08T14:46:22","modified_gmt":"2026-01-08T14:46:22","slug":"conseil-en-matiere-denvironnement-de-social-et-de-gouvernance-droit-csy-et-durabilite","status":"publish","type":"page","link":"https:\/\/ongunpartners.com\/fr\/cevresel-sosyal-ve-yonetisim-csy-hukuku-ve-surdurulebilirlik-danismanligi\/","title":{"rendered":"Droit environnemental, social et de la gouvernance (ESG) et conseil en d\u00e9veloppement durable"},"content":{"rendered":"<div data-elementor-type=\"wp-page\" data-elementor-id=\"3071\" class=\"elementor elementor-3071\">\n\t\t\t\t<div class=\"elementor-element elementor-element-b8b0b29 e-flex e-con-boxed e-con e-parent\" data-id=\"b8b0b29\" data-element_type=\"container\" data-e-type=\"container\">\n\t\t\t\t\t<div class=\"e-con-inner\">\n\t\t\t\t<div class=\"elementor-element elementor-element-c2813ab elementor-widget elementor-widget-html\" data-id=\"c2813ab\" data-element_type=\"widget\" data-e-type=\"widget\" data-widget_type=\"html.default\">\n\t\t\t\t\t<div class=\"policy-doc\">\r\n    <h2>Droit environnemental, social et de la gouvernance (ESG) et conseil en d\u00e9veloppement durable<\/h2>\r\n    \r\n    \r\n    Aujourd'hui, les entreprises sont tenues de respecter leurs responsabilit\u00e9s environnementales, de g\u00e9rer leurs impacts sociaux et de se conformer aux principes d'une gouvernance efficace. Les \u00e9volutions dans le domaine ESG, impuls\u00e9es par les organismes de r\u00e9glementation nationaux et internationaux, ont mis en \u00e9vidence la n\u00e9cessit\u00e9 pour les entreprises de renforcer leur sensibilisation \u00e0 la durabilit\u00e9 et \u00e0 la responsabilit\u00e9 sociale des entreprises.\r\n\r\n    <br><br>\r\n    \r\n    Fort de ce constat, notre cabinet fournit des conseils juridiques en mati\u00e8re d'ESG et de d\u00e9veloppement durable \u00e0 des clients op\u00e9rant dans divers secteurs. En combinant notre expertise en commerce international, droit bancaire et financier, march\u00e9s des capitaux, droit de l'environnement et de l'\u00e9nergie, nous accompagnons nos clients dans leurs d\u00e9cisions strat\u00e9giques et op\u00e9rationnelles dans ce domaine.\r\n\r\n    <br><br>\r\n    \r\n    Nos principaux services comprennent : les \u00e9tudes d'harmonisation de la cha\u00eene d'approvisionnement, les activit\u00e9s de reporting li\u00e9es au Syst\u00e8me d'\u00e9change de quotas d'\u00e9mission (SEQE) et au M\u00e9canisme d'ajustement carbone aux fronti\u00e8res (MACF), le conseil en financement vert et en \u00e9mission d'obligations, ainsi que les services de mise en conformit\u00e9 ESG et de d\u00e9veloppement de strat\u00e9gies.\r\n\r\n    <br><br>\r\n    \r\n    En veillant \u00e0 ce que nos clients respectent pleinement la l\u00e9gislation nationale et internationale en vigueur, nous leur offrons un partenariat juridique fiable pour les accompagner dans la r\u00e9alisation de leurs objectifs de durabilit\u00e9.\r\n\r\n    \r\n\r\n    \r\n    \r\n<\/div>\r\n\t\t\t\t<\/div>\n\t\t\t\t\t<\/div>\n\t\t\t\t<\/div>\n\t\t\t\t<\/div>","protected":false},"excerpt":{"rendered":"<p>\u00c7evresel, Sosyal ve Y\u00f6neti\u015fim (\u00c7SY) Hukuku ve S\u00fcrd\u00fcr\u00fclebilirlik Dan\u0131\u015fmanl\u0131\u011f\u0131 G\u00fcn\u00fcm\u00fczde i\u015f d\u00fcnyas\u0131, \u00e7evresel sorumluluklar\u0131 yerine getirme, toplumsal etkileri y\u00f6netme ve [&hellip;]<\/p>\n","protected":false},"author":1,"featured_media":0,"parent":0,"menu_order":0,"comment_status":"closed","ping_status":"closed","template":"","meta":{"site-sidebar-layout":"no-sidebar","site-content-layout":"","ast-site-content-layout":"full-width-container","site-content-style":"default","site-sidebar-style":"default","ast-global-header-display":"","ast-banner-title-visibility":"","ast-main-header-display":"","ast-hfb-above-header-display":"","ast-hfb-below-header-display":"","ast-hfb-mobile-header-display":"","site-post-title":"disabled","ast-breadcrumbs-content":"","ast-featured-img":"disabled","footer-sml-layout":"","ast-disable-related-posts":"","theme-transparent-header-meta":"","adv-header-id-meta":"","stick-header-meta":"","header-above-stick-meta":"","header-main-stick-meta":"","header-below-stick-meta":"","astra-migrate-meta-layouts":"default","ast-page-background-enabled":"default","ast-page-background-meta":{"desktop":{"background-color":"var(--ast-global-color-5)","background-image":"","background-repeat":"repeat","background-position":"center center","background-size":"auto","background-attachment":"scroll","background-type":"","background-media":"","overlay-type":"","overlay-color":"","overlay-opacity":"","overlay-gradient":""},"tablet":{"background-color":"","background-image":"","background-repeat":"repeat","background-position":"center center","background-size":"auto","background-attachment":"scroll","background-type":"","background-media":"","overlay-type":"","overlay-color":"","overlay-opacity":"","overlay-gradient":""},"mobile":{"background-color":"","background-image":"","background-repeat":"repeat","background-position":"center center","background-size":"auto","background-attachment":"scroll","background-type":"","background-media":"","overlay-type":"","overlay-color":"","overlay-opacity":"","overlay-gradient":""}},"ast-content-background-meta":{"desktop":{"background-color":"var(--ast-global-color-4)","background-image":"","background-repeat":"repeat","background-position":"center center","background-size":"auto","background-attachment":"scroll","background-type":"","background-media":"","overlay-type":"","overlay-color":"","overlay-opacity":"","overlay-gradient":""},"tablet":{"background-color":"var(--ast-global-color-4)","background-image":"","background-repeat":"repeat","background-position":"center center","background-size":"auto","background-attachment":"scroll","background-type":"","background-media":"","overlay-type":"","overlay-color":"","overlay-opacity":"","overlay-gradient":""},"mobile":{"background-color":"var(--ast-global-color-4)","background-image":"","background-repeat":"repeat","background-position":"center center","background-size":"auto","background-attachment":"scroll","background-type":"","background-media":"","overlay-type":"","overlay-color":"","overlay-opacity":"","overlay-gradient":""}},"footnotes":""},"class_list":["post-3071","page","type-page","status-publish","hentry"],"_links":{"self":[{"href":"https:\/\/ongunpartners.com\/fr\/wp-json\/wp\/v2\/pages\/3071","targetHints":{"allow":["GET"]}}],"collection":[{"href":"https:\/\/ongunpartners.com\/fr\/wp-json\/wp\/v2\/pages"}],"about":[{"href":"https:\/\/ongunpartners.com\/fr\/wp-json\/wp\/v2\/types\/page"}],"author":[{"embeddable":true,"href":"https:\/\/ongunpartners.com\/fr\/wp-json\/wp\/v2\/users\/1"}],"replies":[{"embeddable":true,"href":"https:\/\/ongunpartners.com\/fr\/wp-json\/wp\/v2\/comments?post=3071"}],"version-history":[{"count":5,"href":"https:\/\/ongunpartners.com\/fr\/wp-json\/wp\/v2\/pages\/3071\/revisions"}],"predecessor-version":[{"id":3076,"href":"https:\/\/ongunpartners.com\/fr\/wp-json\/wp\/v2\/pages\/3071\/revisions\/3076"}],"wp:attachment":[{"href":"https:\/\/ongunpartners.com\/fr\/wp-json\/wp\/v2\/media?parent=3071"}],"curies":[{"name":"wp","href":"https:\/\/api.w.org\/{rel}","templated":true}]}}