{"id":3062,"date":"2026-01-08T14:43:02","date_gmt":"2026-01-08T14:43:02","guid":{"rendered":"https:\/\/ongunpartners.com\/?page_id=3062"},"modified":"2026-01-08T14:44:19","modified_gmt":"2026-01-08T14:44:19","slug":"methodes-alternatives-de-resolution-des-conflits-et-litiges","status":"publish","type":"page","link":"https:\/\/ongunpartners.com\/fr\/alternatif-uyusmazlik-cozum-yontemleri-ve-dava-takibi\/","title":{"rendered":"Modes alternatifs de r\u00e9solution des conflits et suivi des litiges"},"content":{"rendered":"<div data-elementor-type=\"wp-page\" data-elementor-id=\"3062\" class=\"elementor elementor-3062\">\n\t\t\t\t<div class=\"elementor-element elementor-element-3decafa e-flex e-con-boxed e-con e-parent\" data-id=\"3decafa\" data-element_type=\"container\" data-e-type=\"container\">\n\t\t\t\t\t<div class=\"e-con-inner\">\n\t\t\t\t<div class=\"elementor-element elementor-element-98c7358 elementor-widget elementor-widget-html\" data-id=\"98c7358\" data-element_type=\"widget\" data-e-type=\"widget\" data-widget_type=\"html.default\">\n\t\t\t\t\t<div class=\"policy-doc\">\r\n    <h2>Modes alternatifs de r\u00e9solution des conflits et suivi des litiges<\/h2>\r\n    \r\n    \r\n    Notre cabinet d'avocats privil\u00e9gie des m\u00e9thodes de r\u00e9solution pacifiques et constructives dans le traitement des litiges juridiques de nos clients. Dans ce cadre, nous recourons efficacement aux m\u00e9canismes extrajudiciaires que sont la m\u00e9diation et l'arbitrage, dans le but de pr\u00e9server les relations commerciales et personnelles et d'\u00e9tablir des accords durables.\r\n\r\n    <br><br>\r\n    \r\n    Lorsqu'un accord amiable ne peut \u00eatre trouv\u00e9, nous engageons la proc\u00e9dure judiciaire. Nous repr\u00e9sentons nos clients devant les juridictions comp\u00e9tentes aussi bien dans les affaires relevant du droit priv\u00e9 (droit commercial, droit des obligations, droit du travail, droit de la consommation, etc.) que dans les litiges connexes relevant du droit administratif, du droit fiscal et du droit p\u00e9nal.\r\n\r\n    <br><br>\r\n    \r\n    \u00c0 chaque \u00e9tape du litige, nous assurons une repr\u00e9sentation professionnelle et orient\u00e9e vers les r\u00e9sultats, visant \u00e0 d\u00e9fendre les droits de nos clients au plus haut niveau.\r\n\r\n    \r\n\r\n    \r\n    \r\n<\/div>\r\n\t\t\t\t<\/div>\n\t\t\t\t\t<\/div>\n\t\t\t\t<\/div>\n\t\t\t\t<\/div>","protected":false},"excerpt":{"rendered":"<p>Alternatif Uyu\u015fmazl\u0131k \u00c7\u00f6z\u00fcm Y\u00f6ntemleri ve Dava Takibi Hukuk b\u00fcromuz, m\u00fcvekkillerimizin hukuki ihtilaflar\u0131n\u0131 \u00e7\u00f6z\u00fcme kavu\u015ftururken, \u00f6ncelikli olarak sulh odakl\u0131 ve yap\u0131c\u0131 [&hellip;]<\/p>\n","protected":false},"author":1,"featured_media":0,"parent":0,"menu_order":0,"comment_status":"closed","ping_status":"closed","template":"","meta":{"site-sidebar-layout":"no-sidebar","site-content-layout":"","ast-site-content-layout":"full-width-container","site-content-style":"default","site-sidebar-style":"default","ast-global-header-display":"","ast-banner-title-visibility":"","ast-main-header-display":"","ast-hfb-above-header-display":"","ast-hfb-below-header-display":"","ast-hfb-mobile-header-display":"","site-post-title":"disabled","ast-breadcrumbs-content":"","ast-featured-img":"disabled","footer-sml-layout":"","ast-disable-related-posts":"","theme-transparent-header-meta":"","adv-header-id-meta":"","stick-header-meta":"","header-above-stick-meta":"","header-main-stick-meta":"","header-below-stick-meta":"","astra-migrate-meta-layouts":"default","ast-page-background-enabled":"default","ast-page-background-meta":{"desktop":{"background-color":"var(--ast-global-color-5)","background-image":"","background-repeat":"repeat","background-position":"center center","background-size":"auto","background-attachment":"scroll","background-type":"","background-media":"","overlay-type":"","overlay-color":"","overlay-opacity":"","overlay-gradient":""},"tablet":{"background-color":"","background-image":"","background-repeat":"repeat","background-position":"center center","background-size":"auto","background-attachment":"scroll","background-type":"","background-media":"","overlay-type":"","overlay-color":"","overlay-opacity":"","overlay-gradient":""},"mobile":{"background-color":"","background-image":"","background-repeat":"repeat","background-position":"center center","background-size":"auto","background-attachment":"scroll","background-type":"","background-media":"","overlay-type":"","overlay-color":"","overlay-opacity":"","overlay-gradient":""}},"ast-content-background-meta":{"desktop":{"background-color":"var(--ast-global-color-4)","background-image":"","background-repeat":"repeat","background-position":"center center","background-size":"auto","background-attachment":"scroll","background-type":"","background-media":"","overlay-type":"","overlay-color":"","overlay-opacity":"","overlay-gradient":""},"tablet":{"background-color":"var(--ast-global-color-4)","background-image":"","background-repeat":"repeat","background-position":"center center","background-size":"auto","background-attachment":"scroll","background-type":"","background-media":"","overlay-type":"","overlay-color":"","overlay-opacity":"","overlay-gradient":""},"mobile":{"background-color":"var(--ast-global-color-4)","background-image":"","background-repeat":"repeat","background-position":"center center","background-size":"auto","background-attachment":"scroll","background-type":"","background-media":"","overlay-type":"","overlay-color":"","overlay-opacity":"","overlay-gradient":""}},"footnotes":""},"class_list":["post-3062","page","type-page","status-publish","hentry"],"_links":{"self":[{"href":"https:\/\/ongunpartners.com\/fr\/wp-json\/wp\/v2\/pages\/3062","targetHints":{"allow":["GET"]}}],"collection":[{"href":"https:\/\/ongunpartners.com\/fr\/wp-json\/wp\/v2\/pages"}],"about":[{"href":"https:\/\/ongunpartners.com\/fr\/wp-json\/wp\/v2\/types\/page"}],"author":[{"embeddable":true,"href":"https:\/\/ongunpartners.com\/fr\/wp-json\/wp\/v2\/users\/1"}],"replies":[{"embeddable":true,"href":"https:\/\/ongunpartners.com\/fr\/wp-json\/wp\/v2\/comments?post=3062"}],"version-history":[{"count":5,"href":"https:\/\/ongunpartners.com\/fr\/wp-json\/wp\/v2\/pages\/3062\/revisions"}],"predecessor-version":[{"id":3067,"href":"https:\/\/ongunpartners.com\/fr\/wp-json\/wp\/v2\/pages\/3062\/revisions\/3067"}],"wp:attachment":[{"href":"https:\/\/ongunpartners.com\/fr\/wp-json\/wp\/v2\/media?parent=3062"}],"curies":[{"name":"wp","href":"https:\/\/api.w.org\/{rel}","templated":true}]}}