{"id":3053,"date":"2026-01-08T14:35:54","date_gmt":"2026-01-08T14:35:54","guid":{"rendered":"https:\/\/ongunpartners.com\/?page_id=3053"},"modified":"2026-01-08T14:41:56","modified_gmt":"2026-01-08T14:41:56","slug":"conseil-en-matiere-de-conformite-juridique-et-de-gestion-des-risques","status":"publish","type":"page","link":"https:\/\/ongunpartners.com\/fr\/yasal-uyum-ve-risk-yonetimi-danismanligi\/","title":{"rendered":"Conseil en mati\u00e8re de conformit\u00e9 juridique et de gestion des risques"},"content":{"rendered":"<div data-elementor-type=\"wp-page\" data-elementor-id=\"3053\" class=\"elementor elementor-3053\">\n\t\t\t\t<div class=\"elementor-element elementor-element-6d40c05 e-flex e-con-boxed e-con e-parent\" data-id=\"6d40c05\" data-element_type=\"container\" data-e-type=\"container\">\n\t\t\t\t\t<div class=\"e-con-inner\">\n\t\t\t\t<div class=\"elementor-element elementor-element-91e618b elementor-widget elementor-widget-html\" data-id=\"91e618b\" data-element_type=\"widget\" data-e-type=\"widget\" data-widget_type=\"html.default\">\n\t\t\t\t\t<div class=\"policy-doc\">\r\n    <h2>Conseil en mati\u00e8re de conformit\u00e9 juridique et de gestion des risques<\/h2>\r\n    \r\n    \r\n    Dans le monde des affaires en constante \u00e9volution, il est essentiel de se conformer \u00e0 la l\u00e9gislation en vigueur et aux r\u00e9glementations changeantes afin d'\u00e9viter que les entreprises ne soient confront\u00e9es \u00e0 des sanctions administratives et d'assurer la continuit\u00e9 de leurs activit\u00e9s.\r\n\r\n    <br><br>\r\n    \r\n    Notre cabinet contr\u00f4le le niveau de conformit\u00e9 juridique de nos clients op\u00e9rant dans divers secteurs tels que les \u00e9tablissements financiers, la sant\u00e9, le commerce de d\u00e9tail et l'\u00e9nergie. Nous analysons les processus op\u00e9rationnels en cours ainsi que les proc\u00e9dures de gouvernance d'entreprise, identifions les risques et en rendons compte \u00e0 la direction g\u00e9n\u00e9rale. Nous \u00e9tablissons ensuite la feuille de route n\u00e9cessaire pour mettre l'ensemble des activit\u00e9s de l'entreprise en conformit\u00e9 avec la l\u00e9gislation, et organisons des formations internes en mati\u00e8re de conformit\u00e9.\r\n\r\n    <br><br>\r\n    \r\n    Nos services de conseil en conformit\u00e9 se concentrent notamment sur le droit de la concurrence, la protection des donn\u00e9es personnelles, la lutte contre la corruption et le droit du travail. Dans ces domaines, nous concevons et mettons en \u0153uvre des programmes de conformit\u00e9 complets adapt\u00e9s aux besoins sp\u00e9cifiques de nos clients :\r\n\r\n    \r\n\r\n    \r\n    \r\n<\/div>\r\n\t\t\t\t<\/div>\n\t\t\t\t<div class=\"elementor-element elementor-element-7d03edc elementor-widget elementor-widget-html\" data-id=\"7d03edc\" data-element_type=\"widget\" data-e-type=\"widget\" data-widget_type=\"html.default\">\n\t\t\t\t\t<div class=\"policy-doc\">\r\n\r\n    <strong>Programmes de conformit\u00e9 en droit de la concurrence : <\/strong>Nous proc\u00e9dons \u00e0 des \u00e9valuations rapides adapt\u00e9es \u00e0 la structure et aux risques propres \u00e0 chaque entreprise, et mettons en place les mesures n\u00e9cessaires pour \u00e9liminer les risques li\u00e9s au droit de la concurrence, en les accompagnant de formations cibl\u00e9es.\r\n\r\n    <br><br>\r\n    \r\n    <strong>Programmes de conformit\u00e9 en mati\u00e8re de protection des donn\u00e9es personnelles : <\/strong>Ces programmes visent \u00e0 identifier avec pr\u00e9cision les obligations l\u00e9gales de nos clients, \u00e0 d\u00e9tecter les risques internes, \u00e0 \u00e9laborer les politiques et documents relatifs au traitement des donn\u00e9es, \u00e0 former le personnel concern\u00e9 et \u00e0 satisfaire aux obligations l\u00e9gales de mani\u00e8re adapt\u00e9e au fonctionnement de l'entreprise.\r\n\r\n    <br><br>\r\n    \r\n    <strong>Programmes de conformit\u00e9 en mati\u00e8re de lutte contre la corruption : <\/strong>Nous proposons des programmes personnalis\u00e9s, fond\u00e9s sur les faits propres \u00e0 chaque dossier, visant \u00e0 garantir la s\u00e9curit\u00e9 juridique des entreprises clientes et \u00e0 anticiper et \u00e9liminer les risques de corruption comportant des incertitudes significatives.\r\n\r\n    <br><br>\r\n    \r\n    <strong>Programmes de conformit\u00e9 en droit du travail : <\/strong>Nous visons \u00e0 assurer la pleine conformit\u00e9 l\u00e9gale par l'\u00e9laboration de politiques internes en droit du travail, la diffusion d'informations sur la l\u00e9gislation et la jurisprudence, la prise de mesures pr\u00e9ventives face aux risques, et la formation des collaborateurs responsables des processus li\u00e9s aux relations de travail.\r\n\r\n    \r\n    <br><br>\r\n    \r\n    Gr\u00e2ce \u00e0 notre approche centr\u00e9e sur le client, nous veillons \u00e0 ce que les processus op\u00e9rationnels se d\u00e9roulent de mani\u00e8re conforme \u00e0 la loi, efficace et s\u00e9curis\u00e9e, tout en minimisant les risques juridiques.\r\n    \r\n    \r\n<\/div>\r\n\t\t\t\t<\/div>\n\t\t\t\t\t<\/div>\n\t\t\t\t<\/div>\n\t\t\t\t<\/div>","protected":false},"excerpt":{"rendered":"<p>Yasal Uyum ve Risk Y\u00f6netimi Dan\u0131\u015fmanl\u0131\u011f\u0131 \u0130\u015f d\u00fcnyas\u0131n\u0131n h\u0131zla de\u011fi\u015fen yap\u0131s\u0131nda, \u015firketlerin idari para cezalar\u0131yla kar\u015f\u0131la\u015fmas\u0131n\u0131 \u00f6nlemek ve operasyonel s\u00fcreklili\u011fi [&hellip;]<\/p>\n","protected":false},"author":1,"featured_media":0,"parent":0,"menu_order":0,"comment_status":"closed","ping_status":"closed","template":"","meta":{"site-sidebar-layout":"no-sidebar","site-content-layout":"","ast-site-content-layout":"full-width-container","site-content-style":"default","site-sidebar-style":"default","ast-global-header-display":"","ast-banner-title-visibility":"","ast-main-header-display":"","ast-hfb-above-header-display":"","ast-hfb-below-header-display":"","ast-hfb-mobile-header-display":"","site-post-title":"disabled","ast-breadcrumbs-content":"","ast-featured-img":"disabled","footer-sml-layout":"","ast-disable-related-posts":"","theme-transparent-header-meta":"","adv-header-id-meta":"","stick-header-meta":"","header-above-stick-meta":"","header-main-stick-meta":"","header-below-stick-meta":"","astra-migrate-meta-layouts":"default","ast-page-background-enabled":"default","ast-page-background-meta":{"desktop":{"background-color":"var(--ast-global-color-5)","background-image":"","background-repeat":"repeat","background-position":"center center","background-size":"auto","background-attachment":"scroll","background-type":"","background-media":"","overlay-type":"","overlay-color":"","overlay-opacity":"","overlay-gradient":""},"tablet":{"background-color":"","background-image":"","background-repeat":"repeat","background-position":"center center","background-size":"auto","background-attachment":"scroll","background-type":"","background-media":"","overlay-type":"","overlay-color":"","overlay-opacity":"","overlay-gradient":""},"mobile":{"background-color":"","background-image":"","background-repeat":"repeat","background-position":"center center","background-size":"auto","background-attachment":"scroll","background-type":"","background-media":"","overlay-type":"","overlay-color":"","overlay-opacity":"","overlay-gradient":""}},"ast-content-background-meta":{"desktop":{"background-color":"var(--ast-global-color-4)","background-image":"","background-repeat":"repeat","background-position":"center center","background-size":"auto","background-attachment":"scroll","background-type":"","background-media":"","overlay-type":"","overlay-color":"","overlay-opacity":"","overlay-gradient":""},"tablet":{"background-color":"var(--ast-global-color-4)","background-image":"","background-repeat":"repeat","background-position":"center center","background-size":"auto","background-attachment":"scroll","background-type":"","background-media":"","overlay-type":"","overlay-color":"","overlay-opacity":"","overlay-gradient":""},"mobile":{"background-color":"var(--ast-global-color-4)","background-image":"","background-repeat":"repeat","background-position":"center center","background-size":"auto","background-attachment":"scroll","background-type":"","background-media":"","overlay-type":"","overlay-color":"","overlay-opacity":"","overlay-gradient":""}},"footnotes":""},"class_list":["post-3053","page","type-page","status-publish","hentry"],"_links":{"self":[{"href":"https:\/\/ongunpartners.com\/fr\/wp-json\/wp\/v2\/pages\/3053","targetHints":{"allow":["GET"]}}],"collection":[{"href":"https:\/\/ongunpartners.com\/fr\/wp-json\/wp\/v2\/pages"}],"about":[{"href":"https:\/\/ongunpartners.com\/fr\/wp-json\/wp\/v2\/types\/page"}],"author":[{"embeddable":true,"href":"https:\/\/ongunpartners.com\/fr\/wp-json\/wp\/v2\/users\/1"}],"replies":[{"embeddable":true,"href":"https:\/\/ongunpartners.com\/fr\/wp-json\/wp\/v2\/comments?post=3053"}],"version-history":[{"count":5,"href":"https:\/\/ongunpartners.com\/fr\/wp-json\/wp\/v2\/pages\/3053\/revisions"}],"predecessor-version":[{"id":3058,"href":"https:\/\/ongunpartners.com\/fr\/wp-json\/wp\/v2\/pages\/3053\/revisions\/3058"}],"wp:attachment":[{"href":"https:\/\/ongunpartners.com\/fr\/wp-json\/wp\/v2\/media?parent=3053"}],"curies":[{"name":"wp","href":"https:\/\/api.w.org\/{rel}","templated":true}]}}