{"id":2286,"date":"2025-10-02T12:55:11","date_gmt":"2025-10-02T12:55:11","guid":{"rendered":"http:\/\/gulseren-law-local.local\/?page_id=1215"},"modified":"2026-01-09T10:55:15","modified_gmt":"2026-01-09T10:55:15","slug":"formulaire-de-demande-pour-les-personnes-concernees","status":"publish","type":"page","link":"https:\/\/ongunpartners.com\/fr\/veri-sahibi-basvuru-formu\/","title":{"rendered":"Le Formulaire de demande des personnes concern\u00e9es"},"content":{"rendered":"<div data-elementor-type=\"wp-page\" data-elementor-id=\"2286\" class=\"elementor elementor-2286\">\n\t\t\t\t<div class=\"elementor-element elementor-element-cfe6883 e-flex e-con-boxed e-con e-parent\" data-id=\"cfe6883\" data-element_type=\"container\" data-e-type=\"container\">\n\t\t\t\t\t<div class=\"e-con-inner\">\n\t\t<div class=\"elementor-element elementor-element-085390a e-con-full e-flex e-con e-child\" data-id=\"085390a\" data-element_type=\"container\" data-e-type=\"container\">\n\t\t\t\t<div class=\"elementor-element elementor-element-8a48d39 elementor-widget elementor-widget-heading\" data-id=\"8a48d39\" data-element_type=\"widget\" data-e-type=\"widget\" data-widget_type=\"heading.default\">\n\t\t\t\t\t<h5 class=\"elementor-heading-title elementor-size-default\">Politiques connexes<\/h5>\t\t\t\t<\/div>\n\t\t\t\t<div class=\"elementor-element elementor-element-3ab2e37 elementor-widget elementor-widget-heading\" data-id=\"3ab2e37\" data-element_type=\"widget\" data-e-type=\"widget\" data-widget_type=\"heading.default\">\n\t\t\t\t\t<div class=\"elementor-heading-title elementor-size-default\"><a href=\"http:\/\/ongunpartners.com\/fr\/politique-de-confidentialite\/\">Politique de confidentialit\u00e9<\/a><\/div>\t\t\t\t<\/div>\n\t\t\t\t<div class=\"elementor-element elementor-element-eb1af0b elementor-widget elementor-widget-heading\" data-id=\"eb1af0b\" data-element_type=\"widget\" data-e-type=\"widget\" data-widget_type=\"heading.default\">\n\t\t\t\t\t<div class=\"elementor-heading-title elementor-size-default\"><a href=\"http:\/\/ongunpartners.com\/fr\/politique-de-perez\/\">Politique en mati\u00e8re de cookies<\/a><\/div>\t\t\t\t<\/div>\n\t\t\t\t<div class=\"elementor-element elementor-element-e787166 elementor-widget elementor-widget-heading\" data-id=\"e787166\" data-element_type=\"widget\" data-e-type=\"widget\" data-widget_type=\"heading.default\">\n\t\t\t\t\t<div class=\"elementor-heading-title elementor-size-default\"><a href=\"http:\/\/ongunpartners.com\/fr\/conditions-dutilisation\/\">Conditions d\u2019utilisation<\/a><\/div>\t\t\t\t<\/div>\n\t\t\t\t<div class=\"elementor-element elementor-element-1e9bdc2 elementor-widget elementor-widget-heading\" data-id=\"1e9bdc2\" data-element_type=\"widget\" data-e-type=\"widget\" data-widget_type=\"heading.default\">\n\t\t\t\t\t<div class=\"elementor-heading-title elementor-size-default\"><a href=\"http:\/\/ongunpartners.com\/fr\/clause-de-non-responsabilite\/\">Clause de non-responsabilit\u00e9<\/a><\/div>\t\t\t\t<\/div>\n\t\t\t\t<div class=\"elementor-element elementor-element-8837ece elementor-widget elementor-widget-heading\" data-id=\"8837ece\" data-element_type=\"widget\" data-e-type=\"widget\" data-widget_type=\"heading.default\">\n\t\t\t\t\t<div class=\"elementor-heading-title elementor-size-default\"><a href=\"http:\/\/ongunpartners.com\/fr\/avertissement-juridique\/\">Mentions Legales<\/a><\/div>\t\t\t\t<\/div>\n\t\t\t\t<div class=\"elementor-element elementor-element-995c4c1 elementor-widget elementor-widget-heading\" data-id=\"995c4c1\" data-element_type=\"widget\" data-e-type=\"widget\" data-widget_type=\"heading.default\">\n\t\t\t\t\t<div class=\"elementor-heading-title elementor-size-default\"><a href=\"http:\/\/ongunpartners.com\/fr\/formulaire-de-conseil-texte-de-divulgation\/\">Texte d\u2019Information Relatif au Formulaire de Consultation<\/a><\/div>\t\t\t\t<\/div>\n\t\t\t\t<div class=\"elementor-element elementor-element-e60917e elementor-widget elementor-widget-heading\" data-id=\"e60917e\" data-element_type=\"widget\" data-e-type=\"widget\" data-widget_type=\"heading.default\">\n\t\t\t\t\t<div class=\"elementor-heading-title elementor-size-default\"><a href=\"http:\/\/ongunpartners.com\/fr\/formulaire-de-demande-pour-les-personnes-concernees\/\">Le Formulaire de demande des personnes concern\u00e9es<\/a><\/div>\t\t\t\t<\/div>\n\t\t\t\t<div class=\"elementor-element elementor-element-64a2163 elementor-widget elementor-widget-heading\" data-id=\"64a2163\" data-element_type=\"widget\" data-e-type=\"widget\" data-widget_type=\"heading.default\">\n\t\t\t\t\t<div class=\"elementor-heading-title elementor-size-default\"><a href=\"http:\/\/ongunpartners.com\/fr\/bulletin-electronique-texte-dinformation-sur-labonnement\/\">Texte d\u2019Information Relatif \u00e0 l\u2019Abonnement au Bulletin \u00c9lectronique (E-Bulletin)<\/a><\/div>\t\t\t\t<\/div>\n\t\t\t\t<\/div>\n\t\t<div class=\"elementor-element elementor-element-e2cc987 e-con-full e-flex e-con e-child\" data-id=\"e2cc987\" data-element_type=\"container\" data-e-type=\"container\">\n\t\t\t\t<div class=\"elementor-element elementor-element-72f7e44 elementor-widget elementor-widget-html\" data-id=\"72f7e44\" data-element_type=\"widget\" data-e-type=\"widget\" data-widget_type=\"html.default\">\n\t\t\t\t\t<div class=\"policy-doc\">\r\n    <h4>FORMULAIRE DE DEMANDE DES PERSONNES CONCERN\u00c9ES<\/h4>\r\n    \r\n    \r\n    <strong>Identit\u00e9 et coordonn\u00e9es de la personne concern\u00e9e<\/strong>\r\n   \r\n    \r\n<\/div>\r\n\t\t\t\t<\/div>\n\t\t\t\t<div class=\"elementor-element elementor-element-f335fa2 elementor-widget elementor-widget-html\" data-id=\"f335fa2\" data-element_type=\"widget\" data-e-type=\"widget\" data-widget_type=\"html.default\">\n\t\t\t\t\t<div class=\"policy-doc\">\r\n    <table class=\"policy-table\">\r\n        <tbody>\r\n            <tr>\r\n              <td>Nom - Pr\u00e9nom*<\/td>\r\n              <td><\/td>\r\n            <\/tr>\r\n          \r\n            <tr>\r\n              <td>Num\u00e9ro d\u2019identit\u00e9 de la R\u00e9publique de Turquie, le cas \u00e9ch\u00e9ant num\u00e9ro de passeport pour les personnes \u00e9trang\u00e8res ou num\u00e9ro d\u2019identification, *<\/td>\r\n              <td><\/td>\r\n            <\/tr>\r\n            \r\n            <tr>\r\n              <td>Num\u00e9ro de t\u00e9l\u00e9phone*<\/td>\r\n              <td><\/td>\r\n            <\/tr>\r\n            \r\n            <tr>\r\n              <td>Adresse<sup>1<\/sup>*<\/td>\r\n              <td><\/td>\r\n            <\/tr>\r\n            \r\n            <tr>\r\n              <td>Adresse \u00e9lectronique*<\/td>\r\n              <td><\/td>\r\n            <\/tr>\r\n            \r\n            <tr>\r\n              <td>Votre relation avec le cabinet d'avocats G\u00dcLSEREN \u00d6NG\u00dcN<\/td>\r\n              <td>(Client, visiteur, partenaire commercial, candidat \u00e0 l\u2019emploi, ancien employ\u00e9, employ\u00e9 d\u2019une soci\u00e9t\u00e9 tierce, actionnaire, etc.)<\/td>\r\n            <\/tr>\r\n            \r\n            <tr>\r\n              <td>Unit\u00e9 ou personne avec laquelle vous \u00eates en contact au sein du cabinet d'avocats G\u00dcLSEREN \u00d6NG\u00dcN<\/td>\r\n              <td><\/td>\r\n            <\/tr>\r\n        <\/tbody>\r\n    <\/table>\r\n<\/div>\r\n\t\t\t\t<\/div>\n\t\t\t\t<div class=\"elementor-element elementor-element-0f24cb3 elementor-widget elementor-widget-html\" data-id=\"0f24cb3\" data-element_type=\"widget\" data-e-type=\"widget\" data-widget_type=\"html.default\">\n\t\t\t\t\t<div class=\"policy-doc\">\r\n    * Les champs marqu\u00e9s d\u2019un ast\u00e9risque sont obligatoires.\r\n    \r\n    <br><br>\r\n    \r\n    <sup>1<\/sup> Si vous souhaitez que la r\u00e9ponse vous soit adress\u00e9e par voie postale, veuillez indiquer une adresse de domicile.\r\n\r\n<\/div>\r\n<br>\t\t\t\t<\/div>\n\t\t\t\t<div class=\"elementor-element elementor-element-00cca4f elementor-widget elementor-widget-html\" data-id=\"00cca4f\" data-element_type=\"widget\" data-e-type=\"widget\" data-widget_type=\"html.default\">\n\t\t\t\t\t<div class=\"policy-doc\">\r\n    <h4>Choix du ou des droits que vous souhaitez exercer*<\/h4>\r\n    (Veuillez cocher la ou les case(s) correspondant \u00e0 votre demande)\r\n    \r\n    <br>\r\n    \r\n    <table class=\"policy-table\">\r\n        <tbody>\r\n            <tr>\r\n              <td><\/td>\r\n              <td>Savoir si le cabinet d'avocats G\u00dcLSEREN \u00d6NG\u00dcN traite des donn\u00e9es \u00e0 caract\u00e8re personnel me concernant.<\/td>\r\n            <\/tr>\r\n          \r\n            <tr>\r\n              <td><\/td>\r\n              <td>Si des donn\u00e9es personnelles me concernant sont trait\u00e9es, demander des informations sur ces activit\u00e9s de traitement.<\/td>\r\n            <\/tr>\r\n            \r\n            <tr>\r\n              <td><\/td>\r\n              <td>Conna\u00eetre la finalit\u00e9 du traitement de mes donn\u00e9es personnelles et v\u00e9rifier si elles sont utilis\u00e9es conform\u00e9ment \u00e0 cette finalit\u00e9.<\/td>\r\n            <\/tr>\r\n            \r\n            \r\n            \r\n            <tr>\r\n              <td><\/td>\r\n              <td>Conna\u00eetre les tiers auxquels mes donn\u00e9es personnelles sont transf\u00e9r\u00e9es, en Turquie ou \u00e0 l\u2019\u00e9tranger.<\/td>\r\n            <\/tr>\r\n            \r\n            <tr>\r\n              <td><\/td>\r\n              <td>Estimer que mes donn\u00e9es personnelles sont incompl\u00e8tes ou trait\u00e9es de mani\u00e8re incorrecte, demander leur rectification.\n(Pour cette demande, les informations\/documents que vous estimez incorrects ou incomplets ainsi que les documents prouvant l\u2019exactitude des donn\u00e9es doivent \u00eatre joints.)<\/td>\r\n            <\/tr>\r\n            \r\n            <tr>\r\n              <td><\/td>\r\n              <td>Consid\u00e9rer que les motifs justifiant le traitement de mes donn\u00e9es personnelles ont disparu, demander leur effacement, destruction ou anonymisation, par la m\u00e9thode appropri\u00e9e.<\/td>\r\n            <\/tr>\r\n            \r\n            <tr>\r\n              <td><\/td>\r\n              <td>Demander que les corrections apport\u00e9es \u00e0 mes donn\u00e9es personnelles soient notifi\u00e9es aux tiers auxquels elles ont \u00e9t\u00e9 transf\u00e9r\u00e9es.\r\n              \r\n                <br><br>\r\n                \r\n                <em>Pour ce point demand\u00e9, les informations\/documents que vous jugez incorrects ou incomplets et que vous souhaitez voir corrig\u00e9s, ainsi que les informations\/documents montrant que vos donn\u00e9es personnelles sont correctes et compl\u00e9mentaires, doivent nous \u00eatre envoy\u00e9s en pi\u00e8ce jointe.<\/em>\r\n              \r\n              <\/td>\r\n            <\/tr>\r\n        <\/tbody>\r\n    <\/table>\r\n    *Il s'agit d'informations obligatoires \u00e0 inclure dans le formulaire faisant l'objet de la demande.\r\n<\/div>\r\n<br>\t\t\t\t<\/div>\n\t\t\t\t<div class=\"elementor-element elementor-element-6d1dbac elementor-widget elementor-widget-html\" data-id=\"6d1dbac\" data-element_type=\"widget\" data-e-type=\"widget\" data-widget_type=\"html.default\">\n\t\t\t\t\t<div class=\"policy-doc\">\r\n    <h4>Explication de la demande<\/h4>\r\n    (Veuillez d\u00e9tailler votre demande en pr\u00e9cisant les donn\u00e9es personnelles concern\u00e9es et le cas \u00e9ch\u00e9ant le fondement juridique.)\r\n    \r\n    \r\n    <table class=\"policy-table\">\r\n        <tbody>\r\n            <tr>\r\n              <td>\r\n                  <br><br><br><br><br><br>\r\n                  \r\n              <\/td>\r\n            <\/tr>\r\n          \r\n            \r\n        <\/tbody>\r\n    <\/table>\r\n\r\n<\/div>\r\n<br>\t\t\t\t<\/div>\n\t\t\t\t<div class=\"elementor-element elementor-element-eeb34b0 elementor-widget elementor-widget-html\" data-id=\"eeb34b0\" data-element_type=\"widget\" data-e-type=\"widget\" data-widget_type=\"html.default\">\n\t\t\t\t\t<div class=\"policy-doc\">\r\n    Pi\u00e8ces jointes\r\n    <br>\r\n    Veuillez indiquer si vous joignez des documents \u00e0 l\u2019appui de votre demande.\r\n    <br>\r\n    <div class=\"dot-lines\">\r\n      <div class=\"dot-line\"><\/div>\r\n      <div class=\"dot-line\"><\/div>\r\n      <div class=\"dot-line\"><\/div>\r\n    <\/div>\r\n    \r\n    <br>\r\n    \r\n    Veuillez s\u00e9lectionner de quelle mani\u00e8re vous souhaitez \u00eatre inform\u00e9e de la r\u00e9ponse:\r\n    \r\n    <br>\r\n    <div class=\"policy-checkbox\">\r\n      <span class=\"checkbox-box\"><\/span>\r\n      <span class=\"checkbox-text\">Envoi par courrier postal<\/span>\r\n    <\/div>\r\n    <div class=\"policy-checkbox\">\r\n      <span class=\"checkbox-box\"><\/span>\r\n      <span class=\"checkbox-text\">Envoi par courrier \u00e9lectronique<\/span>\r\n    <\/div>\r\n    <div class=\"policy-checkbox\">\r\n      <span class=\"checkbox-box\"><\/span>\r\n      <span class=\"checkbox-text\">Remise en main propre<\/span>\r\n    <\/div>\r\n<\/div>\r\n<br>\t\t\t\t<\/div>\n\t\t\t\t<div class=\"elementor-element elementor-element-40cc638 elementor-widget elementor-widget-html\" data-id=\"40cc638\" data-element_type=\"widget\" data-e-type=\"widget\" data-widget_type=\"html.default\">\n\t\t\t\t\t<div class=\"policy-doc\">\r\n    <h4>D\u00e9claration du cabinet d'avocats G\u00dcLSEREN \u00d6NG\u00dcN<\/h4>\r\n    Le pr\u00e9sent formulaire est utilis\u00e9 afin de permettre \u00e0 le cabinet d'avocats G\u00dcLSEREN \u00d6NG\u00dcN de r\u00e9pondre \u00e0 votre demande dans les d\u00e9lais l\u00e9gaux, le cas \u00e9ch\u00e9ant, par le traitement de vos donn\u00e9es personnelles.\nSi les informations fournies sont incompl\u00e8tes, inexactes ou bien si une demande non autoris\u00e9e est introduite, le cabinet d'avocats G\u00dcLSEREN \u00d6NG\u00dcN d\u00e9cline toute responsabilit\u00e9 en cas de retard ou de non-traitement de la demande.\nToutes les informations demand\u00e9es dans ce formulaire doivent \u00eatre compl\u00e8tes et exactes. Le demandeur est seul responsable de toute demande ill\u00e9gale, trompeuse ou mensong\u00e8re.\nSi la r\u00e9ponse est fournie par \u00e9crit, aucuns frais ne seront factur\u00e9s pour les dix (10) premi\u00e8res pages. Au-del\u00e0, des frais pourront \u00eatre factur\u00e9s.\r\n    <br><br>\r\n    \r\n    Si la r\u00e9ponse est fournie sur un support d\u2019enregistrement (CD, cl\u00e9 USB, CD-ROM), les frais factur\u00e9s ne d\u00e9passeront pas le co\u00fbt du support.\r\n\r\n    <br><br>\r\n    \r\n    <strong>D\u00e9claration du demandeur<\/strong>\r\n    \r\n    <br><br>\r\n    \r\n    Je demande que ma requ\u00eate adress\u00e9e \u00e0 le cabinet d'avocats G\u00dcLSEREN \u00d6NG\u00dcN soit examin\u00e9e et que je sois inform\u00e9(e) conform\u00e9ment \u00e0 la l\u00e9gislation applicable.\r\n\r\n    <br><br>\r\n    \r\n    <strong>Propri\u00e9taire des donn\u00e9es personnelles \/ Personne agissant pour le compte d\u2019un tiers<sup>2<\/sup><\/strong>\r\n    \r\n    <br><br>\r\n    \r\n    <strong>Nom - Pr\u00e9nom :<\/strong>\r\n    <br>\r\n    <strong>Date de la demande :<\/strong>\r\n    <br>\r\n    <strong>Signature :<\/strong>\r\n<\/div>\r\n<br>\t\t\t\t<\/div>\n\t\t\t\t<div class=\"elementor-element elementor-element-818ea85 elementor-widget elementor-widget-html\" data-id=\"818ea85\" data-element_type=\"widget\" data-e-type=\"widget\" data-widget_type=\"html.default\">\n\t\t\t\t\t<div class=\"policy-doc\">\r\n    <br><br><br><br><br>\r\n    <sup>2<\/sup> Si la demande est pr\u00e9sent\u00e9e pour le compte d\u2019une autre personne, des documents officiels attestant de l\u2019autorisation (procuration, document de tutelle, etc.) doivent \u00eatre joints. Ces documents doivent \u00eatre d\u00e9livr\u00e9s ou approuv\u00e9s par les autorit\u00e9s comp\u00e9tentes pour \u00eatre valables.\r\n\r\n<\/div>\r\n<br>\t\t\t\t<\/div>\n\t\t\t\t<\/div>\n\t\t\t\t\t<\/div>\n\t\t\t\t<\/div>\n\t\t\t\t<\/div>","protected":false},"excerpt":{"rendered":"<p>\u0130lgili Politikalar Gizlilik Politikas\u0131 \u00c7erez Politikas\u0131 Kullan\u0131m Ko\u015fullar\u0131 Feragatname Yasal Uyar\u0131 Dan\u0131\u015fma Formu Ayd\u0131nlatma Metni Veri Sahibi Ba\u015fvuru Formu E-B\u00fclten [&hellip;]<\/p>\n","protected":false},"author":1,"featured_media":0,"parent":0,"menu_order":0,"comment_status":"closed","ping_status":"closed","template":"","meta":{"site-sidebar-layout":"no-sidebar","site-content-layout":"","ast-site-content-layout":"full-width-container","site-content-style":"default","site-sidebar-style":"default","ast-global-header-display":"","ast-banner-title-visibility":"","ast-main-header-display":"","ast-hfb-above-header-display":"","ast-hfb-below-header-display":"","ast-hfb-mobile-header-display":"","site-post-title":"disabled","ast-breadcrumbs-content":"","ast-featured-img":"disabled","footer-sml-layout":"","ast-disable-related-posts":"","theme-transparent-header-meta":"","adv-header-id-meta":"","stick-header-meta":"","header-above-stick-meta":"","header-main-stick-meta":"","header-below-stick-meta":"","astra-migrate-meta-layouts":"default","ast-page-background-enabled":"default","ast-page-background-meta":{"desktop":{"background-color":"var(--ast-global-color-5)","background-image":"","background-repeat":"repeat","background-position":"center center","background-size":"auto","background-attachment":"scroll","background-type":"","background-media":"","overlay-type":"","overlay-color":"","overlay-opacity":"","overlay-gradient":""},"tablet":{"background-color":"","background-image":"","background-repeat":"repeat","background-position":"center center","background-size":"auto","background-attachment":"scroll","background-type":"","background-media":"","overlay-type":"","overlay-color":"","overlay-opacity":"","overlay-gradient":""},"mobile":{"background-color":"","background-image":"","background-repeat":"repeat","background-position":"center center","background-size":"auto","background-attachment":"scroll","background-type":"","background-media":"","overlay-type":"","overlay-color":"","overlay-opacity":"","overlay-gradient":""}},"ast-content-background-meta":{"desktop":{"background-color":"var(--ast-global-color-4)","background-image":"","background-repeat":"repeat","background-position":"center center","background-size":"auto","background-attachment":"scroll","background-type":"","background-media":"","overlay-type":"","overlay-color":"","overlay-opacity":"","overlay-gradient":""},"tablet":{"background-color":"var(--ast-global-color-4)","background-image":"","background-repeat":"repeat","background-position":"center center","background-size":"auto","background-attachment":"scroll","background-type":"","background-media":"","overlay-type":"","overlay-color":"","overlay-opacity":"","overlay-gradient":""},"mobile":{"background-color":"var(--ast-global-color-4)","background-image":"","background-repeat":"repeat","background-position":"center center","background-size":"auto","background-attachment":"scroll","background-type":"","background-media":"","overlay-type":"","overlay-color":"","overlay-opacity":"","overlay-gradient":""}},"footnotes":""},"class_list":["post-2286","page","type-page","status-publish","hentry"],"_links":{"self":[{"href":"https:\/\/ongunpartners.com\/fr\/wp-json\/wp\/v2\/pages\/2286","targetHints":{"allow":["GET"]}}],"collection":[{"href":"https:\/\/ongunpartners.com\/fr\/wp-json\/wp\/v2\/pages"}],"about":[{"href":"https:\/\/ongunpartners.com\/fr\/wp-json\/wp\/v2\/types\/page"}],"author":[{"embeddable":true,"href":"https:\/\/ongunpartners.com\/fr\/wp-json\/wp\/v2\/users\/1"}],"replies":[{"embeddable":true,"href":"https:\/\/ongunpartners.com\/fr\/wp-json\/wp\/v2\/comments?post=2286"}],"version-history":[{"count":9,"href":"https:\/\/ongunpartners.com\/fr\/wp-json\/wp\/v2\/pages\/2286\/revisions"}],"predecessor-version":[{"id":3169,"href":"https:\/\/ongunpartners.com\/fr\/wp-json\/wp\/v2\/pages\/2286\/revisions\/3169"}],"wp:attachment":[{"href":"https:\/\/ongunpartners.com\/fr\/wp-json\/wp\/v2\/media?parent=2286"}],"curies":[{"name":"wp","href":"https:\/\/api.w.org\/{rel}","templated":true}]}}