{"id":2284,"date":"2025-12-17T19:30:42","date_gmt":"2025-12-17T19:30:42","guid":{"rendered":"http:\/\/gulseren-law-local.local\/?page_id=2284"},"modified":"2026-02-08T16:19:46","modified_gmt":"2026-02-08T16:19:46","slug":"bulletin-electronique-texte-dinformation-sur-labonnement","status":"publish","type":"page","link":"https:\/\/ongunpartners.com\/fr\/e-bulten-uyeligi-aydinlatma-metni\/","title":{"rendered":"Texte d\u2019Information Relatif \u00e0 l\u2019Abonnement au Bulletin \u00c9lectronique (E-Bulletin)"},"content":{"rendered":"<div data-elementor-type=\"wp-page\" data-elementor-id=\"2284\" class=\"elementor elementor-2284\">\n\t\t\t\t<div class=\"elementor-element elementor-element-c047948 e-flex e-con-boxed e-con e-parent\" data-id=\"c047948\" data-element_type=\"container\" data-e-type=\"container\">\n\t\t\t\t\t<div class=\"e-con-inner\">\n\t\t<div class=\"elementor-element elementor-element-c91d711 e-con-full e-flex e-con e-child\" data-id=\"c91d711\" data-element_type=\"container\" data-e-type=\"container\">\n\t\t\t\t<div class=\"elementor-element elementor-element-3b7f2e2 elementor-widget elementor-widget-heading\" data-id=\"3b7f2e2\" data-element_type=\"widget\" data-e-type=\"widget\" data-widget_type=\"heading.default\">\n\t\t\t\t\t<h5 class=\"elementor-heading-title elementor-size-default\">Politiques connexes<\/h5>\t\t\t\t<\/div>\n\t\t\t\t<div class=\"elementor-element elementor-element-030bc3e elementor-widget elementor-widget-heading\" data-id=\"030bc3e\" data-element_type=\"widget\" data-e-type=\"widget\" data-widget_type=\"heading.default\">\n\t\t\t\t\t<div class=\"elementor-heading-title elementor-size-default\"><a href=\"http:\/\/ongunpartners.com\/fr\/politique-de-confidentialite\/\">Politique de confidentialit\u00e9<\/a><\/div>\t\t\t\t<\/div>\n\t\t\t\t<div class=\"elementor-element elementor-element-15092e5 elementor-widget elementor-widget-heading\" data-id=\"15092e5\" data-element_type=\"widget\" data-e-type=\"widget\" data-widget_type=\"heading.default\">\n\t\t\t\t\t<div class=\"elementor-heading-title elementor-size-default\"><a href=\"http:\/\/ongunpartners.com\/fr\/politique-de-perez\/\">Politique en mati\u00e8re de cookies<\/a><\/div>\t\t\t\t<\/div>\n\t\t\t\t<div class=\"elementor-element elementor-element-0d88963 elementor-widget elementor-widget-heading\" data-id=\"0d88963\" data-element_type=\"widget\" data-e-type=\"widget\" data-widget_type=\"heading.default\">\n\t\t\t\t\t<div class=\"elementor-heading-title elementor-size-default\"><a href=\"http:\/\/ongunpartners.com\/fr\/conditions-dutilisation\/\">Conditions d\u2019utilisation<\/a><\/div>\t\t\t\t<\/div>\n\t\t\t\t<div class=\"elementor-element elementor-element-327d825 elementor-widget elementor-widget-heading\" data-id=\"327d825\" data-element_type=\"widget\" data-e-type=\"widget\" data-widget_type=\"heading.default\">\n\t\t\t\t\t<div class=\"elementor-heading-title elementor-size-default\"><a href=\"http:\/\/ongunpartners.com\/fr\/clause-de-non-responsabilite\/\">Clause de non-responsabilit\u00e9<\/a><\/div>\t\t\t\t<\/div>\n\t\t\t\t<div class=\"elementor-element elementor-element-3644181 elementor-widget elementor-widget-heading\" data-id=\"3644181\" data-element_type=\"widget\" data-e-type=\"widget\" data-widget_type=\"heading.default\">\n\t\t\t\t\t<div class=\"elementor-heading-title elementor-size-default\"><a href=\"http:\/\/ongunpartners.com\/fr\/avertissement-juridique\/\">Mentions Legales<\/a><\/div>\t\t\t\t<\/div>\n\t\t\t\t<div class=\"elementor-element elementor-element-a81d6b5 elementor-widget elementor-widget-heading\" data-id=\"a81d6b5\" data-element_type=\"widget\" data-e-type=\"widget\" data-widget_type=\"heading.default\">\n\t\t\t\t\t<div class=\"elementor-heading-title elementor-size-default\"><a href=\"http:\/\/ongunpartners.com\/fr\/formulaire-de-conseil-texte-de-divulgation\/\">Texte d\u2019Information Relatif au Formulaire de Consultation<\/a><\/div>\t\t\t\t<\/div>\n\t\t\t\t<div class=\"elementor-element elementor-element-ff5e22c elementor-widget elementor-widget-heading\" data-id=\"ff5e22c\" data-element_type=\"widget\" data-e-type=\"widget\" data-widget_type=\"heading.default\">\n\t\t\t\t\t<div class=\"elementor-heading-title elementor-size-default\"><a href=\"http:\/\/ongunpartners.com\/fr\/formulaire-de-demande-pour-les-personnes-concernees\/\">Le Formulaire de demande des personnes concern\u00e9es<\/a><\/div>\t\t\t\t<\/div>\n\t\t\t\t<div class=\"elementor-element elementor-element-3d400ad elementor-widget elementor-widget-heading\" data-id=\"3d400ad\" data-element_type=\"widget\" data-e-type=\"widget\" data-widget_type=\"heading.default\">\n\t\t\t\t\t<div class=\"elementor-heading-title elementor-size-default\"><a href=\"http:\/\/ongunpartners.com\/fr\/bulletin-electronique-texte-dinformation-sur-labonnement\/\">Texte d\u2019Information Relatif \u00e0 l\u2019Abonnement au Bulletin \u00c9lectronique (E-Bulletin)<\/a><\/div>\t\t\t\t<\/div>\n\t\t\t\t<\/div>\n\t\t<div class=\"elementor-element elementor-element-e9e512f e-con-full e-flex e-con e-child\" data-id=\"e9e512f\" data-element_type=\"container\" data-e-type=\"container\">\n\t\t\t\t<div class=\"elementor-element elementor-element-9d37987 elementor-widget elementor-widget-html\" data-id=\"9d37987\" data-element_type=\"widget\" data-e-type=\"widget\" data-widget_type=\"html.default\">\n\t\t\t\t\t<div class=\"policy-doc\">\r\n    <h4>TEXTE D\u2019INFORMATION RELATIF \u00c0 L\u2019ABONNEMENT AU BULLETIN \u00c9LECTRONIQUE (E-BULLETIN)<\/h4>\r\n    \r\n    \r\n    Le pr\u00e9sent texte d\u2019information relatif \u00e0 l\u2019abonnement au bulletin \u00e9lectronique, pr\u00e9par\u00e9 par le cabinet d'avocats G\u00dcLSEREN \u00d6NG\u00dcN, a pour objet d\u2019informer les visiteurs du site web\r\n<a href=\"http:\/\/ongunpartners.com\/fr\/\" target=\"_blank\" rel=\"noopener\">www.ongunpartners.com<\/a> qui souhaitent s\u2019abonner au bulletin \u00e9lectronique, sur le traitement de leurs donn\u00e9es personnelles collect\u00e9es et trait\u00e9es dans le cadre de cet abonnement, conform\u00e9ment \u00e0 la loi n\u00b0 6698 sur la protection des donn\u00e9es personnelles (KVKK), au R\u00e8glement g\u00e9n\u00e9ral sur la protection des donn\u00e9es de l\u2019Union europ\u00e9enne (RGPD) et \u00e0 la l\u00e9gislation applicable.\r\n\r\n    <br><br>\r\n\r\n    \r\n\r\n    \r\n    \r\n<\/div>\r\n\t\t\t\t<\/div>\n\t\t\t\t<div class=\"elementor-element elementor-element-eaec1b3 elementor-widget elementor-widget-html\" data-id=\"eaec1b3\" data-element_type=\"widget\" data-e-type=\"widget\" data-widget_type=\"html.default\">\n\t\t\t\t\t<div class=\"policy-doc\">\r\n    <h4>Activit\u00e9s de traitement des donn\u00e9es \u00e0 caract\u00e8re personnel, finalit\u00e9s et transfert<\/h4>\r\n    \r\n    Dans le cadre de l\u2019abonnement au bulletin \u00e9lectronique via le site web, par courrier \u00e9lectronique, par t\u00e9l\u00e9phone ou lors de divers \u00e9changes, vos nom et pr\u00e9nom, coordonn\u00e9es, entreprise, secteur d\u2019activit\u00e9, fonction\/titre, ainsi que votre adresse IP, sont collect\u00e9s sur supports physiques et\/ou \u00e9lectroniques, sur la base de votre consentement explicite, et trait\u00e9s par le cabinet d'avocats G\u00dcLSEREN \u00d6NG\u00dcN.\r\n    \r\n    <br><br>\r\n    \r\n    Les donn\u00e9es personnelles susmentionn\u00e9es sont trait\u00e9es aux fins suivantes :\nPartage d\u2019informations et d\u2019actualit\u00e9s relatives au le cabinet d'avocats G\u00dcLSEREN \u00d6NG\u00dcN, Envoi du bulletin \u00e9lectronique, Communication d\u2019informations sur les \u00e9volutions juridiques actuelles, Notification des \u00e9v\u00e9nements, s\u00e9minaires et formations organis\u00e9s par le cabinet, Gestion des relations avec les abonn\u00e9s.\r\n\r\n    <br><br>\r\n    \r\n    Afin de r\u00e9aliser ces finalit\u00e9s dans le cadre de votre abonnement au bulletin \u00e9lectronique, les contenus sont envoy\u00e9s \u00e0 l\u2019adresse \u00e9lectronique que vous avez communiqu\u00e9e lors de l\u2019inscription.\r\n    \r\n    <br><br>\r\n    \r\n    Les serveurs de messagerie (notamment Microsoft Outlook) \u00e9tant situ\u00e9s \u00e0 l\u2019\u00e9tranger, vos donn\u00e9es personnelles peuvent \u00eatre stock\u00e9es sur des serveurs situ\u00e9s hors de Turquie, conform\u00e9ment aux dispositions l\u00e9gales applicables. \n\nVos donn\u00e9es personnelles peuvent \u00eatre consult\u00e9es par des prestataires de services tiers fournissant des services de s\u00e9curit\u00e9 informatique, d\u2019assistance technique et de gestion des relations clients.\r\n    \r\n    <br><br>\r\n    \r\n    Les donn\u00e9es personnelles communiqu\u00e9es peuvent \u00e9galement \u00eatre partag\u00e9es au sein de le cabinet d'avocats G\u00dcLSEREN \u00d6NG\u00dcN, uniquement dans la mesure n\u00e9cessaire \u00e0 la gestion interne et \u00e0 la communication entre les membres du cabinet.\r\n\r\n    <br><br>\r\n    \r\n    En dehors de ces cas, le cabinet d'avocats G\u00dcLSEREN \u00d6NG\u00dcN ne transf\u00e8re pas vos donn\u00e9es personnelles \u00e0 des tiers, sous quelque forme ou pour quelque raison que ce soit.\r\n\r\n<\/div>\r\n<br>\t\t\t\t<\/div>\n\t\t\t\t<div class=\"elementor-element elementor-element-89164df elementor-widget elementor-widget-html\" data-id=\"89164df\" data-element_type=\"widget\" data-e-type=\"widget\" data-widget_type=\"html.default\">\n\t\t\t\t\t<div class=\"policy-doc\">\r\n    <h4>Dur\u00e9e de traitement et s\u00e9curit\u00e9 de vos donn\u00e9es personnelles<\/h4>\r\n    \r\n    Le cabinet d'avocats G\u00dcLSEREN \u00d6NG\u00dcN prend toutes les mesures techniques et organisationnelles appropri\u00e9es afin d\u2019assurer la s\u00e9curit\u00e9 de vos donn\u00e9es personnelles et de les conserver de mani\u00e8re exacte et \u00e0 jour.\nVos donn\u00e9es personnelles sont conserv\u00e9es pendant la dur\u00e9e n\u00e9cessaire \u00e0 la finalit\u00e9 de leur traitement ou pendant les d\u00e9lais pr\u00e9vus par la l\u00e9gislation applicable. \u00c0 l\u2019expiration de ces d\u00e9lais ou en cas de disparition des motifs l\u00e9gitimes de traitement, vos donn\u00e9es sont effac\u00e9es, d\u00e9truites ou anonymis\u00e9es, soit d\u2019office, soit \u00e0 votre demande.\r\n\r\n    <br><br>\r\n    \r\n    En cas de d\u00e9sabonnement du bulletin \u00e9lectronique, et en l\u2019absence d\u2019une obligation l\u00e9gale contraire, vos donn\u00e9es personnelles seront d\u00e9truites.\r\n    \r\n\r\n    \r\n    \r\n\r\n<\/div>\r\n<br>\t\t\t\t<\/div>\n\t\t\t\t<div class=\"elementor-element elementor-element-aa5d379 elementor-widget elementor-widget-html\" data-id=\"aa5d379\" data-element_type=\"widget\" data-e-type=\"widget\" data-widget_type=\"html.default\">\n\t\t\t\t\t<div class=\"policy-doc\">\r\n    <h4>Vos droits en tant que personne concern\u00e9e<\/h4>\r\n    \r\n    Conform\u00e9ment \u00e0 l\u2019article 11 de la Loi n\u00b0 6698 (KVKK), vous disposez notamment des droits suivants :\r\n\r\n    <br><br>\r\n    \r\n    Savoir si vos donn\u00e9es personnelles sont trait\u00e9es,\nDemander des informations sur les activit\u00e9s de traitement,\nConna\u00eetre la finalit\u00e9 du traitement et v\u00e9rifier la conformit\u00e9 de l\u2019utilisation\nConna\u00eetre les tiers auxquels vos donn\u00e9es sont transf\u00e9r\u00e9es, en Turquie ou \u00e0 l\u2019\u00e9tranger,\nDemander la rectification des donn\u00e9es incompl\u00e8tes ou incorrectes,\nDemander l\u2019effacement, la destruction ou l\u2019anonymisation de vos donn\u00e9es lorsque les motifs de traitement disparaissent,\nDemander la notification des op\u00e9rations de rectification ou de suppression aux tiers concern\u00e9s,\nS\u2019opposer \u00e0 un r\u00e9sultat d\u00e9favorable r\u00e9sultant d\u2019un traitement automatis\u00e9,\nDemander r\u00e9paration en cas de dommage.\r\n\r\n    <br><br>\r\n    \r\n    Conform\u00e9ment au RGPD (articles 15 \u00e0 22), vous disposez \u00e9galement du droit :\nD\u2019acc\u00e9der \u00e0 vos donn\u00e9es personnelles,\nDe demander leur rectification,\nDe demander leur effacement (\u00ab droit \u00e0 l\u2019oubli \u00bb),\nDe demander la limitation du traitement,\nDe demander la portabilit\u00e9 de vos donn\u00e9es,\nDe vous opposer au traitement,\nDe ne pas faire l\u2019objet d\u2019une d\u00e9cision fond\u00e9e exclusivement sur un traitement automatis\u00e9, y compris le profilage.\r\n    \r\n    <br><br>\r\n    \r\n    Vous pouvez vous d\u00e9sabonner du bulletin \u00e9lectronique \u00e0 tout moment, sans justification.\r\n\r\n    <br><br>\r\n    \r\n    Pour exercer vos droits, vous pouvez adresser votre demande \u00e9crite, accompagn\u00e9e des informations permettant de v\u00e9rifier votre identit\u00e9, par l\u2019un des moyens suivants :\r\n\r\n    <br><br>\r\n    \r\n    a. <a href=\"mailto:privacy@gulserenongun.com\">privacy@gulserenongun.com<\/a> par courrier \u00e9lectronique;\r\n    \r\n    <br>\r\n    \r\n    b. Par courrier \u00e0 Gaziosmanpa\u015fa Mah. Attar Sokak 11\/6 \u00c7ankaya 06680 Ankara\/T\u00fcrkiye\r\n    \r\n    <br><br>\r\n    \r\n    Afin d'acc\u00e9l\u00e9rer le traitment, veuillez indiquer sur l'envelope ou dans l' objet du courriel la mention suivante: <strong>Demande relative aux donn\u00e9es personnelles<\/strong> .\r\n\r\n    <br><br>\r\n    \r\n    Les demandes sont trait\u00e9es dans un d\u00e9lai maximum de trente (30) jours \u00e0 compter de leur r\u00e9ception. En cas d\u2019informations incompl\u00e8tes ou peu claires, nous pourrons vous contacter afin d\u2019obtenir des pr\u00e9cisions.\r\n\r\n    <br><br>\r\n    \r\n    Le cabinet d'avocats G\u00dcLSEREN \u00d6NG\u00dcN <a href=\"http:\/\/ongunpartners.com\/fr\/formulaire-de-demande-pour-les-personnes-concernees\/\">Le Formulaire de demande des personnes concern\u00e9es<\/a>est disponible sur le site du cabinet d'avocats G\u00dcLSEREN \u00d6NG\u00dcN.\r\n\r\n  \r\n    \r\n    \r\n\r\n<\/div>\r\n<br>\t\t\t\t<\/div>\n\t\t<div class=\"elementor-element elementor-element-d0a0f83 e-con-full e-flex e-con e-child\" data-id=\"d0a0f83\" data-element_type=\"container\" data-e-type=\"container\">\n\t\t<div class=\"elementor-element elementor-element-9736684 e-con-full e-flex e-con e-child\" data-id=\"9736684\" data-element_type=\"container\" data-e-type=\"container\">\n\t\t\t\t<\/div>\n\t\t<div class=\"elementor-element elementor-element-c7d7f90 e-con-full e-flex e-con e-child\" data-id=\"c7d7f90\" data-element_type=\"container\" data-e-type=\"container\">\n\t\t\t\t<div class=\"elementor-element elementor-element-9119178 elementor-widget elementor-widget-html\" data-id=\"9119178\" data-element_type=\"widget\" data-e-type=\"widget\" data-widget_type=\"html.default\">\n\t\t\t\t\t<div class=\"policy-doc\" style=\"text-align: center;\">\n    Cordialement,\n    <br>\n    <strong>Le cabinet d'avocats G\u00dcLSEREN \u00d6NG\u00dcN<\/strong>\n<\/div>\t\t\t\t<\/div>\n\t\t\t\t<\/div>\n\t\t\t\t<\/div>\n\t\t<div class=\"elementor-element elementor-element-c975333 e-con-full e-flex e-con e-child\" data-id=\"c975333\" data-element_type=\"container\" data-e-type=\"container\">\n\t\t<div class=\"elementor-element elementor-element-14b2189 e-con-full e-flex e-con e-child\" data-id=\"14b2189\" data-element_type=\"container\" data-e-type=\"container\">\n\t\t<div class=\"elementor-element elementor-element-93e2b09 e-con-full e-flex e-con e-child\" data-id=\"93e2b09\" data-element_type=\"container\" data-e-type=\"container\">\n\t\t\t\t<div class=\"elementor-element elementor-element-9bcbba3 elementor-widget elementor-widget-html\" data-id=\"9bcbba3\" data-element_type=\"widget\" data-e-type=\"widget\" data-widget_type=\"html.default\">\n\t\t\t\t\t<div class=\"policy-doc\">\n    Date d\u2019entr\u00e9e en vigueur\n<\/div>\t\t\t\t<\/div>\n\t\t\t\t<\/div>\n\t\t<div class=\"elementor-element elementor-element-3702b87 e-con-full e-flex e-con e-child\" data-id=\"3702b87\" data-element_type=\"container\" data-e-type=\"container\">\n\t\t\t\t<div class=\"elementor-element elementor-element-51ceaff elementor-widget elementor-widget-html\" data-id=\"51ceaff\" data-element_type=\"widget\" data-e-type=\"widget\" data-widget_type=\"html.default\">\n\t\t\t\t\t<div class=\"policy-doc\">\n    : 05 d\u00e9cembre 2025\n<\/div>\t\t\t\t<\/div>\n\t\t\t\t<\/div>\n\t\t\t\t<\/div>\n\t\t<div class=\"elementor-element elementor-element-bbf481b e-con-full e-flex e-con e-child\" data-id=\"bbf481b\" data-element_type=\"container\" data-e-type=\"container\">\n\t\t<div class=\"elementor-element elementor-element-71a8893 e-con-full e-flex e-con e-child\" data-id=\"71a8893\" data-element_type=\"container\" data-e-type=\"container\">\n\t\t\t\t<div class=\"elementor-element elementor-element-e3c9a45 elementor-widget elementor-widget-html\" data-id=\"e3c9a45\" data-element_type=\"widget\" data-e-type=\"widget\" data-widget_type=\"html.default\">\n\t\t\t\t\t<div class=\"policy-doc\">\n    Derni\u00e8re mise \u00e0 jour\n<\/div>\t\t\t\t<\/div>\n\t\t\t\t<\/div>\n\t\t<div class=\"elementor-element elementor-element-bcedd05 e-con-full e-flex e-con e-child\" data-id=\"bcedd05\" data-element_type=\"container\" data-e-type=\"container\">\n\t\t\t\t<div class=\"elementor-element elementor-element-095770a elementor-widget elementor-widget-html\" data-id=\"095770a\" data-element_type=\"widget\" data-e-type=\"widget\" data-widget_type=\"html.default\">\n\t\t\t\t\t<div class=\"policy-doc\">\n    : 05 d\u00e9cembre 2025\n<\/div>\t\t\t\t<\/div>\n\t\t\t\t<\/div>\n\t\t\t\t<\/div>\n\t\t\t\t<\/div>\n\t\t\t\t<\/div>\n\t\t\t\t\t<\/div>\n\t\t\t\t<\/div>\n\t\t\t\t<\/div>","protected":false},"excerpt":{"rendered":"<p>\u0130lgili Politikalar Gizlilik Politikas\u0131 \u00c7erez Politikas\u0131 Kullan\u0131m Ko\u015fullar\u0131 Feragatname Yasal Uyar\u0131 Dan\u0131\u015fma Formu Ayd\u0131nlatma Metni Veri Sahibi Ba\u015fvuru Formu E-B\u00fclten [&hellip;]<\/p>\n","protected":false},"author":1,"featured_media":0,"parent":0,"menu_order":0,"comment_status":"closed","ping_status":"closed","template":"","meta":{"site-sidebar-layout":"no-sidebar","site-content-layout":"","ast-site-content-layout":"full-width-container","site-content-style":"default","site-sidebar-style":"default","ast-global-header-display":"","ast-banner-title-visibility":"","ast-main-header-display":"","ast-hfb-above-header-display":"","ast-hfb-below-header-display":"","ast-hfb-mobile-header-display":"","site-post-title":"disabled","ast-breadcrumbs-content":"","ast-featured-img":"disabled","footer-sml-layout":"","ast-disable-related-posts":"","theme-transparent-header-meta":"","adv-header-id-meta":"","stick-header-meta":"","header-above-stick-meta":"","header-main-stick-meta":"","header-below-stick-meta":"","astra-migrate-meta-layouts":"default","ast-page-background-enabled":"default","ast-page-background-meta":{"desktop":{"background-color":"var(--ast-global-color-5)","background-image":"","background-repeat":"repeat","background-position":"center center","background-size":"auto","background-attachment":"scroll","background-type":"","background-media":"","overlay-type":"","overlay-color":"","overlay-opacity":"","overlay-gradient":""},"tablet":{"background-color":"","background-image":"","background-repeat":"repeat","background-position":"center center","background-size":"auto","background-attachment":"scroll","background-type":"","background-media":"","overlay-type":"","overlay-color":"","overlay-opacity":"","overlay-gradient":""},"mobile":{"background-color":"","background-image":"","background-repeat":"repeat","background-position":"center center","background-size":"auto","background-attachment":"scroll","background-type":"","background-media":"","overlay-type":"","overlay-color":"","overlay-opacity":"","overlay-gradient":""}},"ast-content-background-meta":{"desktop":{"background-color":"var(--ast-global-color-4)","background-image":"","background-repeat":"repeat","background-position":"center center","background-size":"auto","background-attachment":"scroll","background-type":"","background-media":"","overlay-type":"","overlay-color":"","overlay-opacity":"","overlay-gradient":""},"tablet":{"background-color":"var(--ast-global-color-4)","background-image":"","background-repeat":"repeat","background-position":"center center","background-size":"auto","background-attachment":"scroll","background-type":"","background-media":"","overlay-type":"","overlay-color":"","overlay-opacity":"","overlay-gradient":""},"mobile":{"background-color":"var(--ast-global-color-4)","background-image":"","background-repeat":"repeat","background-position":"center center","background-size":"auto","background-attachment":"scroll","background-type":"","background-media":"","overlay-type":"","overlay-color":"","overlay-opacity":"","overlay-gradient":""}},"footnotes":""},"class_list":["post-2284","page","type-page","status-publish","hentry"],"_links":{"self":[{"href":"https:\/\/ongunpartners.com\/fr\/wp-json\/wp\/v2\/pages\/2284","targetHints":{"allow":["GET"]}}],"collection":[{"href":"https:\/\/ongunpartners.com\/fr\/wp-json\/wp\/v2\/pages"}],"about":[{"href":"https:\/\/ongunpartners.com\/fr\/wp-json\/wp\/v2\/types\/page"}],"author":[{"embeddable":true,"href":"https:\/\/ongunpartners.com\/fr\/wp-json\/wp\/v2\/users\/1"}],"replies":[{"embeddable":true,"href":"https:\/\/ongunpartners.com\/fr\/wp-json\/wp\/v2\/comments?post=2284"}],"version-history":[{"count":15,"href":"https:\/\/ongunpartners.com\/fr\/wp-json\/wp\/v2\/pages\/2284\/revisions"}],"predecessor-version":[{"id":3242,"href":"https:\/\/ongunpartners.com\/fr\/wp-json\/wp\/v2\/pages\/2284\/revisions\/3242"}],"wp:attachment":[{"href":"https:\/\/ongunpartners.com\/fr\/wp-json\/wp\/v2\/media?parent=2284"}],"curies":[{"name":"wp","href":"https:\/\/api.w.org\/{rel}","templated":true}]}}