{"id":2257,"date":"2025-12-17T11:58:36","date_gmt":"2025-12-17T11:58:36","guid":{"rendered":"http:\/\/gulseren-law-local.local\/?page_id=2257"},"modified":"2026-02-08T16:21:43","modified_gmt":"2026-02-08T16:21:43","slug":"avertissement-juridique","status":"publish","type":"page","link":"https:\/\/ongunpartners.com\/fr\/yasal-uyari\/","title":{"rendered":"Mentions Legales"},"content":{"rendered":"<div data-elementor-type=\"wp-page\" data-elementor-id=\"2257\" class=\"elementor elementor-2257\">\n\t\t\t\t<div class=\"elementor-element elementor-element-1662af4 e-flex e-con-boxed e-con e-parent\" data-id=\"1662af4\" data-element_type=\"container\" data-e-type=\"container\">\n\t\t\t\t\t<div class=\"e-con-inner\">\n\t\t<div class=\"elementor-element elementor-element-a1c85b6 e-con-full e-flex e-con e-child\" data-id=\"a1c85b6\" data-element_type=\"container\" data-e-type=\"container\">\n\t\t\t\t<div class=\"elementor-element elementor-element-5afbf63 elementor-widget elementor-widget-heading\" data-id=\"5afbf63\" data-element_type=\"widget\" data-e-type=\"widget\" data-widget_type=\"heading.default\">\n\t\t\t\t\t<h5 class=\"elementor-heading-title elementor-size-default\">Politiques connexes<\/h5>\t\t\t\t<\/div>\n\t\t\t\t<div class=\"elementor-element elementor-element-0c0b1de elementor-widget elementor-widget-heading\" data-id=\"0c0b1de\" data-element_type=\"widget\" data-e-type=\"widget\" data-widget_type=\"heading.default\">\n\t\t\t\t\t<div class=\"elementor-heading-title elementor-size-default\"><a href=\"http:\/\/ongunpartners.com\/fr\/politique-de-confidentialite\/\">Politique de confidentialit\u00e9<\/a><\/div>\t\t\t\t<\/div>\n\t\t\t\t<div class=\"elementor-element elementor-element-4f4a483 elementor-widget elementor-widget-heading\" data-id=\"4f4a483\" data-element_type=\"widget\" data-e-type=\"widget\" data-widget_type=\"heading.default\">\n\t\t\t\t\t<div class=\"elementor-heading-title elementor-size-default\"><a href=\"http:\/\/ongunpartners.com\/fr\/politique-de-perez\/\">Politique en mati\u00e8re de cookies<\/a><\/div>\t\t\t\t<\/div>\n\t\t\t\t<div class=\"elementor-element elementor-element-ee82e35 elementor-widget elementor-widget-heading\" data-id=\"ee82e35\" data-element_type=\"widget\" data-e-type=\"widget\" data-widget_type=\"heading.default\">\n\t\t\t\t\t<div class=\"elementor-heading-title elementor-size-default\"><a href=\"http:\/\/ongunpartners.com\/fr\/conditions-dutilisation\/\">Conditions d\u2019utilisation<\/a><\/div>\t\t\t\t<\/div>\n\t\t\t\t<div class=\"elementor-element elementor-element-7fce55b elementor-widget elementor-widget-heading\" data-id=\"7fce55b\" data-element_type=\"widget\" data-e-type=\"widget\" data-widget_type=\"heading.default\">\n\t\t\t\t\t<div class=\"elementor-heading-title elementor-size-default\"><a href=\"http:\/\/ongunpartners.com\/fr\/clause-de-non-responsabilite\/\">Clause de non-responsabilit\u00e9<\/a><\/div>\t\t\t\t<\/div>\n\t\t\t\t<div class=\"elementor-element elementor-element-ba32da5 elementor-widget elementor-widget-heading\" data-id=\"ba32da5\" data-element_type=\"widget\" data-e-type=\"widget\" data-widget_type=\"heading.default\">\n\t\t\t\t\t<div class=\"elementor-heading-title elementor-size-default\"><a href=\"http:\/\/ongunpartners.com\/fr\/avertissement-juridique\/\">Mentions Legales<\/a><\/div>\t\t\t\t<\/div>\n\t\t\t\t<div class=\"elementor-element elementor-element-bd1d32f elementor-widget elementor-widget-heading\" data-id=\"bd1d32f\" data-element_type=\"widget\" data-e-type=\"widget\" data-widget_type=\"heading.default\">\n\t\t\t\t\t<div class=\"elementor-heading-title elementor-size-default\"><a href=\"http:\/\/ongunpartners.com\/fr\/formulaire-de-conseil-texte-de-divulgation\/\">Texte d\u2019Information Relatif au Formulaire de Consultation<\/a><\/div>\t\t\t\t<\/div>\n\t\t\t\t<div class=\"elementor-element elementor-element-b7caf16 elementor-widget elementor-widget-heading\" data-id=\"b7caf16\" data-element_type=\"widget\" data-e-type=\"widget\" data-widget_type=\"heading.default\">\n\t\t\t\t\t<div class=\"elementor-heading-title elementor-size-default\"><a href=\"http:\/\/ongunpartners.com\/fr\/formulaire-de-demande-pour-les-personnes-concernees\/\">Le Formulaire de demande des personnes concern\u00e9es<\/a><\/div>\t\t\t\t<\/div>\n\t\t\t\t<div class=\"elementor-element elementor-element-6e0b28c elementor-widget elementor-widget-heading\" data-id=\"6e0b28c\" data-element_type=\"widget\" data-e-type=\"widget\" data-widget_type=\"heading.default\">\n\t\t\t\t\t<div class=\"elementor-heading-title elementor-size-default\"><a href=\"http:\/\/ongunpartners.com\/fr\/bulletin-electronique-texte-dinformation-sur-labonnement\/\">Texte d\u2019Information Relatif \u00e0 l\u2019Abonnement au Bulletin \u00c9lectronique (E-Bulletin)<\/a><\/div>\t\t\t\t<\/div>\n\t\t\t\t<\/div>\n\t\t<div class=\"elementor-element elementor-element-0f48268 e-con-full e-flex e-con e-child\" data-id=\"0f48268\" data-element_type=\"container\" data-e-type=\"container\">\n\t\t\t\t<div class=\"elementor-element elementor-element-80a3099 elementor-widget elementor-widget-html\" data-id=\"80a3099\" data-element_type=\"widget\" data-e-type=\"widget\" data-widget_type=\"html.default\">\n\t\t\t\t\t<div class=\"policy-doc\">\r\n    <h4>Mentions Legales<\/h4>\r\n    \r\n    \r\n    Chers visiteurs,\r\n    <br><br>\r\n    \r\n    Le pr\u00e9sent site web et l\u2019ensemble des informations qu\u2019il contient ont \u00e9t\u00e9 pr\u00e9par\u00e9s \u00e0 des fins d\u2019information g\u00e9n\u00e9rale uniquement. Ils ne constituent en aucun cas un avis juridique, un conseil, une consultation ni un plaidoyer, et ne visent pas \u00e0 \u00e9tablir une relation avocat-client. Aucune relation avocat-client n\u2019est cr\u00e9\u00e9e par la consultation ou l\u2019utilisation de ce site.\r\n\r\n    <br><br>\r\n\r\n    Les informations figurant sur le site peuvent devenir obsol\u00e8tes en raison de l\u2019\u00e9volution constante de la l\u00e9gislation, de la jurisprudence et des pratiques administratives, et peuvent ne pas refl\u00e9ter les d\u00e9veloppements juridiques les plus r\u00e9cents. \u00c0 ce titre, le cabinet d'avocats  G\u00dcLSEREN \u00d6NG\u00dcN ne saurait \u00eatre tenu responsable de l\u2019actualit\u00e9, de l\u2019exactitude ou de l\u2019exhaustivit\u00e9 des informations publi\u00e9es.\nAvant toute d\u00e9cision ou action fond\u00e9e sur les informations contenues sur ce site, il est fortement recommand\u00e9 d\u2019obtenir un conseil juridique professionnel sp\u00e9cifique, adapt\u00e9 \u00e0 votre situation particuli\u00e8re.\r\n\r\n    <br><br>\r\n    \r\n    Bien que le cabinet d'avocats G\u00dcLSEREN \u00d6NG\u00dcN s\u2019efforce de maintenir les informations du site exactes et \u00e0 jour, le cabinet ne saurait \u00eatre tenu responsable de toute erreur, omission ou inexactitude, ni des dommages directs ou indirects pouvant r\u00e9sulter de l\u2019utilisation ou de la confiance accord\u00e9e aux informations publi\u00e9es sur le site.\r\n\r\n    <br><br>\r\n    \r\n    Ce site web est soumis aux r\u00e8gles professionnelles de l\u2019Union des barreaux turcs ainsi qu\u2019\u00e0 l\u2019interdiction de publicit\u00e9 pr\u00e9vue par la loi sur les avocats.\nLe site n\u2019a aucun objectif publicitaire, commercial ou marketing, et ne peut en aucun cas \u00eatre utilis\u00e9 \u00e0 des fins de d\u00e9marchage ou de sollicitation de client\u00e8le. En acc\u00e9dant au site, vous acceptez les pr\u00e9sentes mentions l\u00e9gales ainsi que les conditions d\u2019utilisation.\r\n\r\n    \r\n    \r\n<\/div>\r\n<br>\t\t\t\t<\/div>\n\t\t\t\t<div class=\"elementor-element elementor-element-a145d2c elementor-widget elementor-widget-html\" data-id=\"a145d2c\" data-element_type=\"widget\" data-e-type=\"widget\" data-widget_type=\"html.default\">\n\t\t\t\t\t<div class=\"policy-doc\">\r\n    \r\n    \r\n    L\u2019ensemble des contenus du site, y compris les textes, images, logos, graphiques, dessins et autres \u00e9l\u00e9ments, est la propri\u00e9t\u00e9 exclusive de le cabinet d'avocats G\u00dcLSEREN \u00d6NG\u00dcN et est prot\u00e9g\u00e9 par la l\u00e9gislation applicable en mati\u00e8re de propri\u00e9t\u00e9 intellectuelle.\nAucun contenu ne peut \u00eatre copi\u00e9, reproduit, publi\u00e9, distribu\u00e9 ou utilis\u00e9, en tout ou partie, sans l\u2019autorisation \u00e9crite pr\u00e9alable du cabinet, notamment \u00e0 des fins commerciales.\r\n\r\n    <br><br>\r\n\r\n    Sauf autorisation \u00e9crite expresse de le cabinet d'avocats G\u00dcLSEREN \u00d6NG\u00dcN, il est interdit de cr\u00e9er un lien vers ce site ou de cr\u00e9er des liens depuis ce site vers d\u2019autres sites web.\r\n\r\n    <br><br>\r\n    \r\n    Les informations transmises au cabinet par courrier \u00e9lectronique, formulaire de contact ou tout autre moyen ne cr\u00e9ent en aucun cas une relation avocat-client, y compris avec des clients existants, et n\u2019engagent aucune responsabilit\u00e9 juridique \u00e0 ce titre.\nLe cabinet n\u2019est pas responsable des contenus publi\u00e9s par des tiers, ni des opinions exprim\u00e9es dans ces contenus ou sur les sites vers lesquels des liens peuvent \u00eatre propos\u00e9s. La pr\u00e9sence de tels contenus ou liens n\u2019implique aucune approbation de leur part. Le cabinet se r\u00e9serve le droit de retirer tout contenu tiers qu\u2019il jugerait inappropri\u00e9.\r\n\r\n    <br><br>\r\n    \r\n    Les visiteurs ne peuvent fonder aucune r\u00e9clamation, action ou demande d\u2019indemnisation \u00e0 l\u2019encontre de le cabinet d'avocats G\u00dcLSEREN \u00d6NG\u00dcN  au motif que les informations figurant sur le site seraient inexactes, incompl\u00e8tes ou auraient caus\u00e9 un quelconque pr\u00e9judice.\r\n\r\n    <br><br>\r\n    \r\n<\/div>\r\n<br>\t\t\t\t<\/div>\n\t\t<div class=\"elementor-element elementor-element-d925e80 e-con-full e-flex e-con e-child\" data-id=\"d925e80\" data-element_type=\"container\" data-e-type=\"container\">\n\t\t<div class=\"elementor-element elementor-element-c88f55b e-con-full e-flex e-con e-child\" data-id=\"c88f55b\" data-element_type=\"container\" data-e-type=\"container\">\n\t\t\t\t<\/div>\n\t\t<div class=\"elementor-element elementor-element-cb92cbb e-con-full e-flex e-con e-child\" data-id=\"cb92cbb\" data-element_type=\"container\" data-e-type=\"container\">\n\t\t\t\t<div class=\"elementor-element elementor-element-5215c2a elementor-widget elementor-widget-html\" data-id=\"5215c2a\" data-element_type=\"widget\" data-e-type=\"widget\" data-widget_type=\"html.default\">\n\t\t\t\t\t<div class=\"policy-doc\" style=\"text-align: center;\">\n    Cordialement,\n    <br>\n    <strong>Le cabinet d'avocats G\u00dcLSEREN \u00d6NG\u00dcN<\/strong>\n<\/div>\t\t\t\t<\/div>\n\t\t\t\t<\/div>\n\t\t\t\t<\/div>\n\t\t<div class=\"elementor-element elementor-element-969e86b e-con-full e-flex e-con e-child\" data-id=\"969e86b\" data-element_type=\"container\" data-e-type=\"container\">\n\t\t<div class=\"elementor-element elementor-element-3770938 e-con-full e-flex e-con e-child\" data-id=\"3770938\" data-element_type=\"container\" data-e-type=\"container\">\n\t\t<div class=\"elementor-element elementor-element-1fa35d7 e-con-full e-flex e-con e-child\" data-id=\"1fa35d7\" data-element_type=\"container\" data-e-type=\"container\">\n\t\t\t\t<div class=\"elementor-element elementor-element-3507d63 elementor-widget elementor-widget-html\" data-id=\"3507d63\" data-element_type=\"widget\" data-e-type=\"widget\" data-widget_type=\"html.default\">\n\t\t\t\t\t<div class=\"policy-doc\">\n    <strong>Adresse<\/strong>\n<\/div>\t\t\t\t<\/div>\n\t\t\t\t<\/div>\n\t\t<div class=\"elementor-element elementor-element-4f2776c e-con-full e-flex e-con e-child\" data-id=\"4f2776c\" data-element_type=\"container\" data-e-type=\"container\">\n\t\t\t\t<div class=\"elementor-element elementor-element-b6e62b9 elementor-widget elementor-widget-html\" data-id=\"b6e62b9\" data-element_type=\"widget\" data-e-type=\"widget\" data-widget_type=\"html.default\">\n\t\t\t\t\t<div class=\"policy-doc\">\n    : Gaziosmanpa\u015fa Mah. Attar Sokak 11\/6 \u00c7ankaya 06680 ANKARA\/T\u00dcRK\u0130YE\n<\/div>\t\t\t\t<\/div>\n\t\t\t\t<\/div>\n\t\t\t\t<\/div>\n\t\t<div class=\"elementor-element elementor-element-a9cec5c e-con-full e-flex e-con e-child\" data-id=\"a9cec5c\" data-element_type=\"container\" data-e-type=\"container\">\n\t\t<div class=\"elementor-element elementor-element-67879df e-con-full e-flex e-con e-child\" data-id=\"67879df\" data-element_type=\"container\" data-e-type=\"container\">\n\t\t\t\t<div class=\"elementor-element elementor-element-1232a1b elementor-widget elementor-widget-html\" data-id=\"1232a1b\" data-element_type=\"widget\" data-e-type=\"widget\" data-widget_type=\"html.default\">\n\t\t\t\t\t<div class=\"policy-doc\">\n    <strong>T\u00e9l\u00e9phone<\/strong>\n<\/div>\t\t\t\t<\/div>\n\t\t\t\t<\/div>\n\t\t<div class=\"elementor-element elementor-element-70d47a0 e-con-full e-flex e-con e-child\" data-id=\"70d47a0\" data-element_type=\"container\" data-e-type=\"container\">\n\t\t\t\t<div class=\"elementor-element elementor-element-151bf0e elementor-widget elementor-widget-html\" data-id=\"151bf0e\" data-element_type=\"widget\" data-e-type=\"widget\" data-widget_type=\"html.default\">\n\t\t\t\t\t<div class=\"policy-doc\">\n    : +90 533 198 64 12\n<\/div>\t\t\t\t<\/div>\n\t\t\t\t<\/div>\n\t\t\t\t<\/div>\n\t\t<div class=\"elementor-element elementor-element-27385db e-con-full e-flex e-con e-child\" data-id=\"27385db\" data-element_type=\"container\" data-e-type=\"container\">\n\t\t<div class=\"elementor-element elementor-element-5af04f9 e-con-full e-flex e-con e-child\" data-id=\"5af04f9\" data-element_type=\"container\" data-e-type=\"container\">\n\t\t\t\t<div class=\"elementor-element elementor-element-73f2de1 elementor-widget elementor-widget-html\" data-id=\"73f2de1\" data-element_type=\"widget\" data-e-type=\"widget\" data-widget_type=\"html.default\">\n\t\t\t\t\t<div class=\"policy-doc\">\n    <strong>E-mail<\/strong>\n<\/div>\t\t\t\t<\/div>\n\t\t\t\t<\/div>\n\t\t<div class=\"elementor-element elementor-element-7928d8a e-con-full e-flex e-con e-child\" data-id=\"7928d8a\" data-element_type=\"container\" data-e-type=\"container\">\n\t\t\t\t<div class=\"elementor-element elementor-element-3362c47 elementor-widget elementor-widget-html\" data-id=\"3362c47\" data-element_type=\"widget\" data-e-type=\"widget\" data-widget_type=\"html.default\">\n\t\t\t\t\t<div class=\"policy-doc\">\n    : <a href=\"mailto:hello@gulserenongun.com\">hello@gulserenongun.com<\/a>\n<\/div>\t\t\t\t<\/div>\n\t\t\t\t<\/div>\n\t\t\t\t<\/div>\n\t\t\t\t<\/div>\n\t\t<div class=\"elementor-element elementor-element-a5a6dd7 e-con-full e-flex e-con e-child\" data-id=\"a5a6dd7\" data-element_type=\"container\" data-e-type=\"container\">\n\t\t<div class=\"elementor-element elementor-element-beef10a e-con-full e-flex e-con e-child\" data-id=\"beef10a\" data-element_type=\"container\" data-e-type=\"container\">\n\t\t<div class=\"elementor-element elementor-element-8b69452 e-con-full e-flex e-con e-child\" data-id=\"8b69452\" data-element_type=\"container\" data-e-type=\"container\">\n\t\t\t\t<div class=\"elementor-element elementor-element-d5131dc elementor-widget elementor-widget-html\" data-id=\"d5131dc\" data-element_type=\"widget\" data-e-type=\"widget\" data-widget_type=\"html.default\">\n\t\t\t\t\t<div class=\"policy-doc\">\n    Date d\u2019entr\u00e9e en vigueur\n<\/div>\t\t\t\t<\/div>\n\t\t\t\t<\/div>\n\t\t<div class=\"elementor-element elementor-element-bb2179c e-con-full e-flex e-con e-child\" data-id=\"bb2179c\" data-element_type=\"container\" data-e-type=\"container\">\n\t\t\t\t<div class=\"elementor-element elementor-element-a6beef9 elementor-widget elementor-widget-html\" data-id=\"a6beef9\" data-element_type=\"widget\" data-e-type=\"widget\" data-widget_type=\"html.default\">\n\t\t\t\t\t<div class=\"policy-doc\">\n    : 05 d\u00e9cembre 2025\n<\/div>\t\t\t\t<\/div>\n\t\t\t\t<\/div>\n\t\t\t\t<\/div>\n\t\t<div class=\"elementor-element elementor-element-449b18b e-con-full e-flex e-con e-child\" data-id=\"449b18b\" data-element_type=\"container\" data-e-type=\"container\">\n\t\t<div class=\"elementor-element elementor-element-369ad1a e-con-full e-flex e-con e-child\" data-id=\"369ad1a\" data-element_type=\"container\" data-e-type=\"container\">\n\t\t\t\t<div class=\"elementor-element elementor-element-6587f82 elementor-widget elementor-widget-html\" data-id=\"6587f82\" data-element_type=\"widget\" data-e-type=\"widget\" data-widget_type=\"html.default\">\n\t\t\t\t\t<div class=\"policy-doc\">\n    Derni\u00e8re mise \u00e0 jour\n<\/div>\t\t\t\t<\/div>\n\t\t\t\t<\/div>\n\t\t<div class=\"elementor-element elementor-element-331a64c e-con-full e-flex e-con e-child\" data-id=\"331a64c\" data-element_type=\"container\" data-e-type=\"container\">\n\t\t\t\t<div class=\"elementor-element elementor-element-1bbc3c9 elementor-widget elementor-widget-html\" data-id=\"1bbc3c9\" data-element_type=\"widget\" data-e-type=\"widget\" data-widget_type=\"html.default\">\n\t\t\t\t\t<div class=\"policy-doc\">\n    : 05 d\u00e9cembre 2025\n<\/div>\t\t\t\t<\/div>\n\t\t\t\t<\/div>\n\t\t\t\t<\/div>\n\t\t\t\t<\/div>\n\t\t\t\t<\/div>\n\t\t\t\t\t<\/div>\n\t\t\t\t<\/div>\n\t\t\t\t<\/div>","protected":false},"excerpt":{"rendered":"<p>\u0130lgili Politikalar Gizlilik Politikas\u0131 \u00c7erez Politikas\u0131 Kullan\u0131m Ko\u015fullar\u0131 Feragatname Yasal Uyar\u0131 Dan\u0131\u015fma Formu Ayd\u0131nlatma Metni Veri Sahibi Ba\u015fvuru Formu E-B\u00fclten [&hellip;]<\/p>\n","protected":false},"author":1,"featured_media":0,"parent":0,"menu_order":0,"comment_status":"closed","ping_status":"closed","template":"","meta":{"site-sidebar-layout":"no-sidebar","site-content-layout":"","ast-site-content-layout":"full-width-container","site-content-style":"default","site-sidebar-style":"default","ast-global-header-display":"","ast-banner-title-visibility":"","ast-main-header-display":"","ast-hfb-above-header-display":"","ast-hfb-below-header-display":"","ast-hfb-mobile-header-display":"","site-post-title":"disabled","ast-breadcrumbs-content":"","ast-featured-img":"disabled","footer-sml-layout":"","ast-disable-related-posts":"","theme-transparent-header-meta":"","adv-header-id-meta":"","stick-header-meta":"","header-above-stick-meta":"","header-main-stick-meta":"","header-below-stick-meta":"","astra-migrate-meta-layouts":"default","ast-page-background-enabled":"default","ast-page-background-meta":{"desktop":{"background-color":"var(--ast-global-color-5)","background-image":"","background-repeat":"repeat","background-position":"center center","background-size":"auto","background-attachment":"scroll","background-type":"","background-media":"","overlay-type":"","overlay-color":"","overlay-opacity":"","overlay-gradient":""},"tablet":{"background-color":"","background-image":"","background-repeat":"repeat","background-position":"center center","background-size":"auto","background-attachment":"scroll","background-type":"","background-media":"","overlay-type":"","overlay-color":"","overlay-opacity":"","overlay-gradient":""},"mobile":{"background-color":"","background-image":"","background-repeat":"repeat","background-position":"center center","background-size":"auto","background-attachment":"scroll","background-type":"","background-media":"","overlay-type":"","overlay-color":"","overlay-opacity":"","overlay-gradient":""}},"ast-content-background-meta":{"desktop":{"background-color":"var(--ast-global-color-4)","background-image":"","background-repeat":"repeat","background-position":"center center","background-size":"auto","background-attachment":"scroll","background-type":"","background-media":"","overlay-type":"","overlay-color":"","overlay-opacity":"","overlay-gradient":""},"tablet":{"background-color":"var(--ast-global-color-4)","background-image":"","background-repeat":"repeat","background-position":"center center","background-size":"auto","background-attachment":"scroll","background-type":"","background-media":"","overlay-type":"","overlay-color":"","overlay-opacity":"","overlay-gradient":""},"mobile":{"background-color":"var(--ast-global-color-4)","background-image":"","background-repeat":"repeat","background-position":"center center","background-size":"auto","background-attachment":"scroll","background-type":"","background-media":"","overlay-type":"","overlay-color":"","overlay-opacity":"","overlay-gradient":""}},"footnotes":""},"class_list":["post-2257","page","type-page","status-publish","hentry"],"_links":{"self":[{"href":"https:\/\/ongunpartners.com\/fr\/wp-json\/wp\/v2\/pages\/2257","targetHints":{"allow":["GET"]}}],"collection":[{"href":"https:\/\/ongunpartners.com\/fr\/wp-json\/wp\/v2\/pages"}],"about":[{"href":"https:\/\/ongunpartners.com\/fr\/wp-json\/wp\/v2\/types\/page"}],"author":[{"embeddable":true,"href":"https:\/\/ongunpartners.com\/fr\/wp-json\/wp\/v2\/users\/1"}],"replies":[{"embeddable":true,"href":"https:\/\/ongunpartners.com\/fr\/wp-json\/wp\/v2\/comments?post=2257"}],"version-history":[{"count":27,"href":"https:\/\/ongunpartners.com\/fr\/wp-json\/wp\/v2\/pages\/2257\/revisions"}],"predecessor-version":[{"id":3254,"href":"https:\/\/ongunpartners.com\/fr\/wp-json\/wp\/v2\/pages\/2257\/revisions\/3254"}],"wp:attachment":[{"href":"https:\/\/ongunpartners.com\/fr\/wp-json\/wp\/v2\/media?parent=2257"}],"curies":[{"name":"wp","href":"https:\/\/api.w.org\/{rel}","templated":true}]}}