{"id":2246,"date":"2025-12-17T11:48:03","date_gmt":"2025-12-17T11:48:03","guid":{"rendered":"http:\/\/gulseren-law-local.local\/?page_id=2246"},"modified":"2026-01-09T10:53:49","modified_gmt":"2026-01-09T10:53:49","slug":"clause-de-non-responsabilite","status":"publish","type":"page","link":"https:\/\/ongunpartners.com\/fr\/feragatname\/","title":{"rendered":"Clause de non-responsabilit\u00e9"},"content":{"rendered":"<div data-elementor-type=\"wp-page\" data-elementor-id=\"2246\" class=\"elementor elementor-2246\">\n\t\t\t\t<div class=\"elementor-element elementor-element-bccae48 e-flex e-con-boxed e-con e-parent\" data-id=\"bccae48\" data-element_type=\"container\" data-e-type=\"container\">\n\t\t\t\t\t<div class=\"e-con-inner\">\n\t\t<div class=\"elementor-element elementor-element-ee9a7ec e-con-full e-flex e-con e-child\" data-id=\"ee9a7ec\" data-element_type=\"container\" data-e-type=\"container\">\n\t\t\t\t<div class=\"elementor-element elementor-element-f8d7fdc elementor-widget elementor-widget-heading\" data-id=\"f8d7fdc\" data-element_type=\"widget\" data-e-type=\"widget\" data-widget_type=\"heading.default\">\n\t\t\t\t\t<h5 class=\"elementor-heading-title elementor-size-default\">Politiques connexes<\/h5>\t\t\t\t<\/div>\n\t\t\t\t<div class=\"elementor-element elementor-element-f342cbc elementor-widget elementor-widget-heading\" data-id=\"f342cbc\" data-element_type=\"widget\" data-e-type=\"widget\" data-widget_type=\"heading.default\">\n\t\t\t\t\t<div class=\"elementor-heading-title elementor-size-default\"><a href=\"http:\/\/ongunpartners.com\/fr\/politique-de-confidentialite\/\">Politique de confidentialit\u00e9<\/a><\/div>\t\t\t\t<\/div>\n\t\t\t\t<div class=\"elementor-element elementor-element-f2739ff elementor-widget elementor-widget-heading\" data-id=\"f2739ff\" data-element_type=\"widget\" data-e-type=\"widget\" data-widget_type=\"heading.default\">\n\t\t\t\t\t<div class=\"elementor-heading-title elementor-size-default\"><a href=\"http:\/\/ongunpartners.com\/fr\/politique-de-perez\/\">Politique en mati\u00e8re de cookies<\/a><\/div>\t\t\t\t<\/div>\n\t\t\t\t<div class=\"elementor-element elementor-element-e45aafc elementor-widget elementor-widget-heading\" data-id=\"e45aafc\" data-element_type=\"widget\" data-e-type=\"widget\" data-widget_type=\"heading.default\">\n\t\t\t\t\t<div class=\"elementor-heading-title elementor-size-default\"><a href=\"http:\/\/ongunpartners.com\/fr\/conditions-dutilisation\/\">Conditions d\u2019utilisation<\/a><\/div>\t\t\t\t<\/div>\n\t\t\t\t<div class=\"elementor-element elementor-element-5e2cbc9 elementor-widget elementor-widget-heading\" data-id=\"5e2cbc9\" data-element_type=\"widget\" data-e-type=\"widget\" data-widget_type=\"heading.default\">\n\t\t\t\t\t<div class=\"elementor-heading-title elementor-size-default\"><a href=\"http:\/\/ongunpartners.com\/fr\/clause-de-non-responsabilite\/\">Clause de non-responsabilit\u00e9<\/a><\/div>\t\t\t\t<\/div>\n\t\t\t\t<div class=\"elementor-element elementor-element-ef8738a elementor-widget elementor-widget-heading\" data-id=\"ef8738a\" data-element_type=\"widget\" data-e-type=\"widget\" data-widget_type=\"heading.default\">\n\t\t\t\t\t<div class=\"elementor-heading-title elementor-size-default\"><a href=\"http:\/\/ongunpartners.com\/fr\/avertissement-juridique\/\">Mentions Legales<\/a><\/div>\t\t\t\t<\/div>\n\t\t\t\t<div class=\"elementor-element elementor-element-41aa7fe elementor-widget elementor-widget-heading\" data-id=\"41aa7fe\" data-element_type=\"widget\" data-e-type=\"widget\" data-widget_type=\"heading.default\">\n\t\t\t\t\t<div class=\"elementor-heading-title elementor-size-default\"><a href=\"http:\/\/ongunpartners.com\/fr\/formulaire-de-conseil-texte-de-divulgation\/\">Texte d\u2019Information Relatif au Formulaire de Consultation<\/a><\/div>\t\t\t\t<\/div>\n\t\t\t\t<div class=\"elementor-element elementor-element-22f5591 elementor-widget elementor-widget-heading\" data-id=\"22f5591\" data-element_type=\"widget\" data-e-type=\"widget\" data-widget_type=\"heading.default\">\n\t\t\t\t\t<div class=\"elementor-heading-title elementor-size-default\"><a href=\"http:\/\/ongunpartners.com\/fr\/formulaire-de-demande-pour-les-personnes-concernees\/\">Le Formulaire de demande des personnes concern\u00e9es<\/a><\/div>\t\t\t\t<\/div>\n\t\t\t\t<div class=\"elementor-element elementor-element-bd8841b elementor-widget elementor-widget-heading\" data-id=\"bd8841b\" data-element_type=\"widget\" data-e-type=\"widget\" data-widget_type=\"heading.default\">\n\t\t\t\t\t<div class=\"elementor-heading-title elementor-size-default\"><a href=\"http:\/\/ongunpartners.com\/fr\/bulletin-electronique-texte-dinformation-sur-labonnement\/\">Texte d\u2019Information Relatif \u00e0 l\u2019Abonnement au Bulletin \u00c9lectronique (E-Bulletin)<\/a><\/div>\t\t\t\t<\/div>\n\t\t\t\t<\/div>\n\t\t<div class=\"elementor-element elementor-element-5f89651 e-con-full e-flex e-con e-child\" data-id=\"5f89651\" data-element_type=\"container\" data-e-type=\"container\">\n\t\t\t\t<div class=\"elementor-element elementor-element-d81d766 elementor-widget elementor-widget-html\" data-id=\"d81d766\" data-element_type=\"widget\" data-e-type=\"widget\" data-widget_type=\"html.default\">\n\t\t\t\t\t<div class=\"policy-doc\">\r\n    <h4>CLAUSE DE NON-RESPONSABILIT\u00c9<\/h4>\r\n<\/div>\r\n\t\t\t\t<\/div>\n\t\t\t\t<div class=\"elementor-element elementor-element-edbdfad elementor-widget elementor-widget-html\" data-id=\"edbdfad\" data-element_type=\"widget\" data-e-type=\"widget\" data-widget_type=\"html.default\">\n\t\t\t\t\t<div class=\"policy-doc\">\r\n    <h4>Informations g\u00e9n\u00e9rales<\/h4>\r\n    Les informations fournies sur ce site web le sont \u00e0 titre d\u2019information g\u00e9n\u00e9rale et \u00e0 des fins \u00e9ducatives uniquement. Elles sont de nature juridique, mais ne constituent en aucun cas un conseil juridique et ne cr\u00e9ent pas de relation avocat-client.\nLes visiteurs ne doivent pas se fonder sur les informations figurant sur ce site en lieu et place d\u2019un conseil juridique professionnel adapt\u00e9 \u00e0 leur situation sp\u00e9cifique.\r\n    \r\n\r\n<\/div>\r\n<br>\t\t\t\t<\/div>\n\t\t\t\t<div class=\"elementor-element elementor-element-d626429 elementor-widget elementor-widget-html\" data-id=\"d626429\" data-element_type=\"widget\" data-e-type=\"widget\" data-widget_type=\"html.default\">\n\t\t\t\t\t<div class=\"policy-doc\">\r\n    <h4>Analyses de cas et \u00e9valuations juridiques<\/h4>\r\n    Les analyses de cas, r\u00e9sum\u00e9s et \u00e9valuations juridiques publi\u00e9s sur notre site web sont fournis \u00e0 titre d\u2019exemple uniquement, dans un but d\u2019analyse g\u00e9n\u00e9rale.\nLes r\u00e9sultats pass\u00e9s ne garantissent en aucun cas des r\u00e9sultats similaires pour des affaires futures, chaque dossier \u00e9tant unique et d\u00e9pendant de nombreux facteurs juridiques et factuels.\r\n    \r\n\r\n<\/div>\r\n<br>\t\t\t\t<\/div>\n\t\t\t\t<div class=\"elementor-element elementor-element-31f40b0 elementor-widget elementor-widget-html\" data-id=\"31f40b0\" data-element_type=\"widget\" data-e-type=\"widget\" data-widget_type=\"html.default\">\n\t\t\t\t\t<div class=\"policy-doc\">\r\n    <h4>Utilisation des cookies<\/h4>\r\n    Ce site web peut utiliser des cookies afin d\u2019am\u00e9liorer l\u2019exp\u00e9rience des utilisateurs et d\u2019optimiser les fonctionnalit\u00e9s du site.\nDes cookies essentiels, n\u00e9cessaires au bon fonctionnement et \u00e0 la performance du site, ainsi que des cookies analytiques utilis\u00e9s \u00e0 des fins statistiques, peuvent \u00eatre employ\u00e9s.\nEn utilisant ce site web, vous acceptez <a href=\"http:\/\/ongunpartners.com\/fr\/politique-de-perez\/\">l\u2019utilisation des cookies<\/a>telle que d\u00e9crite dans notre politique en mati\u00e8re de cookies. Vous pouvez \u00e0 tout moment g\u00e9rer ou retirer votre consentement via nos outils de gestion des cookies.\r\n    \r\n\r\n<\/div>\r\n<br>\t\t\t\t<\/div>\n\t\t\t\t<div class=\"elementor-element elementor-element-543dbb0 elementor-widget elementor-widget-html\" data-id=\"543dbb0\" data-element_type=\"widget\" data-e-type=\"widget\" data-widget_type=\"html.default\">\n\t\t\t\t\t<div class=\"policy-doc\">\r\n    <h4>Liens externes<\/h4>\r\n    Ce site web peut contenir des liens vers des sites externes, notamment ceux d\u2019agences gouvernementales, de tribunaux, d\u2019associations d\u2019avocats ou d\u2019autres organisations officielles.\nLe cabinet d'avocats G\u00dcLSEREN \u00d6NG\u00dcN n\u2019exerce aucun contr\u00f4le sur ces sites tiers et ne saurait \u00eatre tenu responsable de l\u2019exactitude, de l\u2019exhaustivit\u00e9, de la fiabilit\u00e9 ou du contenu des informations qui y sont publi\u00e9es.\nL\u2019acc\u00e8s \u00e0 ces liens externes se fait enti\u00e8rement aux risques de l\u2019utilisateur, et leur pr\u00e9sence ne constitue en aucun cas une approbation de leur contenu.\r\n    \r\n\r\n<\/div>\r\n<br>\t\t\t\t<\/div>\n\t\t\t\t<div class=\"elementor-element elementor-element-fc42b30 elementor-widget elementor-widget-html\" data-id=\"fc42b30\" data-element_type=\"widget\" data-e-type=\"widget\" data-widget_type=\"html.default\">\n\t\t\t\t\t<div class=\"policy-doc\">\r\n    <h4>Protection des donn\u00e9es \u00e0 caract\u00e8re personnel<\/h4>\r\n    Les donn\u00e9es personnelles transmises via les formulaires de contact, de consultation ou par tout autre moyen sont trait\u00e9es conform\u00e9ment \u00e0 la loi n\u00b0 6698 sur la protection des donn\u00e9es personnelles (KVKK) et au R\u00e8glement G\u00e9n\u00e9ral sur la Protection des Donn\u00e9es (RGPD).\nLes donn\u00e9es sont trait\u00e9es exclusivement dans le but de r\u00e9pondre \u00e0 vos demandes, sur la base de votre consentement explicite ou pour la fourniture de services juridiques fond\u00e9e sur notre int\u00e9r\u00eat l\u00e9gitime.\nPour plus d\u2019informations, veuillez consulter <a href=\"http:\/\/ongunpartners.com\/fr\/politique-de-confidentialite\/\">notre politique de confidentialit\u00e9<\/a> .\r\n    \r\n\r\n<\/div>\r\n<br>\t\t\t\t<\/div>\n\t\t\t\t<div class=\"elementor-element elementor-element-eb25cf2 elementor-widget elementor-widget-html\" data-id=\"eb25cf2\" data-element_type=\"widget\" data-e-type=\"widget\" data-widget_type=\"html.default\">\n\t\t\t\t\t<div class=\"policy-doc\">\r\n    <h4>Clause de non-responsabilit\u00e9<\/h4>\r\n    Le cabinet d'avocats G\u00dcLSEREN \u00d6NG\u00dcN ne saurait \u00eatre tenu responsable des dommages directs, indirects, accessoires ou cons\u00e9cutifs pouvant r\u00e9sulter de la confiance accord\u00e9e aux informations publi\u00e9es sur ce site ou de l\u2019utilisation de celui-ci.\nCette limitation de responsabilit\u00e9 couvre notamment, sans s\u2019y limiter, les inexactitudes, erreurs ou omissions \u00e9ventuelles figurant dans le contenu du site.\r\n    \r\n\r\n<\/div>\r\n<br>\t\t\t\t<\/div>\n\t\t\t\t<div class=\"elementor-element elementor-element-981c214 elementor-widget elementor-widget-html\" data-id=\"981c214\" data-element_type=\"widget\" data-e-type=\"widget\" data-widget_type=\"html.default\">\n\t\t\t\t\t<div class=\"policy-doc\">\r\n    <h4>Contact<\/h4>\r\n    Pour toute question ou demande d\u2019ordre juridique, vous pouvez nous contacter via le formulaire de contact disponible sur notre site web.\nDans ce cadre, les informations et documents que vous partagez ou t\u00e9l\u00e9chargez sur le syst\u00e8me seront utilis\u00e9s uniquement aux fins de traitement de votre demande.\r\n    \r\n\r\n<\/div>\r\n<br>\t\t\t\t<\/div>\n\t\t\t\t<div class=\"elementor-element elementor-element-7fce4a0 elementor-widget elementor-widget-html\" data-id=\"7fce4a0\" data-element_type=\"widget\" data-e-type=\"widget\" data-widget_type=\"html.default\">\n\t\t\t\t\t<div class=\"policy-doc\">\r\n    <h4>Droit applicable<\/h4>\r\n    La pr\u00e9sente clause de non-responsabilit\u00e9 ainsi que l\u2019utilisation de notre site web sont r\u00e9gies par les lois de la R\u00e9publique de Turquie.\nTout litige d\u00e9coulant de l\u2019utilisation du site web ou en lien avec celle-ci sera r\u00e9gl\u00e9 exclusivement par voie d\u2019arbitrage devant le TOBBUYUM, <strong>conform\u00e9ment aux dispositions du R\u00e8glement d\u2019arbitrage de l\u2019Union des chambres et bourses de Turquie (TOBB).<\/strong> Le lieu de l\u2019arbitrage est fix\u00e9 \u00e0 Ankara, Turquie.\nLa langue de l\u2019arbitrage est le turc.\nLe litige sera tranch\u00e9 selon le droit turc.\nLe nombre d\u2019arbitres est fix\u00e9 \u00e0 un (1). <strong>Conform\u00e9ment au Code de proc\u00e9dure civile n\u00b0 6100, les d\u00e9cisions arbitrales sont d\u00e9finitives et contraignantes pour les parties.<\/strong>\r\n    \r\n\r\n<\/div>\r\n<br>\t\t\t\t<\/div>\n\t\t<div class=\"elementor-element elementor-element-9e26a1c e-con-full e-flex e-con e-child\" data-id=\"9e26a1c\" data-element_type=\"container\" data-e-type=\"container\">\n\t\t<div class=\"elementor-element elementor-element-13a66cb e-con-full e-flex e-con e-child\" data-id=\"13a66cb\" data-element_type=\"container\" data-e-type=\"container\">\n\t\t\t\t<\/div>\n\t\t<div class=\"elementor-element elementor-element-4b35518 e-con-full e-flex e-con e-child\" data-id=\"4b35518\" data-element_type=\"container\" data-e-type=\"container\">\n\t\t\t\t<div class=\"elementor-element elementor-element-b159cfd elementor-widget elementor-widget-html\" data-id=\"b159cfd\" data-element_type=\"widget\" data-e-type=\"widget\" data-widget_type=\"html.default\">\n\t\t\t\t\t<div class=\"policy-doc\" style=\"text-align: center;\">\n    Cordialement,\n    <br>\n    <strong>Le cabinet d'avocats G\u00dcLSEREN \u00d6NG\u00dcN<\/strong>\n<\/div>\t\t\t\t<\/div>\n\t\t\t\t<\/div>\n\t\t\t\t<\/div>\n\t\t<div class=\"elementor-element elementor-element-78f24f0 e-con-full e-flex e-con e-child\" data-id=\"78f24f0\" data-element_type=\"container\" data-e-type=\"container\">\n\t\t<div class=\"elementor-element elementor-element-e3ba985 e-con-full e-flex e-con e-child\" data-id=\"e3ba985\" data-element_type=\"container\" data-e-type=\"container\">\n\t\t<div class=\"elementor-element elementor-element-cb08aaa e-con-full e-flex e-con e-child\" data-id=\"cb08aaa\" data-element_type=\"container\" data-e-type=\"container\">\n\t\t\t\t<div class=\"elementor-element elementor-element-3140183 elementor-widget elementor-widget-html\" data-id=\"3140183\" data-element_type=\"widget\" data-e-type=\"widget\" data-widget_type=\"html.default\">\n\t\t\t\t\t<div class=\"policy-doc\">\n    Date d\u2019entr\u00e9e en vigueur\n<\/div>\t\t\t\t<\/div>\n\t\t\t\t<\/div>\n\t\t<div class=\"elementor-element elementor-element-ae726ca e-con-full e-flex e-con e-child\" data-id=\"ae726ca\" data-element_type=\"container\" data-e-type=\"container\">\n\t\t\t\t<div class=\"elementor-element elementor-element-3ce3614 elementor-widget elementor-widget-html\" data-id=\"3ce3614\" data-element_type=\"widget\" data-e-type=\"widget\" data-widget_type=\"html.default\">\n\t\t\t\t\t<div class=\"policy-doc\">\n    : 05 d\u00e9cembre 2025\n<\/div>\t\t\t\t<\/div>\n\t\t\t\t<\/div>\n\t\t\t\t<\/div>\n\t\t<div class=\"elementor-element elementor-element-65a83be e-con-full e-flex e-con e-child\" data-id=\"65a83be\" data-element_type=\"container\" data-e-type=\"container\">\n\t\t<div class=\"elementor-element elementor-element-d943910 e-con-full e-flex e-con e-child\" data-id=\"d943910\" data-element_type=\"container\" data-e-type=\"container\">\n\t\t\t\t<div class=\"elementor-element elementor-element-6aa9f5a elementor-widget elementor-widget-html\" data-id=\"6aa9f5a\" data-element_type=\"widget\" data-e-type=\"widget\" data-widget_type=\"html.default\">\n\t\t\t\t\t<div class=\"policy-doc\">\n    Derni\u00e8re mise \u00e0 jour\n<\/div>\t\t\t\t<\/div>\n\t\t\t\t<\/div>\n\t\t<div class=\"elementor-element elementor-element-26be752 e-con-full e-flex e-con e-child\" data-id=\"26be752\" data-element_type=\"container\" data-e-type=\"container\">\n\t\t\t\t<div class=\"elementor-element elementor-element-62fe805 elementor-widget elementor-widget-html\" data-id=\"62fe805\" data-element_type=\"widget\" data-e-type=\"widget\" data-widget_type=\"html.default\">\n\t\t\t\t\t<div class=\"policy-doc\">\n    : 05 d\u00e9cembre 2025\n<\/div>\t\t\t\t<\/div>\n\t\t\t\t<\/div>\n\t\t\t\t<\/div>\n\t\t\t\t<\/div>\n\t\t\t\t<\/div>\n\t\t\t\t\t<\/div>\n\t\t\t\t<\/div>\n\t\t\t\t<\/div>","protected":false},"excerpt":{"rendered":"<p>\u0130lgili Politikalar Gizlilik Politikas\u0131 \u00c7erez Politikas\u0131 Kullan\u0131m Ko\u015fullar\u0131 Feragatname Yasal Uyar\u0131 Dan\u0131\u015fma Formu Ayd\u0131nlatma Metni Veri Sahibi Ba\u015fvuru Formu E-B\u00fclten [&hellip;]<\/p>\n","protected":false},"author":1,"featured_media":0,"parent":0,"menu_order":0,"comment_status":"closed","ping_status":"closed","template":"","meta":{"site-sidebar-layout":"no-sidebar","site-content-layout":"","ast-site-content-layout":"full-width-container","site-content-style":"default","site-sidebar-style":"default","ast-global-header-display":"","ast-banner-title-visibility":"","ast-main-header-display":"","ast-hfb-above-header-display":"","ast-hfb-below-header-display":"","ast-hfb-mobile-header-display":"","site-post-title":"disabled","ast-breadcrumbs-content":"","ast-featured-img":"disabled","footer-sml-layout":"","ast-disable-related-posts":"","theme-transparent-header-meta":"","adv-header-id-meta":"","stick-header-meta":"","header-above-stick-meta":"","header-main-stick-meta":"","header-below-stick-meta":"","astra-migrate-meta-layouts":"default","ast-page-background-enabled":"default","ast-page-background-meta":{"desktop":{"background-color":"var(--ast-global-color-5)","background-image":"","background-repeat":"repeat","background-position":"center center","background-size":"auto","background-attachment":"scroll","background-type":"","background-media":"","overlay-type":"","overlay-color":"","overlay-opacity":"","overlay-gradient":""},"tablet":{"background-color":"","background-image":"","background-repeat":"repeat","background-position":"center center","background-size":"auto","background-attachment":"scroll","background-type":"","background-media":"","overlay-type":"","overlay-color":"","overlay-opacity":"","overlay-gradient":""},"mobile":{"background-color":"","background-image":"","background-repeat":"repeat","background-position":"center center","background-size":"auto","background-attachment":"scroll","background-type":"","background-media":"","overlay-type":"","overlay-color":"","overlay-opacity":"","overlay-gradient":""}},"ast-content-background-meta":{"desktop":{"background-color":"var(--ast-global-color-4)","background-image":"","background-repeat":"repeat","background-position":"center center","background-size":"auto","background-attachment":"scroll","background-type":"","background-media":"","overlay-type":"","overlay-color":"","overlay-opacity":"","overlay-gradient":""},"tablet":{"background-color":"var(--ast-global-color-4)","background-image":"","background-repeat":"repeat","background-position":"center center","background-size":"auto","background-attachment":"scroll","background-type":"","background-media":"","overlay-type":"","overlay-color":"","overlay-opacity":"","overlay-gradient":""},"mobile":{"background-color":"var(--ast-global-color-4)","background-image":"","background-repeat":"repeat","background-position":"center center","background-size":"auto","background-attachment":"scroll","background-type":"","background-media":"","overlay-type":"","overlay-color":"","overlay-opacity":"","overlay-gradient":""}},"footnotes":""},"class_list":["post-2246","page","type-page","status-publish","hentry"],"_links":{"self":[{"href":"https:\/\/ongunpartners.com\/fr\/wp-json\/wp\/v2\/pages\/2246","targetHints":{"allow":["GET"]}}],"collection":[{"href":"https:\/\/ongunpartners.com\/fr\/wp-json\/wp\/v2\/pages"}],"about":[{"href":"https:\/\/ongunpartners.com\/fr\/wp-json\/wp\/v2\/types\/page"}],"author":[{"embeddable":true,"href":"https:\/\/ongunpartners.com\/fr\/wp-json\/wp\/v2\/users\/1"}],"replies":[{"embeddable":true,"href":"https:\/\/ongunpartners.com\/fr\/wp-json\/wp\/v2\/comments?post=2246"}],"version-history":[{"count":15,"href":"https:\/\/ongunpartners.com\/fr\/wp-json\/wp\/v2\/pages\/2246\/revisions"}],"predecessor-version":[{"id":3159,"href":"https:\/\/ongunpartners.com\/fr\/wp-json\/wp\/v2\/pages\/2246\/revisions\/3159"}],"wp:attachment":[{"href":"https:\/\/ongunpartners.com\/fr\/wp-json\/wp\/v2\/media?parent=2246"}],"curies":[{"name":"wp","href":"https:\/\/api.w.org\/{rel}","templated":true}]}}