{"id":1080,"date":"2025-08-29T14:58:51","date_gmt":"2025-08-29T14:58:51","guid":{"rendered":"https:\/\/gulserenongun.com\/?page_id=1080"},"modified":"2026-01-08T08:33:33","modified_gmt":"2026-01-08T08:33:33","slug":"responsabilite-d-entreprise","status":"publish","type":"page","link":"https:\/\/ongunpartners.com\/fr\/kurumsal-sorumluluk\/","title":{"rendered":"Responsabilit\u00e9 du cabinet"},"content":{"rendered":"<div data-elementor-type=\"wp-page\" data-elementor-id=\"1080\" class=\"elementor elementor-1080\">\n\t\t\t\t<div class=\"elementor-element elementor-element-60999a7 e-con-full hero-banner e-flex e-con e-parent\" data-id=\"60999a7\" data-element_type=\"container\" data-e-type=\"container\">\n\t\t\t\t<div class=\"elementor-element elementor-element-84feae2 hero-banner-img elementor-widget elementor-widget-image\" data-id=\"84feae2\" data-element_type=\"widget\" data-e-type=\"widget\" data-widget_type=\"image.default\">\n\t\t\t\t\t\t\t\t\t\t\t\t\t\t\t<img fetchpriority=\"high\" decoding=\"async\" width=\"2560\" height=\"1153\" src=\"https:\/\/ongunpartners.com\/wp-content\/uploads\/2025\/08\/pexels-pixabay-37403-scaled.jpg\" class=\"attachment-full size-full wp-image-1101\" alt=\"\" srcset=\"https:\/\/ongunpartners.com\/wp-content\/uploads\/2025\/08\/pexels-pixabay-37403-scaled.jpg 2560w, https:\/\/ongunpartners.com\/wp-content\/uploads\/2025\/08\/pexels-pixabay-37403-300x135.jpg 300w, https:\/\/ongunpartners.com\/wp-content\/uploads\/2025\/08\/pexels-pixabay-37403-1024x461.jpg 1024w, https:\/\/ongunpartners.com\/wp-content\/uploads\/2025\/08\/pexels-pixabay-37403-768x346.jpg 768w, https:\/\/ongunpartners.com\/wp-content\/uploads\/2025\/08\/pexels-pixabay-37403-1536x692.jpg 1536w, https:\/\/ongunpartners.com\/wp-content\/uploads\/2025\/08\/pexels-pixabay-37403-2048x923.jpg 2048w, https:\/\/ongunpartners.com\/wp-content\/uploads\/2025\/08\/pexels-pixabay-37403-18x8.jpg 18w\" sizes=\"(max-width: 2560px) 100vw, 2560px\" \/>\t\t\t\t\t\t\t\t\t\t\t\t\t\t\t<\/div>\n\t\t\t\t<div class=\"elementor-element elementor-element-7f87933 hero-banner-title elementor-widget elementor-widget-heading\" data-id=\"7f87933\" data-element_type=\"widget\" data-e-type=\"widget\" data-widget_type=\"heading.default\">\n\t\t\t\t\t<h1 class=\"elementor-heading-title elementor-size-default\">Responsabilit\u00e9 du cabinet<\/h1>\t\t\t\t<\/div>\n\t\t\t\t<\/div>\n\t\t<div class=\"elementor-element elementor-element-b5853b1 e-flex e-con-boxed e-con e-parent\" data-id=\"b5853b1\" data-element_type=\"container\" data-e-type=\"container\">\n\t\t\t\t\t<div class=\"e-con-inner\">\n\t\t\t\t<div class=\"elementor-element elementor-element-7b2f1db elementor-widget elementor-widget-html\" data-id=\"7b2f1db\" data-element_type=\"widget\" data-e-type=\"widget\" data-widget_type=\"html.default\">\n\t\t\t\t\t<div class=\"policy-doc\">\r\n    Notre cabinet s\u2019engage non seulement \u00e0 atteindre l\u2019excellence juridique, mais aussi \u00e0 faire des valeurs \u00e9thiques et la responsabilit\u00e9 sociale ses principes fondamentaux. Au-del\u00e0 des services juridiques que nous fournissons, nous menons nos activit\u00e9s avec une vision qui maximise notre impact social, environnemental et \u00e9thique.\r\n\r\n    <br><br>\r\n\r\n    \r\n\r\n    \r\n    \r\n<\/div>\r\n\t\t\t\t<\/div>\n\t\t\t\t<div class=\"elementor-element elementor-element-e419a0a elementor-widget elementor-widget-html\" data-id=\"e419a0a\" data-element_type=\"widget\" data-e-type=\"widget\" data-widget_type=\"html.default\">\n\t\t\t\t\t<div class=\"policy-doc\">\r\n    <h4>1. Contribution sociale et leadership \u00e9thique<\/h4>\r\n    \r\n    \r\n    Nous mettons nos connaissances juridiques et notre passion professionnelle au service de la soci\u00e9t\u00e9 pour promouvoir un acc\u00e8s \u00e9quitable \u00e0 la justice. \u00c0 travers nos activit\u00e9s \u00ab Pro Bono \u00bb \/ d\u2019aide juridictionnelle et de b\u00e9n\u00e9volat, nous soutenons les droits fondamentaux des groupes d\u00e9favoris\u00e9s et la protection des droits humains. Nous contribuons \u00e9galement \u00e0 renforcer la solidarit\u00e9 sociale en collaborant avec des organisations non gouvernementales dans les domaines de la sant\u00e9, de l\u2019\u00e9ducation et de la sensibilisation juridique.\r\n\r\n    <br><br>\r\n\r\n    \r\n\r\n    \r\n    \r\n<\/div>\r\n\t\t\t\t<\/div>\n\t\t\t\t<div class=\"elementor-element elementor-element-25a97c4 elementor-widget elementor-widget-html\" data-id=\"25a97c4\" data-element_type=\"widget\" data-e-type=\"widget\" data-widget_type=\"html.default\">\n\t\t\t\t\t<div class=\"policy-doc\">\r\n    <h4>2. Culture d\u2019int\u00e9gration et diversit\u00e9 professionnelle<\/h4>\r\n    \r\n    \r\n    La diversit\u00e9 et l\u2019inclusion sont au c\u0153ur de nos valeurs et enrichissent la qualit\u00e9 de nos services. La combinaison de perspectives culturelles et professionnelles diff\u00e9rentes renforce notre capacit\u00e9 \u00e0 proposer des solutions juridiques innovantes. Cette approche permet non seulement de cr\u00e9er un environnement de travail respectueux et \u00e9thique, mais aussi d\u2019apporter \u00e0 nos clients des r\u00e9sultats strat\u00e9giques pr\u00e9cis, globaux et pertinents.\r\n\r\n    <br><br>\r\n\r\n    \r\n\r\n    \r\n    \r\n<\/div>\r\n\t\t\t\t<\/div>\n\t\t\t\t<div class=\"elementor-element elementor-element-a8b850e elementor-widget elementor-widget-html\" data-id=\"a8b850e\" data-element_type=\"widget\" data-e-type=\"widget\" data-widget_type=\"html.default\">\n\t\t\t\t\t<div class=\"policy-doc\">\r\n    <h4>3. Gestion de l\u2019environnement et engagement pour le d\u00e9veloppement durable<\/h4>\r\n    \r\n    \r\n    Nous sommes pleinement conscients de notre responsabilit\u00e9 envers l\u2019environnement et la lutte contre le changement climatique. Nos principes de d\u00e9veloppement durable s\u2019int\u00e8grent \u00e0 nos activit\u00e9s et services afin de r\u00e9duire l\u2019impact environnemental et les risques li\u00e9s \u00e0 nos op\u00e9rations, notamment en minimisant la consommation d\u2019\u00e9nergie et des ressources naturelles. Par ces efforts, nous nous engageons \u00e0 jouer un r\u00f4le actif dans la promotion d\u2019un environnement plus sain et durable.\r\n\r\n    <br><br>\r\n\r\n    \r\n\r\n    \r\n    \r\n<\/div>\r\n\t\t\t\t<\/div>\n\t\t\t\t\t<\/div>\n\t\t\t\t<\/div>\n\t\t<div class=\"elementor-element elementor-element-22ffd2d e-con-full e-flex e-con e-parent\" data-id=\"22ffd2d\" data-element_type=\"container\" data-e-type=\"container\">\n\t\t\t\t<div class=\"elementor-element elementor-element-7287555 elementor-widget elementor-widget-image\" data-id=\"7287555\" data-element_type=\"widget\" data-e-type=\"widget\" data-widget_type=\"image.default\">\n\t\t\t\t\t\t\t\t\t\t\t\t\t\t\t<img decoding=\"async\" width=\"1419\" height=\"1069\" src=\"https:\/\/ongunpartners.com\/wp-content\/uploads\/2025\/10\/res1a.jpg\" class=\"attachment-full size-full wp-image-1887\" alt=\"\" srcset=\"https:\/\/ongunpartners.com\/wp-content\/uploads\/2025\/10\/res1a.jpg 1419w, https:\/\/ongunpartners.com\/wp-content\/uploads\/2025\/10\/res1a-300x226.jpg 300w, https:\/\/ongunpartners.com\/wp-content\/uploads\/2025\/10\/res1a-1024x771.jpg 1024w, https:\/\/ongunpartners.com\/wp-content\/uploads\/2025\/10\/res1a-768x579.jpg 768w, https:\/\/ongunpartners.com\/wp-content\/uploads\/2025\/10\/res1a-16x12.jpg 16w\" sizes=\"(max-width: 1419px) 100vw, 1419px\" \/>\t\t\t\t\t\t\t\t\t\t\t\t\t\t\t<\/div>\n\t\t\t\t<\/div>\n\t\t\t\t<\/div>","protected":false},"excerpt":{"rendered":"<p>Kurumsal Sorumluluk Hukuk b\u00fcromuz, sadece hukuki m\u00fckemmelli\u011fi de\u011fil, ayn\u0131 zamanda etik de\u011ferleri ve toplumsal sorumlulu\u011fu temel ilkeleri olarak benimsemektedir. Sundu\u011fumuz [&hellip;]<\/p>\n","protected":false},"author":1,"featured_media":0,"parent":0,"menu_order":0,"comment_status":"closed","ping_status":"closed","template":"","meta":{"site-sidebar-layout":"no-sidebar","site-content-layout":"","ast-site-content-layout":"full-width-container","site-content-style":"default","site-sidebar-style":"default","ast-global-header-display":"","ast-banner-title-visibility":"","ast-main-header-display":"","ast-hfb-above-header-display":"","ast-hfb-below-header-display":"","ast-hfb-mobile-header-display":"","site-post-title":"disabled","ast-breadcrumbs-content":"","ast-featured-img":"disabled","footer-sml-layout":"","ast-disable-related-posts":"","theme-transparent-header-meta":"","adv-header-id-meta":"","stick-header-meta":"","header-above-stick-meta":"","header-main-stick-meta":"","header-below-stick-meta":"","astra-migrate-meta-layouts":"default","ast-page-background-enabled":"default","ast-page-background-meta":{"desktop":{"background-color":"var(--ast-global-color-5)","background-image":"","background-repeat":"repeat","background-position":"center center","background-size":"auto","background-attachment":"scroll","background-type":"","background-media":"","overlay-type":"","overlay-color":"","overlay-opacity":"","overlay-gradient":""},"tablet":{"background-color":"","background-image":"","background-repeat":"repeat","background-position":"center center","background-size":"auto","background-attachment":"scroll","background-type":"","background-media":"","overlay-type":"","overlay-color":"","overlay-opacity":"","overlay-gradient":""},"mobile":{"background-color":"","background-image":"","background-repeat":"repeat","background-position":"center center","background-size":"auto","background-attachment":"scroll","background-type":"","background-media":"","overlay-type":"","overlay-color":"","overlay-opacity":"","overlay-gradient":""}},"ast-content-background-meta":{"desktop":{"background-color":"var(--ast-global-color-4)","background-image":"","background-repeat":"repeat","background-position":"center center","background-size":"auto","background-attachment":"scroll","background-type":"","background-media":"","overlay-type":"","overlay-color":"","overlay-opacity":"","overlay-gradient":""},"tablet":{"background-color":"var(--ast-global-color-4)","background-image":"","background-repeat":"repeat","background-position":"center center","background-size":"auto","background-attachment":"scroll","background-type":"","background-media":"","overlay-type":"","overlay-color":"","overlay-opacity":"","overlay-gradient":""},"mobile":{"background-color":"var(--ast-global-color-4)","background-image":"","background-repeat":"repeat","background-position":"center center","background-size":"auto","background-attachment":"scroll","background-type":"","background-media":"","overlay-type":"","overlay-color":"","overlay-opacity":"","overlay-gradient":""}},"footnotes":""},"class_list":["post-1080","page","type-page","status-publish","hentry"],"_links":{"self":[{"href":"https:\/\/ongunpartners.com\/fr\/wp-json\/wp\/v2\/pages\/1080","targetHints":{"allow":["GET"]}}],"collection":[{"href":"https:\/\/ongunpartners.com\/fr\/wp-json\/wp\/v2\/pages"}],"about":[{"href":"https:\/\/ongunpartners.com\/fr\/wp-json\/wp\/v2\/types\/page"}],"author":[{"embeddable":true,"href":"https:\/\/ongunpartners.com\/fr\/wp-json\/wp\/v2\/users\/1"}],"replies":[{"embeddable":true,"href":"https:\/\/ongunpartners.com\/fr\/wp-json\/wp\/v2\/comments?post=1080"}],"version-history":[{"count":47,"href":"https:\/\/ongunpartners.com\/fr\/wp-json\/wp\/v2\/pages\/1080\/revisions"}],"predecessor-version":[{"id":2967,"href":"https:\/\/ongunpartners.com\/fr\/wp-json\/wp\/v2\/pages\/1080\/revisions\/2967"}],"wp:attachment":[{"href":"https:\/\/ongunpartners.com\/fr\/wp-json\/wp\/v2\/media?parent=1080"}],"curies":[{"name":"wp","href":"https:\/\/api.w.org\/{rel}","templated":true}]}}