{"id":3071,"date":"2026-01-08T14:44:54","date_gmt":"2026-01-08T14:44:54","guid":{"rendered":"https:\/\/ongunpartners.com\/?page_id=3071"},"modified":"2026-01-08T14:46:22","modified_gmt":"2026-01-08T14:46:22","slug":"cevresel-sosyal-ve-yonetisim-csy-hukuku-ve-surdurulebilirlik-danismanligi","status":"publish","type":"page","link":"https:\/\/ongunpartners.com\/en\/cevresel-sosyal-ve-yonetisim-csy-hukuku-ve-surdurulebilirlik-danismanligi\/","title":{"rendered":"Environmental, Social, and Governance (ESG) Law and Sustainability Consulting"},"content":{"rendered":"<div data-elementor-type=\"wp-page\" data-elementor-id=\"3071\" class=\"elementor elementor-3071\">\n\t\t\t\t<div class=\"elementor-element elementor-element-b8b0b29 e-flex e-con-boxed e-con e-parent\" data-id=\"b8b0b29\" data-element_type=\"container\" data-e-type=\"container\">\n\t\t\t\t\t<div class=\"e-con-inner\">\n\t\t\t\t<div class=\"elementor-element elementor-element-c2813ab elementor-widget elementor-widget-html\" data-id=\"c2813ab\" data-element_type=\"widget\" data-e-type=\"widget\" data-widget_type=\"html.default\">\n\t\t\t\t\t<div class=\"policy-doc\">\r\n    <h2>Environmental, Social, and Governance (ESG) Law and Sustainability Consulting<\/h2>\r\n    \r\n    \r\n    Today&#039;s business world is obligated to fulfill its environmental responsibilities, manage its social\nimpact, and adhere to effective governance principles. The rapid development in the field of\nEnvironmental, Social, and Governance (ESG), driven by national and international regulatory\nbodies, has necessitated heightened corporate awareness regarding sustainability and corporate\nsocial responsibility.\r\n\r\n    <br><br>\r\n    \r\n    Based on this necessity, our law firm provides comprehensive legal consulting services on ESG\nand sustainability matters to clients across various sectors. We combine our expertise in areas such\n\nas international trade, banking and finance, capital markets, environmental law, and energy law to\nguide our clients in their strategic and operational decisions in this field.\r\n\r\n    <br><br>\r\n    \r\n    Our key services include: Supply Chain Compliance initiatives, Reporting activities related to the\nEmissions Trading System and the Carbon Border Adjustment Mechanism (CBAM), Consulting\non green finance and bonds, and ESG compliance and strategy development services.\r\n\r\n    <br><br>\r\n    \r\n    We aim to ensure our clients&#039; full alignment with national and international regulations, serving as\na reliable legal partner in achieving their sustainability goals.\r\n\r\n    \r\n\r\n    \r\n    \r\n<\/div>\r\n\t\t\t\t<\/div>\n\t\t\t\t\t<\/div>\n\t\t\t\t<\/div>\n\t\t\t\t<\/div>","protected":false},"excerpt":{"rendered":"<p>\u00c7evresel, Sosyal ve Y\u00f6neti\u015fim (\u00c7SY) Hukuku ve S\u00fcrd\u00fcr\u00fclebilirlik Dan\u0131\u015fmanl\u0131\u011f\u0131 G\u00fcn\u00fcm\u00fczde i\u015f d\u00fcnyas\u0131, \u00e7evresel sorumluluklar\u0131 yerine getirme, toplumsal etkileri y\u00f6netme ve [&hellip;]<\/p>\n","protected":false},"author":1,"featured_media":0,"parent":0,"menu_order":0,"comment_status":"closed","ping_status":"closed","template":"","meta":{"site-sidebar-layout":"no-sidebar","site-content-layout":"","ast-site-content-layout":"full-width-container","site-content-style":"default","site-sidebar-style":"default","ast-global-header-display":"","ast-banner-title-visibility":"","ast-main-header-display":"","ast-hfb-above-header-display":"","ast-hfb-below-header-display":"","ast-hfb-mobile-header-display":"","site-post-title":"disabled","ast-breadcrumbs-content":"","ast-featured-img":"disabled","footer-sml-layout":"","ast-disable-related-posts":"","theme-transparent-header-meta":"","adv-header-id-meta":"","stick-header-meta":"","header-above-stick-meta":"","header-main-stick-meta":"","header-below-stick-meta":"","astra-migrate-meta-layouts":"default","ast-page-background-enabled":"default","ast-page-background-meta":{"desktop":{"background-color":"var(--ast-global-color-5)","background-image":"","background-repeat":"repeat","background-position":"center center","background-size":"auto","background-attachment":"scroll","background-type":"","background-media":"","overlay-type":"","overlay-color":"","overlay-opacity":"","overlay-gradient":""},"tablet":{"background-color":"","background-image":"","background-repeat":"repeat","background-position":"center center","background-size":"auto","background-attachment":"scroll","background-type":"","background-media":"","overlay-type":"","overlay-color":"","overlay-opacity":"","overlay-gradient":""},"mobile":{"background-color":"","background-image":"","background-repeat":"repeat","background-position":"center center","background-size":"auto","background-attachment":"scroll","background-type":"","background-media":"","overlay-type":"","overlay-color":"","overlay-opacity":"","overlay-gradient":""}},"ast-content-background-meta":{"desktop":{"background-color":"var(--ast-global-color-4)","background-image":"","background-repeat":"repeat","background-position":"center center","background-size":"auto","background-attachment":"scroll","background-type":"","background-media":"","overlay-type":"","overlay-color":"","overlay-opacity":"","overlay-gradient":""},"tablet":{"background-color":"var(--ast-global-color-4)","background-image":"","background-repeat":"repeat","background-position":"center center","background-size":"auto","background-attachment":"scroll","background-type":"","background-media":"","overlay-type":"","overlay-color":"","overlay-opacity":"","overlay-gradient":""},"mobile":{"background-color":"var(--ast-global-color-4)","background-image":"","background-repeat":"repeat","background-position":"center center","background-size":"auto","background-attachment":"scroll","background-type":"","background-media":"","overlay-type":"","overlay-color":"","overlay-opacity":"","overlay-gradient":""}},"footnotes":""},"class_list":["post-3071","page","type-page","status-publish","hentry"],"_links":{"self":[{"href":"https:\/\/ongunpartners.com\/en\/wp-json\/wp\/v2\/pages\/3071","targetHints":{"allow":["GET"]}}],"collection":[{"href":"https:\/\/ongunpartners.com\/en\/wp-json\/wp\/v2\/pages"}],"about":[{"href":"https:\/\/ongunpartners.com\/en\/wp-json\/wp\/v2\/types\/page"}],"author":[{"embeddable":true,"href":"https:\/\/ongunpartners.com\/en\/wp-json\/wp\/v2\/users\/1"}],"replies":[{"embeddable":true,"href":"https:\/\/ongunpartners.com\/en\/wp-json\/wp\/v2\/comments?post=3071"}],"version-history":[{"count":5,"href":"https:\/\/ongunpartners.com\/en\/wp-json\/wp\/v2\/pages\/3071\/revisions"}],"predecessor-version":[{"id":3076,"href":"https:\/\/ongunpartners.com\/en\/wp-json\/wp\/v2\/pages\/3071\/revisions\/3076"}],"wp:attachment":[{"href":"https:\/\/ongunpartners.com\/en\/wp-json\/wp\/v2\/media?parent=3071"}],"curies":[{"name":"wp","href":"https:\/\/api.w.org\/{rel}","templated":true}]}}