{"id":3062,"date":"2026-01-08T14:43:02","date_gmt":"2026-01-08T14:43:02","guid":{"rendered":"https:\/\/ongunpartners.com\/?page_id=3062"},"modified":"2026-01-08T14:44:19","modified_gmt":"2026-01-08T14:44:19","slug":"alternatif-uyusmazlik-cozum-yontemleri-ve-dava-takibi","status":"publish","type":"page","link":"https:\/\/ongunpartners.com\/en\/alternatif-uyusmazlik-cozum-yontemleri-ve-dava-takibi\/","title":{"rendered":"Alternative Dispute Resolution and Litigation Services"},"content":{"rendered":"<div data-elementor-type=\"wp-page\" data-elementor-id=\"3062\" class=\"elementor elementor-3062\">\n\t\t\t\t<div class=\"elementor-element elementor-element-3decafa e-flex e-con-boxed e-con e-parent\" data-id=\"3decafa\" data-element_type=\"container\" data-e-type=\"container\">\n\t\t\t\t\t<div class=\"e-con-inner\">\n\t\t\t\t<div class=\"elementor-element elementor-element-98c7358 elementor-widget elementor-widget-html\" data-id=\"98c7358\" data-element_type=\"widget\" data-e-type=\"widget\" data-widget_type=\"html.default\">\n\t\t\t\t\t<div class=\"policy-doc\">\r\n    <h2>Alternative Dispute Resolution and Litigation Services<\/h2>\r\n    \r\n    \r\n    Our law firm prioritizes conciliatory and constructive resolution methods when addressing our\nclients&#039; legal disputes. Within this framework, we aim to establish lasting settlements that preserve\ncommercial and personal relationships by effectively utilizing out-of-court mechanisms such as\nmediation and arbitration.\r\n\r\n    <br><br>\r\n    \r\n    Should a settlement not be reached, we initiate the necessary legal process. We provide\nrepresentation in litigation covering Private Law (Commercial, Obligations, Labor, Consumer,\netc.) disputes, as well as in the supportive fields of Administrative Law, Tax Law, and relevant\nCriminal Law disputes before the competent judicial authorities.\r\n\r\n    <br><br>\r\n    \r\n    At every stage of the dispute, we offer highly professional and results-oriented client\nrepresentation services, ensuring the comprehensive protection of our clients&#039; rights.\r\n\r\n    \r\n\r\n    \r\n    \r\n<\/div>\r\n\t\t\t\t<\/div>\n\t\t\t\t\t<\/div>\n\t\t\t\t<\/div>\n\t\t\t\t<\/div>","protected":false},"excerpt":{"rendered":"<p>Alternatif Uyu\u015fmazl\u0131k \u00c7\u00f6z\u00fcm Y\u00f6ntemleri ve Dava Takibi Hukuk b\u00fcromuz, m\u00fcvekkillerimizin hukuki ihtilaflar\u0131n\u0131 \u00e7\u00f6z\u00fcme kavu\u015ftururken, \u00f6ncelikli olarak sulh odakl\u0131 ve yap\u0131c\u0131 [&hellip;]<\/p>\n","protected":false},"author":1,"featured_media":0,"parent":0,"menu_order":0,"comment_status":"closed","ping_status":"closed","template":"","meta":{"site-sidebar-layout":"no-sidebar","site-content-layout":"","ast-site-content-layout":"full-width-container","site-content-style":"default","site-sidebar-style":"default","ast-global-header-display":"","ast-banner-title-visibility":"","ast-main-header-display":"","ast-hfb-above-header-display":"","ast-hfb-below-header-display":"","ast-hfb-mobile-header-display":"","site-post-title":"disabled","ast-breadcrumbs-content":"","ast-featured-img":"disabled","footer-sml-layout":"","ast-disable-related-posts":"","theme-transparent-header-meta":"","adv-header-id-meta":"","stick-header-meta":"","header-above-stick-meta":"","header-main-stick-meta":"","header-below-stick-meta":"","astra-migrate-meta-layouts":"default","ast-page-background-enabled":"default","ast-page-background-meta":{"desktop":{"background-color":"var(--ast-global-color-5)","background-image":"","background-repeat":"repeat","background-position":"center center","background-size":"auto","background-attachment":"scroll","background-type":"","background-media":"","overlay-type":"","overlay-color":"","overlay-opacity":"","overlay-gradient":""},"tablet":{"background-color":"","background-image":"","background-repeat":"repeat","background-position":"center center","background-size":"auto","background-attachment":"scroll","background-type":"","background-media":"","overlay-type":"","overlay-color":"","overlay-opacity":"","overlay-gradient":""},"mobile":{"background-color":"","background-image":"","background-repeat":"repeat","background-position":"center center","background-size":"auto","background-attachment":"scroll","background-type":"","background-media":"","overlay-type":"","overlay-color":"","overlay-opacity":"","overlay-gradient":""}},"ast-content-background-meta":{"desktop":{"background-color":"var(--ast-global-color-4)","background-image":"","background-repeat":"repeat","background-position":"center center","background-size":"auto","background-attachment":"scroll","background-type":"","background-media":"","overlay-type":"","overlay-color":"","overlay-opacity":"","overlay-gradient":""},"tablet":{"background-color":"var(--ast-global-color-4)","background-image":"","background-repeat":"repeat","background-position":"center center","background-size":"auto","background-attachment":"scroll","background-type":"","background-media":"","overlay-type":"","overlay-color":"","overlay-opacity":"","overlay-gradient":""},"mobile":{"background-color":"var(--ast-global-color-4)","background-image":"","background-repeat":"repeat","background-position":"center center","background-size":"auto","background-attachment":"scroll","background-type":"","background-media":"","overlay-type":"","overlay-color":"","overlay-opacity":"","overlay-gradient":""}},"footnotes":""},"class_list":["post-3062","page","type-page","status-publish","hentry"],"_links":{"self":[{"href":"https:\/\/ongunpartners.com\/en\/wp-json\/wp\/v2\/pages\/3062","targetHints":{"allow":["GET"]}}],"collection":[{"href":"https:\/\/ongunpartners.com\/en\/wp-json\/wp\/v2\/pages"}],"about":[{"href":"https:\/\/ongunpartners.com\/en\/wp-json\/wp\/v2\/types\/page"}],"author":[{"embeddable":true,"href":"https:\/\/ongunpartners.com\/en\/wp-json\/wp\/v2\/users\/1"}],"replies":[{"embeddable":true,"href":"https:\/\/ongunpartners.com\/en\/wp-json\/wp\/v2\/comments?post=3062"}],"version-history":[{"count":5,"href":"https:\/\/ongunpartners.com\/en\/wp-json\/wp\/v2\/pages\/3062\/revisions"}],"predecessor-version":[{"id":3067,"href":"https:\/\/ongunpartners.com\/en\/wp-json\/wp\/v2\/pages\/3062\/revisions\/3067"}],"wp:attachment":[{"href":"https:\/\/ongunpartners.com\/en\/wp-json\/wp\/v2\/media?parent=3062"}],"curies":[{"name":"wp","href":"https:\/\/api.w.org\/{rel}","templated":true}]}}