{"id":3053,"date":"2026-01-08T14:35:54","date_gmt":"2026-01-08T14:35:54","guid":{"rendered":"https:\/\/ongunpartners.com\/?page_id=3053"},"modified":"2026-01-08T14:41:56","modified_gmt":"2026-01-08T14:41:56","slug":"legal-compliance-and-risk-management-consultancy","status":"publish","type":"page","link":"https:\/\/ongunpartners.com\/en\/yasal-uyum-ve-risk-yonetimi-danismanligi\/","title":{"rendered":"Legal Compliance and Risk Management Consultancy"},"content":{"rendered":"<div data-elementor-type=\"wp-page\" data-elementor-id=\"3053\" class=\"elementor elementor-3053\">\n\t\t\t\t<div class=\"elementor-element elementor-element-6d40c05 e-flex e-con-boxed e-con e-parent\" data-id=\"6d40c05\" data-element_type=\"container\" data-e-type=\"container\">\n\t\t\t\t\t<div class=\"e-con-inner\">\n\t\t\t\t<div class=\"elementor-element elementor-element-91e618b elementor-widget elementor-widget-html\" data-id=\"91e618b\" data-element_type=\"widget\" data-e-type=\"widget\" data-widget_type=\"html.default\">\n\t\t\t\t\t<div class=\"policy-doc\">\r\n    <h2>Legal Compliance and Risk Management Consultancy<\/h2>\r\n    \r\n    \r\n    To prevent companies from facing administrative fines in the rapidly changing structure of the business world and\r\nIn order to ensure operational continuity, compliance with legislation and changing regulations is of great importance.\r\nis being carried.\r\n\r\n    <br><br>\r\n    \r\n    Our law firm operates in various sectors such as financial institutions, healthcare, retail and energy.\r\nchecks the legal compliance levels of our clients. Current operational processes,\r\nWe identify risks by analyzing corporate governance procedures and report them to senior management.\r\nWe then develop the necessary roadmap to ensure that all activities of the company are in compliance with the legislation.\r\nand we organize internal compliance trainings.\r\n\r\n    <br><br>\r\n    \r\n    Our compliance consultancy services, especially competition law, personal data protection,\r\nanti-corruption and labor law. In these areas, our clients\r\nWe design and implement comprehensive compliance programs to address their specific needs:\r\n\r\n    \r\n\r\n    \r\n    \r\n<\/div>\r\n\t\t\t\t<\/div>\n\t\t\t\t<div class=\"elementor-element elementor-element-7d03edc elementor-widget elementor-widget-html\" data-id=\"7d03edc\" data-element_type=\"widget\" data-e-type=\"widget\" data-widget_type=\"html.default\">\n\t\t\t\t\t<div class=\"policy-doc\">\r\n\r\n    <strong>Competition Adaptation Programs: <\/strong>Rapid assessments specific to the structure and risks of the company\r\nand makes the necessary arrangements for the elimination of competition law risks, and\r\nwe support with trainings.\r\n\r\n    <br><br>\r\n    \r\n    <strong>Personal Data Protection Compliance Programs: <\/strong>Our clients have the right\r\nto determine their responsibilities correctly, to identify internal risks, to define data processing policies and\r\ndocuments, train relevant personnel and integrate legal obligations into the operation of the company.\r\nto fulfill it appropriately.\r\n\r\n    <br><br>\r\n    \r\n    <strong>Anti-Corruption Compliance Programs: <\/strong>Providing legal security to client companies and\r\nthe file to anticipate and eliminate corruption risks with significant uncertainties\r\nWe offer customized programs based on their specific facts.\r\n\r\n    <br><br>\r\n    \r\n    <strong>Labor Law Compliance Programs: <\/strong>Establishment of internal labor law policies, legislation and\r\ninforming about case law, taking precautions against risks, and the employment relationship\r\nEnsuring full compliance with the legislation by training employees responsible for the processes\r\nwe are aiming for.\r\n\r\n    \r\n    <br><br>\r\n    \r\n    With our client-oriented approach, we minimize legal risks and ensure that business processes comply with the law,\r\nefficiently and safely.\r\n    \r\n    \r\n<\/div>\r\n\t\t\t\t<\/div>\n\t\t\t\t\t<\/div>\n\t\t\t\t<\/div>\n\t\t\t\t<\/div>","protected":false},"excerpt":{"rendered":"<p>Yasal Uyum ve Risk Y\u00f6netimi Dan\u0131\u015fmanl\u0131\u011f\u0131 \u0130\u015f d\u00fcnyas\u0131n\u0131n h\u0131zla de\u011fi\u015fen yap\u0131s\u0131nda, \u015firketlerin idari para cezalar\u0131yla kar\u015f\u0131la\u015fmas\u0131n\u0131 \u00f6nlemek ve operasyonel s\u00fcreklili\u011fi [&hellip;]<\/p>\n","protected":false},"author":1,"featured_media":0,"parent":0,"menu_order":0,"comment_status":"closed","ping_status":"closed","template":"","meta":{"site-sidebar-layout":"no-sidebar","site-content-layout":"","ast-site-content-layout":"full-width-container","site-content-style":"default","site-sidebar-style":"default","ast-global-header-display":"","ast-banner-title-visibility":"","ast-main-header-display":"","ast-hfb-above-header-display":"","ast-hfb-below-header-display":"","ast-hfb-mobile-header-display":"","site-post-title":"disabled","ast-breadcrumbs-content":"","ast-featured-img":"disabled","footer-sml-layout":"","ast-disable-related-posts":"","theme-transparent-header-meta":"","adv-header-id-meta":"","stick-header-meta":"","header-above-stick-meta":"","header-main-stick-meta":"","header-below-stick-meta":"","astra-migrate-meta-layouts":"default","ast-page-background-enabled":"default","ast-page-background-meta":{"desktop":{"background-color":"var(--ast-global-color-5)","background-image":"","background-repeat":"repeat","background-position":"center center","background-size":"auto","background-attachment":"scroll","background-type":"","background-media":"","overlay-type":"","overlay-color":"","overlay-opacity":"","overlay-gradient":""},"tablet":{"background-color":"","background-image":"","background-repeat":"repeat","background-position":"center center","background-size":"auto","background-attachment":"scroll","background-type":"","background-media":"","overlay-type":"","overlay-color":"","overlay-opacity":"","overlay-gradient":""},"mobile":{"background-color":"","background-image":"","background-repeat":"repeat","background-position":"center center","background-size":"auto","background-attachment":"scroll","background-type":"","background-media":"","overlay-type":"","overlay-color":"","overlay-opacity":"","overlay-gradient":""}},"ast-content-background-meta":{"desktop":{"background-color":"var(--ast-global-color-4)","background-image":"","background-repeat":"repeat","background-position":"center center","background-size":"auto","background-attachment":"scroll","background-type":"","background-media":"","overlay-type":"","overlay-color":"","overlay-opacity":"","overlay-gradient":""},"tablet":{"background-color":"var(--ast-global-color-4)","background-image":"","background-repeat":"repeat","background-position":"center center","background-size":"auto","background-attachment":"scroll","background-type":"","background-media":"","overlay-type":"","overlay-color":"","overlay-opacity":"","overlay-gradient":""},"mobile":{"background-color":"var(--ast-global-color-4)","background-image":"","background-repeat":"repeat","background-position":"center center","background-size":"auto","background-attachment":"scroll","background-type":"","background-media":"","overlay-type":"","overlay-color":"","overlay-opacity":"","overlay-gradient":""}},"footnotes":""},"class_list":["post-3053","page","type-page","status-publish","hentry"],"_links":{"self":[{"href":"https:\/\/ongunpartners.com\/en\/wp-json\/wp\/v2\/pages\/3053","targetHints":{"allow":["GET"]}}],"collection":[{"href":"https:\/\/ongunpartners.com\/en\/wp-json\/wp\/v2\/pages"}],"about":[{"href":"https:\/\/ongunpartners.com\/en\/wp-json\/wp\/v2\/types\/page"}],"author":[{"embeddable":true,"href":"https:\/\/ongunpartners.com\/en\/wp-json\/wp\/v2\/users\/1"}],"replies":[{"embeddable":true,"href":"https:\/\/ongunpartners.com\/en\/wp-json\/wp\/v2\/comments?post=3053"}],"version-history":[{"count":5,"href":"https:\/\/ongunpartners.com\/en\/wp-json\/wp\/v2\/pages\/3053\/revisions"}],"predecessor-version":[{"id":3058,"href":"https:\/\/ongunpartners.com\/en\/wp-json\/wp\/v2\/pages\/3053\/revisions\/3058"}],"wp:attachment":[{"href":"https:\/\/ongunpartners.com\/en\/wp-json\/wp\/v2\/media?parent=3053"}],"curies":[{"name":"wp","href":"https:\/\/api.w.org\/{rel}","templated":true}]}}