{"id":2286,"date":"2025-10-02T12:55:11","date_gmt":"2025-10-02T12:55:11","guid":{"rendered":"http:\/\/gulseren-law-local.local\/?page_id=1215"},"modified":"2026-01-09T10:55:15","modified_gmt":"2026-01-09T10:55:15","slug":"data-subject-application-form","status":"publish","type":"page","link":"https:\/\/ongunpartners.com\/en\/veri-sahibi-basvuru-formu\/","title":{"rendered":"Data Subject Application Form"},"content":{"rendered":"<div data-elementor-type=\"wp-page\" data-elementor-id=\"2286\" class=\"elementor elementor-2286\">\n\t\t\t\t<div class=\"elementor-element elementor-element-cfe6883 e-flex e-con-boxed e-con e-parent\" data-id=\"cfe6883\" data-element_type=\"container\" data-e-type=\"container\">\n\t\t\t\t\t<div class=\"e-con-inner\">\n\t\t<div class=\"elementor-element elementor-element-085390a e-con-full e-flex e-con e-child\" data-id=\"085390a\" data-element_type=\"container\" data-e-type=\"container\">\n\t\t\t\t<div class=\"elementor-element elementor-element-8a48d39 elementor-widget elementor-widget-heading\" data-id=\"8a48d39\" data-element_type=\"widget\" data-e-type=\"widget\" data-widget_type=\"heading.default\">\n\t\t\t\t\t<h5 class=\"elementor-heading-title elementor-size-default\">Related Policies<\/h5>\t\t\t\t<\/div>\n\t\t\t\t<div class=\"elementor-element elementor-element-3ab2e37 elementor-widget elementor-widget-heading\" data-id=\"3ab2e37\" data-element_type=\"widget\" data-e-type=\"widget\" data-widget_type=\"heading.default\">\n\t\t\t\t\t<div class=\"elementor-heading-title elementor-size-default\"><a href=\"http:\/\/ongunpartners.com\/en\/privacy-policy\/\">Privacy Policy<\/a><\/div>\t\t\t\t<\/div>\n\t\t\t\t<div class=\"elementor-element elementor-element-eb1af0b elementor-widget elementor-widget-heading\" data-id=\"eb1af0b\" data-element_type=\"widget\" data-e-type=\"widget\" data-widget_type=\"heading.default\">\n\t\t\t\t\t<div class=\"elementor-heading-title elementor-size-default\"><a href=\"http:\/\/ongunpartners.com\/en\/cookie-policy\/\">Cookie Policy<\/a><\/div>\t\t\t\t<\/div>\n\t\t\t\t<div class=\"elementor-element elementor-element-e787166 elementor-widget elementor-widget-heading\" data-id=\"e787166\" data-element_type=\"widget\" data-e-type=\"widget\" data-widget_type=\"heading.default\">\n\t\t\t\t\t<div class=\"elementor-heading-title elementor-size-default\"><a href=\"http:\/\/ongunpartners.com\/en\/conditions-of-use\/\">Terms of Use<\/a><\/div>\t\t\t\t<\/div>\n\t\t\t\t<div class=\"elementor-element elementor-element-1e9bdc2 elementor-widget elementor-widget-heading\" data-id=\"1e9bdc2\" data-element_type=\"widget\" data-e-type=\"widget\" data-widget_type=\"heading.default\">\n\t\t\t\t\t<div class=\"elementor-heading-title elementor-size-default\"><a href=\"http:\/\/ongunpartners.com\/en\/disclaimer\/\">Disclaimer<\/a><\/div>\t\t\t\t<\/div>\n\t\t\t\t<div class=\"elementor-element elementor-element-8837ece elementor-widget elementor-widget-heading\" data-id=\"8837ece\" data-element_type=\"widget\" data-e-type=\"widget\" data-widget_type=\"heading.default\">\n\t\t\t\t\t<div class=\"elementor-heading-title elementor-size-default\"><a href=\"http:\/\/ongunpartners.com\/en\/legal-notice\/\">Legal Notice<\/a><\/div>\t\t\t\t<\/div>\n\t\t\t\t<div class=\"elementor-element elementor-element-995c4c1 elementor-widget elementor-widget-heading\" data-id=\"995c4c1\" data-element_type=\"widget\" data-e-type=\"widget\" data-widget_type=\"heading.default\">\n\t\t\t\t\t<div class=\"elementor-heading-title elementor-size-default\"><a href=\"http:\/\/ongunpartners.com\/en\/consultation-form-disclosure-text\/\">Consultation Form Disclosure Text<\/a><\/div>\t\t\t\t<\/div>\n\t\t\t\t<div class=\"elementor-element elementor-element-e60917e elementor-widget elementor-widget-heading\" data-id=\"e60917e\" data-element_type=\"widget\" data-e-type=\"widget\" data-widget_type=\"heading.default\">\n\t\t\t\t\t<div class=\"elementor-heading-title elementor-size-default\"><a href=\"http:\/\/ongunpartners.com\/en\/data-subject-application-form\/\">Data Subject Application Form<\/a><\/div>\t\t\t\t<\/div>\n\t\t\t\t<div class=\"elementor-element elementor-element-64a2163 elementor-widget elementor-widget-heading\" data-id=\"64a2163\" data-element_type=\"widget\" data-e-type=\"widget\" data-widget_type=\"heading.default\">\n\t\t\t\t\t<div class=\"elementor-heading-title elementor-size-default\"><a href=\"http:\/\/ongunpartners.com\/en\/e-newsletter-subscription-disclosure-text\/\">E-Newsletter Subscription Privacy Notice<\/a><\/div>\t\t\t\t<\/div>\n\t\t\t\t<\/div>\n\t\t<div class=\"elementor-element elementor-element-e2cc987 e-con-full e-flex e-con e-child\" data-id=\"e2cc987\" data-element_type=\"container\" data-e-type=\"container\">\n\t\t\t\t<div class=\"elementor-element elementor-element-72f7e44 elementor-widget elementor-widget-html\" data-id=\"72f7e44\" data-element_type=\"widget\" data-e-type=\"widget\" data-widget_type=\"html.default\">\n\t\t\t\t\t<div class=\"policy-doc\">\r\n    <h4>DATA SUBJECT APPLICATION FORM<\/h4>\r\n    \r\n    \r\n    <strong>Identity and Contact Information of the Data Subject<\/strong>\r\n   \r\n    \r\n<\/div>\r\n\t\t\t\t<\/div>\n\t\t\t\t<div class=\"elementor-element elementor-element-f335fa2 elementor-widget elementor-widget-html\" data-id=\"f335fa2\" data-element_type=\"widget\" data-e-type=\"widget\" data-widget_type=\"html.default\">\n\t\t\t\t\t<div class=\"policy-doc\">\r\n    <table class=\"policy-table\">\r\n        <tbody>\r\n            <tr>\r\n              <td>Name - Surname*<\/td>\r\n              <td><\/td>\r\n            <\/tr>\r\n          \r\n            <tr>\r\n              <td>Turkish ID Number (for foreign data\nsubjects, Passport Number or, if\navailable, Identification Number)*<\/td>\r\n              <td><\/td>\r\n            <\/tr>\r\n            \r\n            <tr>\r\n              <td>Telephone Number*<\/td>\r\n              <td><\/td>\r\n            <\/tr>\r\n            \r\n            <tr>\r\n              <td>Address<sup>1<\/sup>*<\/td>\r\n              <td><\/td>\r\n            <\/tr>\r\n            \r\n            <tr>\r\n              <td>E-mail Address*<\/td>\r\n              <td><\/td>\r\n            <\/tr>\r\n            \r\n            <tr>\r\n              <td>Relationship with G\u00dcLSEREN \u00d6NG\u00dcN\nLAW OFFICE<\/td>\r\n              <td>(e.g., client, visitor, business partner, job applicant, former employee,\nemployee of a third-party company, shareholder, etc.)<\/td>\r\n            <\/tr>\r\n            \r\n            <tr>\r\n              <td>Unit\/Person you are in contact with at\nG\u00dcLSEREN \u00d6NG\u00dcN LAW OFFICE<\/td>\r\n              <td><\/td>\r\n            <\/tr>\r\n        <\/tbody>\r\n    <\/table>\r\n<\/div>\r\n\t\t\t\t<\/div>\n\t\t\t\t<div class=\"elementor-element elementor-element-0f24cb3 elementor-widget elementor-widget-html\" data-id=\"0f24cb3\" data-element_type=\"widget\" data-e-type=\"widget\" data-widget_type=\"html.default\">\n\t\t\t\t\t<div class=\"policy-doc\">\r\n    *Fields marked with an asterisk are mandatory.\r\n    \r\n    <br><br>\r\n    \r\n    <sup>1<\/sup> If you prefer the response to be served by official notification, the address must be indicated as the legal address\nfor service.\r\n\r\n<\/div>\r\n<br>\t\t\t\t<\/div>\n\t\t\t\t<div class=\"elementor-element elementor-element-00cca4f elementor-widget elementor-widget-html\" data-id=\"00cca4f\" data-element_type=\"widget\" data-e-type=\"widget\" data-widget_type=\"html.default\">\n\t\t\t\t\t<div class=\"policy-doc\">\r\n    <h4>Information Regarding the Right(s) the Data Subject Wishes to Exercise*<\/h4>\r\n    (Please tick the box(es) corresponding to your request(s))\r\n    \r\n    <br>\r\n    \r\n    <table class=\"policy-table\">\r\n        <tbody>\r\n            <tr>\r\n              <td><\/td>\r\n              <td>I would like to learn whether G\u00dcLSEREN \u00d6NG\u00dcN LAW OFFICE processes my personal data.<\/td>\r\n            <\/tr>\r\n          \r\n            <tr>\r\n              <td><\/td>\r\n              <td>If G\u00dcLSEREN \u00d6NG\u00dcN LAW OFFICE processes my personal data, I request information regarding\nthese processing activities.<\/td>\r\n            <\/tr>\r\n            \r\n            <tr>\r\n              <td><\/td>\r\n              <td>If G\u00dcLSEREN \u00d6NG\u00dcN LAW OFFICE processes my personal data, I would like to learn the purpose of\nthe processing and whether the data is used in accordance with such purpose.<\/td>\r\n            <\/tr>\r\n            \r\n            \r\n            \r\n            <tr>\r\n              <td><\/td>\r\n              <td>If my personal data has been transferred to third parties in T\u00fcrkiye or abroad, I would like to know the\nidentity of these third parties.<\/td>\r\n            <\/tr>\r\n            \r\n            <tr>\r\n              <td><\/td>\r\n              <td>I believe my personal data is processed incompletely or inaccurately and request the rectification thereof.\n(For this request: Please attach documents\/information you consider inaccurate or incomplete, together\nwith supporting documents\/information evidencing the accurate and supplementary status of your personal\ndata.)<\/td>\r\n            <\/tr>\r\n            \r\n            <tr>\r\n              <td><\/td>\r\n              <td>I believe the reasons requiring the processing of my personal data no longer exist and request the erasure,\ndestruction or anonymization of my personal data by an appropriate method.<\/td>\r\n            <\/tr>\r\n            \r\n            <tr>\r\n              <td><\/td>\r\n              <td>I request that my personal data, which I believe to be processed incompletely or inaccurately, be rectified\nalso at the third parties to whom it has been transferred.\r\n              \r\n                <br><br>\r\n                \r\n                <em>(For this request: Please attach documents\/information you consider inaccurate or incomplete, together\nwith supporting documents\/information evidencing the accurate and supplementary status of your personal\ndata.)<\/em>\r\n              \r\n              <\/td>\r\n            <\/tr>\r\n        <\/tbody>\r\n    <\/table>\r\n    *Indication of the subject matter of the request is mandatory.\r\n<\/div>\r\n<br>\t\t\t\t<\/div>\n\t\t\t\t<div class=\"elementor-element elementor-element-6d1dbac elementor-widget elementor-widget-html\" data-id=\"6d1dbac\" data-element_type=\"widget\" data-e-type=\"widget\" data-widget_type=\"html.default\">\n\t\t\t\t\t<div class=\"policy-doc\">\r\n    <h4>Explanation Regarding the Request<\/h4>\r\n    (Please indicate if there are any documents you wish to submit as the basis for your application)\r\n    \r\n    \r\n    <table class=\"policy-table\">\r\n        <tbody>\r\n            <tr>\r\n              <td>\r\n                  <br><br><br><br><br><br>\r\n                  \r\n              <\/td>\r\n            <\/tr>\r\n          \r\n            \r\n        <\/tbody>\r\n    <\/table>\r\n\r\n<\/div>\r\n<br>\t\t\t\t<\/div>\n\t\t\t\t<div class=\"elementor-element elementor-element-eeb34b0 elementor-widget elementor-widget-html\" data-id=\"eeb34b0\" data-element_type=\"widget\" data-e-type=\"widget\" data-widget_type=\"html.default\">\n\t\t\t\t\t<div class=\"policy-doc\">\r\n    Attachments\r\n    <br>\r\n    Please indicate if there are any documents you would like to base your application on.\r\n    <br>\r\n    <div class=\"dot-lines\">\r\n      <div class=\"dot-line\"><\/div>\r\n      <div class=\"dot-line\"><\/div>\r\n      <div class=\"dot-line\"><\/div>\r\n    <\/div>\r\n    \r\n    <br>\r\n    \r\n    Preferred Method of Notification of the Response to Your Application:\r\n    \r\n    <br>\r\n    <div class=\"policy-checkbox\">\r\n      <span class=\"checkbox-box\"><\/span>\r\n      <span class=\"checkbox-text\">I wish the response to be sent to my address.<\/span>\r\n    <\/div>\r\n    <div class=\"policy-checkbox\">\r\n      <span class=\"checkbox-box\"><\/span>\r\n      <span class=\"checkbox-text\">I wish the response to be sent to my e-mail address.<\/span>\r\n    <\/div>\r\n    <div class=\"policy-checkbox\">\r\n      <span class=\"checkbox-box\"><\/span>\r\n      <span class=\"checkbox-text\">I wish to collect the response in person.<\/span>\r\n    <\/div>\r\n<\/div>\r\n<br>\t\t\t\t<\/div>\n\t\t\t\t<div class=\"elementor-element elementor-element-40cc638 elementor-widget elementor-widget-html\" data-id=\"40cc638\" data-element_type=\"widget\" data-e-type=\"widget\" data-widget_type=\"html.default\">\n\t\t\t\t\t<div class=\"policy-doc\">\r\n    <h4>Declaration of G\u00dcLSEREN \u00d6NG\u00dcN LAW OFFICE<\/h4>\r\n    This application form has been prepared in order to identify your personal data processed by G\u00dcLSEREN\n\u00d6NG\u00dcN LAW OFFICE (if any) and to respond to your application within the statutory time limit. G\u00dcLSEREN\n\u00d6NG\u00dcN LAW OFFICE shall not be held liable for requests arising from inaccurate, outdated, incomplete\ninformation or unauthorized applications submitted through this form. All mandatory information in this form\nmust be provided. You shall be solely responsible for any illegal, misleading or inaccurate applications.\r\n    <br><br>\r\n    \r\n    If a written response is to be provided, no fee shall be charged for the first ten pages; for each page exceeding ten\npages, a processing fee of 1 (one) Turkish Lira shall be charged. If the response is provided on a recording medium\nsuch as a CD or USB flash drive, the fee requested shall not exceed the cost of the recording medium.\r\n\r\n    <br><br>\r\n    \r\n    <strong>Declaration of the Applicant<\/strong>\r\n    \r\n    <br><br>\r\n    \r\n    I hereby request that my application submitted to G\u00dcLSEREN \u00d6NG\u00dcN LAW OFFICE in line with the requests\nindicated above be evaluated and that I be informed accordingly.\r\n\r\n    <br><br>\r\n    \r\n    <strong>Data Subject \/ Person Applying on Behalf of Another Person<sup>2<\/sup><\/strong>\r\n    \r\n    <br><br>\r\n    \r\n    <strong>Full Name<\/strong>\r\n    <br>\r\n    <strong>Date of Application:<\/strong>\r\n    <br>\r\n    <strong>Signature :<\/strong>\r\n<\/div>\r\n<br>\t\t\t\t<\/div>\n\t\t\t\t<div class=\"elementor-element elementor-element-818ea85 elementor-widget elementor-widget-html\" data-id=\"818ea85\" data-element_type=\"widget\" data-e-type=\"widget\" data-widget_type=\"html.default\">\n\t\t\t\t\t<div class=\"policy-doc\">\r\n    <br><br><br><br><br>\r\n    <sup>2<\/sup> If applying on behalf of another person, please enclose documents proving your authority to act on behalf of the\ndata subject (such as a document proving guardianship\/curatorship, power of attorney, etc.). For these documents\nto be accepted as valid, they must be issued or approved by the competent authorities.\r\n\r\n<\/div>\r\n<br>\t\t\t\t<\/div>\n\t\t\t\t<\/div>\n\t\t\t\t\t<\/div>\n\t\t\t\t<\/div>\n\t\t\t\t<\/div>","protected":false},"excerpt":{"rendered":"<p>\u0130lgili Politikalar Gizlilik Politikas\u0131 \u00c7erez Politikas\u0131 Kullan\u0131m Ko\u015fullar\u0131 Feragatname Yasal Uyar\u0131 Dan\u0131\u015fma Formu Ayd\u0131nlatma Metni Veri Sahibi Ba\u015fvuru Formu E-B\u00fclten [&hellip;]<\/p>\n","protected":false},"author":1,"featured_media":0,"parent":0,"menu_order":0,"comment_status":"closed","ping_status":"closed","template":"","meta":{"site-sidebar-layout":"no-sidebar","site-content-layout":"","ast-site-content-layout":"full-width-container","site-content-style":"default","site-sidebar-style":"default","ast-global-header-display":"","ast-banner-title-visibility":"","ast-main-header-display":"","ast-hfb-above-header-display":"","ast-hfb-below-header-display":"","ast-hfb-mobile-header-display":"","site-post-title":"disabled","ast-breadcrumbs-content":"","ast-featured-img":"disabled","footer-sml-layout":"","ast-disable-related-posts":"","theme-transparent-header-meta":"","adv-header-id-meta":"","stick-header-meta":"","header-above-stick-meta":"","header-main-stick-meta":"","header-below-stick-meta":"","astra-migrate-meta-layouts":"default","ast-page-background-enabled":"default","ast-page-background-meta":{"desktop":{"background-color":"var(--ast-global-color-5)","background-image":"","background-repeat":"repeat","background-position":"center center","background-size":"auto","background-attachment":"scroll","background-type":"","background-media":"","overlay-type":"","overlay-color":"","overlay-opacity":"","overlay-gradient":""},"tablet":{"background-color":"","background-image":"","background-repeat":"repeat","background-position":"center center","background-size":"auto","background-attachment":"scroll","background-type":"","background-media":"","overlay-type":"","overlay-color":"","overlay-opacity":"","overlay-gradient":""},"mobile":{"background-color":"","background-image":"","background-repeat":"repeat","background-position":"center center","background-size":"auto","background-attachment":"scroll","background-type":"","background-media":"","overlay-type":"","overlay-color":"","overlay-opacity":"","overlay-gradient":""}},"ast-content-background-meta":{"desktop":{"background-color":"var(--ast-global-color-4)","background-image":"","background-repeat":"repeat","background-position":"center center","background-size":"auto","background-attachment":"scroll","background-type":"","background-media":"","overlay-type":"","overlay-color":"","overlay-opacity":"","overlay-gradient":""},"tablet":{"background-color":"var(--ast-global-color-4)","background-image":"","background-repeat":"repeat","background-position":"center center","background-size":"auto","background-attachment":"scroll","background-type":"","background-media":"","overlay-type":"","overlay-color":"","overlay-opacity":"","overlay-gradient":""},"mobile":{"background-color":"var(--ast-global-color-4)","background-image":"","background-repeat":"repeat","background-position":"center center","background-size":"auto","background-attachment":"scroll","background-type":"","background-media":"","overlay-type":"","overlay-color":"","overlay-opacity":"","overlay-gradient":""}},"footnotes":""},"class_list":["post-2286","page","type-page","status-publish","hentry"],"_links":{"self":[{"href":"https:\/\/ongunpartners.com\/en\/wp-json\/wp\/v2\/pages\/2286","targetHints":{"allow":["GET"]}}],"collection":[{"href":"https:\/\/ongunpartners.com\/en\/wp-json\/wp\/v2\/pages"}],"about":[{"href":"https:\/\/ongunpartners.com\/en\/wp-json\/wp\/v2\/types\/page"}],"author":[{"embeddable":true,"href":"https:\/\/ongunpartners.com\/en\/wp-json\/wp\/v2\/users\/1"}],"replies":[{"embeddable":true,"href":"https:\/\/ongunpartners.com\/en\/wp-json\/wp\/v2\/comments?post=2286"}],"version-history":[{"count":9,"href":"https:\/\/ongunpartners.com\/en\/wp-json\/wp\/v2\/pages\/2286\/revisions"}],"predecessor-version":[{"id":3169,"href":"https:\/\/ongunpartners.com\/en\/wp-json\/wp\/v2\/pages\/2286\/revisions\/3169"}],"wp:attachment":[{"href":"https:\/\/ongunpartners.com\/en\/wp-json\/wp\/v2\/media?parent=2286"}],"curies":[{"name":"wp","href":"https:\/\/api.w.org\/{rel}","templated":true}]}}