{"id":2284,"date":"2025-12-17T19:30:42","date_gmt":"2025-12-17T19:30:42","guid":{"rendered":"http:\/\/gulseren-law-local.local\/?page_id=2284"},"modified":"2026-02-08T16:19:46","modified_gmt":"2026-02-08T16:19:46","slug":"e-newsletter-subscription-disclosure-text","status":"publish","type":"page","link":"https:\/\/ongunpartners.com\/en\/e-bulten-uyeligi-aydinlatma-metni\/","title":{"rendered":"E-Newsletter Subscription Privacy Notice"},"content":{"rendered":"<div data-elementor-type=\"wp-page\" data-elementor-id=\"2284\" class=\"elementor elementor-2284\">\n\t\t\t\t<div class=\"elementor-element elementor-element-c047948 e-flex e-con-boxed e-con e-parent\" data-id=\"c047948\" data-element_type=\"container\" data-e-type=\"container\">\n\t\t\t\t\t<div class=\"e-con-inner\">\n\t\t<div class=\"elementor-element elementor-element-c91d711 e-con-full e-flex e-con e-child\" data-id=\"c91d711\" data-element_type=\"container\" data-e-type=\"container\">\n\t\t\t\t<div class=\"elementor-element elementor-element-3b7f2e2 elementor-widget elementor-widget-heading\" data-id=\"3b7f2e2\" data-element_type=\"widget\" data-e-type=\"widget\" data-widget_type=\"heading.default\">\n\t\t\t\t\t<h5 class=\"elementor-heading-title elementor-size-default\">Related Policies<\/h5>\t\t\t\t<\/div>\n\t\t\t\t<div class=\"elementor-element elementor-element-030bc3e elementor-widget elementor-widget-heading\" data-id=\"030bc3e\" data-element_type=\"widget\" data-e-type=\"widget\" data-widget_type=\"heading.default\">\n\t\t\t\t\t<div class=\"elementor-heading-title elementor-size-default\"><a href=\"http:\/\/ongunpartners.com\/en\/privacy-policy\/\">Privacy Policy<\/a><\/div>\t\t\t\t<\/div>\n\t\t\t\t<div class=\"elementor-element elementor-element-15092e5 elementor-widget elementor-widget-heading\" data-id=\"15092e5\" data-element_type=\"widget\" data-e-type=\"widget\" data-widget_type=\"heading.default\">\n\t\t\t\t\t<div class=\"elementor-heading-title elementor-size-default\"><a href=\"http:\/\/ongunpartners.com\/en\/cookie-policy\/\">Cookie Policy<\/a><\/div>\t\t\t\t<\/div>\n\t\t\t\t<div class=\"elementor-element elementor-element-0d88963 elementor-widget elementor-widget-heading\" data-id=\"0d88963\" data-element_type=\"widget\" data-e-type=\"widget\" data-widget_type=\"heading.default\">\n\t\t\t\t\t<div class=\"elementor-heading-title elementor-size-default\"><a href=\"http:\/\/ongunpartners.com\/en\/conditions-of-use\/\">Terms of Use<\/a><\/div>\t\t\t\t<\/div>\n\t\t\t\t<div class=\"elementor-element elementor-element-327d825 elementor-widget elementor-widget-heading\" data-id=\"327d825\" data-element_type=\"widget\" data-e-type=\"widget\" data-widget_type=\"heading.default\">\n\t\t\t\t\t<div class=\"elementor-heading-title elementor-size-default\"><a href=\"http:\/\/ongunpartners.com\/en\/disclaimer\/\">Disclaimer<\/a><\/div>\t\t\t\t<\/div>\n\t\t\t\t<div class=\"elementor-element elementor-element-3644181 elementor-widget elementor-widget-heading\" data-id=\"3644181\" data-element_type=\"widget\" data-e-type=\"widget\" data-widget_type=\"heading.default\">\n\t\t\t\t\t<div class=\"elementor-heading-title elementor-size-default\"><a href=\"http:\/\/ongunpartners.com\/en\/legal-notice\/\">Legal Notice<\/a><\/div>\t\t\t\t<\/div>\n\t\t\t\t<div class=\"elementor-element elementor-element-a81d6b5 elementor-widget elementor-widget-heading\" data-id=\"a81d6b5\" data-element_type=\"widget\" data-e-type=\"widget\" data-widget_type=\"heading.default\">\n\t\t\t\t\t<div class=\"elementor-heading-title elementor-size-default\"><a href=\"http:\/\/ongunpartners.com\/en\/consultation-form-disclosure-text\/\">Consultation Form Disclosure Text<\/a><\/div>\t\t\t\t<\/div>\n\t\t\t\t<div class=\"elementor-element elementor-element-ff5e22c elementor-widget elementor-widget-heading\" data-id=\"ff5e22c\" data-element_type=\"widget\" data-e-type=\"widget\" data-widget_type=\"heading.default\">\n\t\t\t\t\t<div class=\"elementor-heading-title elementor-size-default\"><a href=\"http:\/\/ongunpartners.com\/en\/data-subject-application-form\/\">Data Subject Application Form<\/a><\/div>\t\t\t\t<\/div>\n\t\t\t\t<div class=\"elementor-element elementor-element-3d400ad elementor-widget elementor-widget-heading\" data-id=\"3d400ad\" data-element_type=\"widget\" data-e-type=\"widget\" data-widget_type=\"heading.default\">\n\t\t\t\t\t<div class=\"elementor-heading-title elementor-size-default\"><a href=\"http:\/\/ongunpartners.com\/en\/e-newsletter-subscription-disclosure-text\/\">E-Newsletter Subscription Privacy Notice<\/a><\/div>\t\t\t\t<\/div>\n\t\t\t\t<\/div>\n\t\t<div class=\"elementor-element elementor-element-e9e512f e-con-full e-flex e-con e-child\" data-id=\"e9e512f\" data-element_type=\"container\" data-e-type=\"container\">\n\t\t\t\t<div class=\"elementor-element elementor-element-9d37987 elementor-widget elementor-widget-html\" data-id=\"9d37987\" data-element_type=\"widget\" data-e-type=\"widget\" data-widget_type=\"html.default\">\n\t\t\t\t\t<div class=\"policy-doc\">\r\n    <h4>E-NEWSLETTER SUBSCRIPTION PRIVACY NOTICE<\/h4>\r\n    \r\n    \r\n    This E-Newsletter Subscription Privacy Notice is intended to inform you, our valued visitors who wish\nto subscribe to our e-newsletter via the website\r\n<a href=\"http:\/\/ongunpartners.com\/en\/\" target=\"_blank\" rel=\"noopener\">www.ongunpartners.com<\/a> , about the processing of your\npersonal data collected and processed in connection with your e-newsletter subscription, in accordance\nwith the Turkish Personal Data Protection Law No. 6698 (\u201cPDPL\u201d), the European Union General Data\nProtection Regulation (\u201cGDPR\u201d), and other applicable legislation.\r\n\r\n    <br><br>\r\n\r\n    \r\n\r\n    \r\n    \r\n<\/div>\r\n\t\t\t\t<\/div>\n\t\t\t\t<div class=\"elementor-element elementor-element-eaec1b3 elementor-widget elementor-widget-html\" data-id=\"eaec1b3\" data-element_type=\"widget\" data-e-type=\"widget\" data-widget_type=\"html.default\">\n\t\t\t\t\t<div class=\"policy-doc\">\r\n    <h4>Personal Data Processing Activities, Purposes and Transfer<\/h4>\r\n    \r\n    Your personal data \u2013 consisting of your name and surname, contact details (e-mail address and\/or\ntelephone number), company, sector and title information, and IP address \u2013 collected through the\n\u201cSubscribe\u201d section on our website, or orally or in writing during various meetings or conversations, are\nprocessed by G\u00dcLSEREN \u00d6NG\u00dcN LAW OFFICE with your explicit consent, in physical and\/or\nelectronic environments.\r\n    \r\n    <br><br>\r\n    \r\n    The personal data specified above are processed for the following purposes: providing information about\ncurrent developments concerning G\u00dcLSEREN \u00d6NG\u00dcN LAW OFFICE, sharing e-newsletters, sending\nannouncements regarding current legal developments, notifying you of events and training programs\norganized by G\u00dcLSEREN \u00d6NG\u00dcN LAW OFFICE, and managing client\/customer relationships.\r\n\r\n    <br><br>\r\n    \r\n    In order to fulfil the above-mentioned data processing purposes (i.e., to deliver information and\ncommunications within the scope of your e-newsletter subscription), newsletters are sent to the e-mail\naddress you provided during subscription. Since Microsoft Outlook servers are located abroad, your\npersonal data may be stored on servers located outside T\u00fcrkiye.\r\n    \r\n    <br><br>\r\n    \r\n    Your personal data may be accessed by third-party service providers from whom we receive services for\nthe purposes of ensuring information security, obtaining technical support, and managing customer\nrelationships.\r\n    \r\n    <br><br>\r\n    \r\n    Your personal data shared with G\u00dcLSEREN \u00d6NG\u00dcN LAW OFFICE may be shared within the Law\nOffice for reporting purposes and to ensure inter-institutional communication.\r\n\r\n    <br><br>\r\n    \r\n    Apart from the cases mentioned above, G\u00dcLSEREN \u00d6NG\u00dcN LAW OFFICE does not transfer your\npersonal data to any third parties in any manner whatsoever.\r\n\r\n<\/div>\r\n<br>\t\t\t\t<\/div>\n\t\t\t\t<div class=\"elementor-element elementor-element-89164df elementor-widget elementor-widget-html\" data-id=\"89164df\" data-element_type=\"widget\" data-e-type=\"widget\" data-widget_type=\"html.default\">\n\t\t\t\t\t<div class=\"policy-doc\">\r\n    <h4>Retention Period and Security of Your Personal Data<\/h4>\r\n    \r\n    G\u00dcLSEREN \u00d6NG\u00dcN LAW OFFICE retains your personal data in an accurate and up-to-date manner\nby taking appropriate security measures. When the reasons requiring the processing of your personal\ndata cease to exist and\/or the retention periods stipulated by the legislation expire, G\u00dcLSEREN\n\u00d6NG\u00dcN LAW OFFICE will delete, destroy or anonymize your personal data ex officio or upon your\nrequest.\r\n\r\n    <br><br>\r\n    \r\n    In the event you unsubscribe from the e-newsletter, your personal data will be deleted\/destroyed,\nprovided that no opposing legal obligation exists.\r\n    \r\n\r\n    \r\n    \r\n\r\n<\/div>\r\n<br>\t\t\t\t<\/div>\n\t\t\t\t<div class=\"elementor-element elementor-element-aa5d379 elementor-widget elementor-widget-html\" data-id=\"aa5d379\" data-element_type=\"widget\" data-e-type=\"widget\" data-widget_type=\"html.default\">\n\t\t\t\t\t<div class=\"policy-doc\">\r\n    <h4>Your Rights as a Data Subject<\/h4>\r\n    \r\n    In relation to your personal data, you have the following rights under the PDPL and GDPR:\r\n\r\n    <br><br>\r\n    \r\n    Under Article 11 of the PDPL, you have the right to: i. learn whether your personal data are processed,\nii. request information if your personal data have been processed, iii. learn the purpose of processing\nand whether the data are used in compliance with the purpose, iv. know the third parties in T\u00fcrkiye or\nabroad to whom your personal data have been transferred, v. request the rectification of incomplete or\ninaccurate data, vi. request the erasure or destruction or anonymization of your personal data in the event\n\nthe reasons requiring their processing cease to exist, provided that there is no legal obstacle, vii. request\nthat rectification, erasure, destruction or anonymization operations be notified to third parties to whom\nyour personal data have been transferred, viii. object to the occurrence of a result against you by means\nof analysis of the processed data exclusively through automated systems, and ix. claim compensation\nfor damages in case you incur damages due to unlawful processing of your personal data.\r\n\r\n    <br><br>\r\n    \r\n    Under Chapter III of the GDPR, you have the right to: i. obtain information about personal data\nprocessing activities, ii. access your personal data and the processing activities, iii. request rectification\nof your personal data, iv. request erasure of your personal data (right to be forgotten), v. request\nrestriction of processing of your personal data, vi. request notification to third parties to whom your\npersonal data have been transferred regarding rectification, erasure or restriction of processing, vii.\nrequest the transfer of your personal data to another controller (right to data portability), viii. object to\nprocessing, and ix. not to be subject to a decision based solely on automated processing, including\nprofiling, which produces legal effects concerning you or similarly significantly affects you.\r\n    \r\n    <br><br>\r\n    \r\n    You may unsubscribe from the e-newsletter at any time.\r\n\r\n    <br><br>\r\n    \r\n    To exercise the rights listed above, you may submit your request in writing, together with information\nand documents enabling your identification, by using one of the following contact channels (or by\ncompleting and sending the Data Subject Application Form attached to our Personal Data Protection\nPolicy available on our website):\r\n\r\n    <br><br>\r\n    \r\n    a. <a href=\"mailto:privacy@gulserenongun.com\">privacy@gulserenongun.com<\/a> by e-mail, or\r\n    \r\n    <br>\r\n    \r\n    b. By mail to Gaziosmanpa\u015fa Mah. Attar Sokak 11\/6 \u00c7ankaya 06680 Ankara\/T\u00fcrkiye.\r\n    \r\n    <br><br>\r\n    \r\n    To ensure a faster response, please write <strong>\u201cPersonal Data Information Request\u201d<\/strong> on the envelope or in\nthe subject line of your e-mail.\r\n\r\n    <br><br>\r\n    \r\n    Applications submitted to us will be answered within thirty (30) days from the date of receipt, depending\non the nature of the request. In case the information and documents provided are incomplete or\nincomprehensible, we will contact you to clarify the application.\r\n\r\n    <br><br>\r\n    \r\n    G\u00dcLSEREN \u00d6NG\u00dcN LAW OFFICE <a href=\"http:\/\/ongunpartners.com\/en\/data-subject-application-form\/\">Data Subject Application Form<\/a>here.\r\n\r\n  \r\n    \r\n    \r\n\r\n<\/div>\r\n<br>\t\t\t\t<\/div>\n\t\t<div class=\"elementor-element elementor-element-d0a0f83 e-con-full e-flex e-con e-child\" data-id=\"d0a0f83\" data-element_type=\"container\" data-e-type=\"container\">\n\t\t<div class=\"elementor-element elementor-element-9736684 e-con-full e-flex e-con e-child\" data-id=\"9736684\" data-element_type=\"container\" data-e-type=\"container\">\n\t\t\t\t<\/div>\n\t\t<div class=\"elementor-element elementor-element-c7d7f90 e-con-full e-flex e-con e-child\" data-id=\"c7d7f90\" data-element_type=\"container\" data-e-type=\"container\">\n\t\t\t\t<div class=\"elementor-element elementor-element-9119178 elementor-widget elementor-widget-html\" data-id=\"9119178\" data-element_type=\"widget\" data-e-type=\"widget\" data-widget_type=\"html.default\">\n\t\t\t\t\t<div class=\"policy-doc\" style=\"text-align: center;\">\n    Best regards,\n    <br>\n    <strong>G\u00dcLSEREN \u00d6NG\u00dcN LAW OFFICE<\/strong>\n<\/div>\t\t\t\t<\/div>\n\t\t\t\t<\/div>\n\t\t\t\t<\/div>\n\t\t<div class=\"elementor-element elementor-element-c975333 e-con-full e-flex e-con e-child\" data-id=\"c975333\" data-element_type=\"container\" data-e-type=\"container\">\n\t\t<div class=\"elementor-element elementor-element-14b2189 e-con-full e-flex e-con e-child\" data-id=\"14b2189\" data-element_type=\"container\" data-e-type=\"container\">\n\t\t<div class=\"elementor-element elementor-element-93e2b09 e-con-full e-flex e-con e-child\" data-id=\"93e2b09\" data-element_type=\"container\" data-e-type=\"container\">\n\t\t\t\t<div class=\"elementor-element elementor-element-9bcbba3 elementor-widget elementor-widget-html\" data-id=\"9bcbba3\" data-element_type=\"widget\" data-e-type=\"widget\" data-widget_type=\"html.default\">\n\t\t\t\t\t<div class=\"policy-doc\">\n    Effective Date\n<\/div>\t\t\t\t<\/div>\n\t\t\t\t<\/div>\n\t\t<div class=\"elementor-element elementor-element-3702b87 e-con-full e-flex e-con e-child\" data-id=\"3702b87\" data-element_type=\"container\" data-e-type=\"container\">\n\t\t\t\t<div class=\"elementor-element elementor-element-51ceaff elementor-widget elementor-widget-html\" data-id=\"51ceaff\" data-element_type=\"widget\" data-e-type=\"widget\" data-widget_type=\"html.default\">\n\t\t\t\t\t<div class=\"policy-doc\">\n    : December 5, 2025\n<\/div>\t\t\t\t<\/div>\n\t\t\t\t<\/div>\n\t\t\t\t<\/div>\n\t\t<div class=\"elementor-element elementor-element-bbf481b e-con-full e-flex e-con e-child\" data-id=\"bbf481b\" data-element_type=\"container\" data-e-type=\"container\">\n\t\t<div class=\"elementor-element elementor-element-71a8893 e-con-full e-flex e-con e-child\" data-id=\"71a8893\" data-element_type=\"container\" data-e-type=\"container\">\n\t\t\t\t<div class=\"elementor-element elementor-element-e3c9a45 elementor-widget elementor-widget-html\" data-id=\"e3c9a45\" data-element_type=\"widget\" data-e-type=\"widget\" data-widget_type=\"html.default\">\n\t\t\t\t\t<div class=\"policy-doc\">\n    Last Updated\n<\/div>\t\t\t\t<\/div>\n\t\t\t\t<\/div>\n\t\t<div class=\"elementor-element elementor-element-bcedd05 e-con-full e-flex e-con e-child\" data-id=\"bcedd05\" data-element_type=\"container\" data-e-type=\"container\">\n\t\t\t\t<div class=\"elementor-element elementor-element-095770a elementor-widget elementor-widget-html\" data-id=\"095770a\" data-element_type=\"widget\" data-e-type=\"widget\" data-widget_type=\"html.default\">\n\t\t\t\t\t<div class=\"policy-doc\">\n    : December 5, 2025\n<\/div>\t\t\t\t<\/div>\n\t\t\t\t<\/div>\n\t\t\t\t<\/div>\n\t\t\t\t<\/div>\n\t\t\t\t<\/div>\n\t\t\t\t\t<\/div>\n\t\t\t\t<\/div>\n\t\t\t\t<\/div>","protected":false},"excerpt":{"rendered":"<p>\u0130lgili Politikalar Gizlilik Politikas\u0131 \u00c7erez Politikas\u0131 Kullan\u0131m Ko\u015fullar\u0131 Feragatname Yasal Uyar\u0131 Dan\u0131\u015fma Formu Ayd\u0131nlatma Metni Veri Sahibi Ba\u015fvuru Formu E-B\u00fclten [&hellip;]<\/p>\n","protected":false},"author":1,"featured_media":0,"parent":0,"menu_order":0,"comment_status":"closed","ping_status":"closed","template":"","meta":{"site-sidebar-layout":"no-sidebar","site-content-layout":"","ast-site-content-layout":"full-width-container","site-content-style":"default","site-sidebar-style":"default","ast-global-header-display":"","ast-banner-title-visibility":"","ast-main-header-display":"","ast-hfb-above-header-display":"","ast-hfb-below-header-display":"","ast-hfb-mobile-header-display":"","site-post-title":"disabled","ast-breadcrumbs-content":"","ast-featured-img":"disabled","footer-sml-layout":"","ast-disable-related-posts":"","theme-transparent-header-meta":"","adv-header-id-meta":"","stick-header-meta":"","header-above-stick-meta":"","header-main-stick-meta":"","header-below-stick-meta":"","astra-migrate-meta-layouts":"default","ast-page-background-enabled":"default","ast-page-background-meta":{"desktop":{"background-color":"var(--ast-global-color-5)","background-image":"","background-repeat":"repeat","background-position":"center center","background-size":"auto","background-attachment":"scroll","background-type":"","background-media":"","overlay-type":"","overlay-color":"","overlay-opacity":"","overlay-gradient":""},"tablet":{"background-color":"","background-image":"","background-repeat":"repeat","background-position":"center center","background-size":"auto","background-attachment":"scroll","background-type":"","background-media":"","overlay-type":"","overlay-color":"","overlay-opacity":"","overlay-gradient":""},"mobile":{"background-color":"","background-image":"","background-repeat":"repeat","background-position":"center center","background-size":"auto","background-attachment":"scroll","background-type":"","background-media":"","overlay-type":"","overlay-color":"","overlay-opacity":"","overlay-gradient":""}},"ast-content-background-meta":{"desktop":{"background-color":"var(--ast-global-color-4)","background-image":"","background-repeat":"repeat","background-position":"center center","background-size":"auto","background-attachment":"scroll","background-type":"","background-media":"","overlay-type":"","overlay-color":"","overlay-opacity":"","overlay-gradient":""},"tablet":{"background-color":"var(--ast-global-color-4)","background-image":"","background-repeat":"repeat","background-position":"center center","background-size":"auto","background-attachment":"scroll","background-type":"","background-media":"","overlay-type":"","overlay-color":"","overlay-opacity":"","overlay-gradient":""},"mobile":{"background-color":"var(--ast-global-color-4)","background-image":"","background-repeat":"repeat","background-position":"center center","background-size":"auto","background-attachment":"scroll","background-type":"","background-media":"","overlay-type":"","overlay-color":"","overlay-opacity":"","overlay-gradient":""}},"footnotes":""},"class_list":["post-2284","page","type-page","status-publish","hentry"],"_links":{"self":[{"href":"https:\/\/ongunpartners.com\/en\/wp-json\/wp\/v2\/pages\/2284","targetHints":{"allow":["GET"]}}],"collection":[{"href":"https:\/\/ongunpartners.com\/en\/wp-json\/wp\/v2\/pages"}],"about":[{"href":"https:\/\/ongunpartners.com\/en\/wp-json\/wp\/v2\/types\/page"}],"author":[{"embeddable":true,"href":"https:\/\/ongunpartners.com\/en\/wp-json\/wp\/v2\/users\/1"}],"replies":[{"embeddable":true,"href":"https:\/\/ongunpartners.com\/en\/wp-json\/wp\/v2\/comments?post=2284"}],"version-history":[{"count":15,"href":"https:\/\/ongunpartners.com\/en\/wp-json\/wp\/v2\/pages\/2284\/revisions"}],"predecessor-version":[{"id":3242,"href":"https:\/\/ongunpartners.com\/en\/wp-json\/wp\/v2\/pages\/2284\/revisions\/3242"}],"wp:attachment":[{"href":"https:\/\/ongunpartners.com\/en\/wp-json\/wp\/v2\/media?parent=2284"}],"curies":[{"name":"wp","href":"https:\/\/api.w.org\/{rel}","templated":true}]}}