{"id":2272,"date":"2025-12-17T12:13:57","date_gmt":"2025-12-17T12:13:57","guid":{"rendered":"http:\/\/gulseren-law-local.local\/?page_id=2272"},"modified":"2026-03-06T15:58:39","modified_gmt":"2026-03-06T15:58:39","slug":"consultation-form-disclosure-text","status":"publish","type":"page","link":"https:\/\/ongunpartners.com\/en\/danisma-formu-aydinlatma-metni\/","title":{"rendered":"Consultation Form Disclosure Text"},"content":{"rendered":"<div data-elementor-type=\"wp-page\" data-elementor-id=\"2272\" class=\"elementor elementor-2272\">\n\t\t\t\t<div class=\"elementor-element elementor-element-b8beebd e-flex e-con-boxed e-con e-parent\" data-id=\"b8beebd\" data-element_type=\"container\" data-e-type=\"container\">\n\t\t\t\t\t<div class=\"e-con-inner\">\n\t\t<div class=\"elementor-element elementor-element-d54a831 e-con-full e-flex e-con e-child\" data-id=\"d54a831\" data-element_type=\"container\" data-e-type=\"container\">\n\t\t\t\t<div class=\"elementor-element elementor-element-4c4c678 elementor-widget elementor-widget-heading\" data-id=\"4c4c678\" data-element_type=\"widget\" data-e-type=\"widget\" data-widget_type=\"heading.default\">\n\t\t\t\t\t<h5 class=\"elementor-heading-title elementor-size-default\">Related Policies<\/h5>\t\t\t\t<\/div>\n\t\t\t\t<div class=\"elementor-element elementor-element-c61d48b elementor-widget elementor-widget-heading\" data-id=\"c61d48b\" data-element_type=\"widget\" data-e-type=\"widget\" data-widget_type=\"heading.default\">\n\t\t\t\t\t<div class=\"elementor-heading-title elementor-size-default\"><a href=\"http:\/\/ongunpartners.com\/en\/privacy-policy\/\">Privacy Policy<\/a><\/div>\t\t\t\t<\/div>\n\t\t\t\t<div class=\"elementor-element elementor-element-33cb677 elementor-widget elementor-widget-heading\" data-id=\"33cb677\" data-element_type=\"widget\" data-e-type=\"widget\" data-widget_type=\"heading.default\">\n\t\t\t\t\t<div class=\"elementor-heading-title elementor-size-default\"><a href=\"http:\/\/ongunpartners.com\/en\/cookie-policy\/\">Cookie Policy<\/a><\/div>\t\t\t\t<\/div>\n\t\t\t\t<div class=\"elementor-element elementor-element-b96f1e9 elementor-widget elementor-widget-heading\" data-id=\"b96f1e9\" data-element_type=\"widget\" data-e-type=\"widget\" data-widget_type=\"heading.default\">\n\t\t\t\t\t<div class=\"elementor-heading-title elementor-size-default\"><a href=\"http:\/\/ongunpartners.com\/en\/conditions-of-use\/\">Terms of Use<\/a><\/div>\t\t\t\t<\/div>\n\t\t\t\t<div class=\"elementor-element elementor-element-9d62bc2 elementor-widget elementor-widget-heading\" data-id=\"9d62bc2\" data-element_type=\"widget\" data-e-type=\"widget\" data-widget_type=\"heading.default\">\n\t\t\t\t\t<div class=\"elementor-heading-title elementor-size-default\"><a href=\"http:\/\/ongunpartners.com\/en\/disclaimer\/\">Disclaimer<\/a><\/div>\t\t\t\t<\/div>\n\t\t\t\t<div class=\"elementor-element elementor-element-c7b709c elementor-widget elementor-widget-heading\" data-id=\"c7b709c\" data-element_type=\"widget\" data-e-type=\"widget\" data-widget_type=\"heading.default\">\n\t\t\t\t\t<div class=\"elementor-heading-title elementor-size-default\"><a href=\"http:\/\/ongunpartners.com\/en\/legal-notice\/\">Legal Notice<\/a><\/div>\t\t\t\t<\/div>\n\t\t\t\t<div class=\"elementor-element elementor-element-10b12c9 elementor-widget elementor-widget-heading\" data-id=\"10b12c9\" data-element_type=\"widget\" data-e-type=\"widget\" data-widget_type=\"heading.default\">\n\t\t\t\t\t<div class=\"elementor-heading-title elementor-size-default\"><a href=\"http:\/\/ongunpartners.com\/en\/consultation-form-disclosure-text\/\">Consultation Form Disclosure Text<\/a><\/div>\t\t\t\t<\/div>\n\t\t\t\t<div class=\"elementor-element elementor-element-597b531 elementor-widget elementor-widget-heading\" data-id=\"597b531\" data-element_type=\"widget\" data-e-type=\"widget\" data-widget_type=\"heading.default\">\n\t\t\t\t\t<div class=\"elementor-heading-title elementor-size-default\"><a href=\"http:\/\/ongunpartners.com\/en\/data-subject-application-form\/\">Data Subject Application Form<\/a><\/div>\t\t\t\t<\/div>\n\t\t\t\t<div class=\"elementor-element elementor-element-5a0c462 elementor-widget elementor-widget-heading\" data-id=\"5a0c462\" data-element_type=\"widget\" data-e-type=\"widget\" data-widget_type=\"heading.default\">\n\t\t\t\t\t<div class=\"elementor-heading-title elementor-size-default\"><a href=\"http:\/\/ongunpartners.com\/en\/e-newsletter-subscription-disclosure-text\/\">E-Newsletter Subscription Privacy Notice<\/a><\/div>\t\t\t\t<\/div>\n\t\t\t\t<\/div>\n\t\t<div class=\"elementor-element elementor-element-d988b48 e-con-full e-flex e-con e-child\" data-id=\"d988b48\" data-element_type=\"container\" data-e-type=\"container\">\n\t\t\t\t<div class=\"elementor-element elementor-element-f851324 elementor-widget elementor-widget-html\" data-id=\"f851324\" data-element_type=\"widget\" data-e-type=\"widget\" data-widget_type=\"html.default\">\n\t\t\t\t\t<div class=\"policy-doc\">\r\n    <h4>CONSULTATION FORM DISCLOSURE TEXT<\/h4>\r\n    \r\n    \r\n    This Privacy Notice for the Consultation Form is provided by G\u00dcLSEREN \u00d6NG\u00dcN LAW OFFICE in\norder to inform you \u2013 our valued visitors who wish to consult us via the website\r\n<a href=\"http:\/\/ongunpartners.com\/en\/\">www.ongunpartners.com<\/a> \u2013 about the processing of your personal data collected and processed through\nyour consultation request, in accordance with the Turkish Personal Data Protection Law No. 6698\n(\u201cKVKK\u201d), the EU General Data Protection Regulation (\u201cGDPR\u201d), and other applicable legislation.\r\n\r\n    <br><br>\r\n\r\n    \r\n\r\n    \r\n    \r\n<\/div>\r\n\t\t\t\t<\/div>\n\t\t\t\t<div class=\"elementor-element elementor-element-b6f99b9 elementor-widget elementor-widget-html\" data-id=\"b6f99b9\" data-element_type=\"widget\" data-e-type=\"widget\" data-widget_type=\"html.default\">\n\t\t\t\t\t<div class=\"policy-doc\">\r\n    <h4>Personal Data Processing Activities, Purposes and Transfer<\/h4>\r\n    \r\n    When you use the consultation section on our website or contact us via e-mail, telephone or other\nverbal\/written means, the following personal data may be processed by G\u00dcLSEREN \u00d6NG\u00dcN LAW\nOFFICE with your explicit consent (where such consent is provided in physical or electronic form):\nyour first name and surname, contact details (e-mail address, telephone number, postal address),\ncompany name, sector and title, IP address.\r\n    \r\n    <br><br>\r\n    \r\n    The personal data listed above are processed for the following purposes: providing you with information\non current developments relating to G\u00dcLSEREN \u00d6NG\u00dcN LAW OFFICE, sharing information\nfollowing your consultation, sending announcements regarding current legal developments, notifying\nyou of events and training programmes organised by G\u00dcLSEREN \u00d6NG\u00dcN LAW OFFICE, and\nmanaging client relationships.\r\n\r\n    <br><br>\r\n    \r\n    In order to fulfil the purposes stated above (in particular, to send you information and materials within\nthe scope of the consultation), correspondence may be sent to the e-mail or postal address you provide.\nAs some of the servers we use are located abroad, your personal data may be stored on servers located\noutside T\u00fcrkiye.\r\n    \r\n    <br><br>\r\n    \r\n    Your personal data may be accessed by third-party service providers from whom we receive services\nfor the purposes of ensuring information security, providing relevant technical support, and managing\nclient relationships. Your personal data may also be shared within G\u00dcLSEREN \u00d6NG\u00dcN LAW OFFICE\nfor reporting purposes and to ensure internal communication.\r\n    \r\n    <br><br>\r\n    \r\n    Other than the cases described above, G\u00dcLSEREN \u00d6NG\u00dcN LAW OFFICE does not transfer your\npersonal data to any third parties in any in any way or form.\r\n\r\n<\/div>\r\n<br>\t\t\t\t<\/div>\n\t\t\t\t<div class=\"elementor-element elementor-element-3ed7c82 elementor-widget elementor-widget-html\" data-id=\"3ed7c82\" data-element_type=\"widget\" data-e-type=\"widget\" data-widget_type=\"html.default\">\n\t\t\t\t\t<div class=\"policy-doc\">\r\n    <h4>Retention Period and Security of Your Personal Data<\/h4>\r\n    \r\n    G\u00dcLSEREN \u00d6NG\u00dcN LAW OFFICE stores your personal data in an accurate and up-to-date manner\nby taking appropriate security measures. When the reasons requiring the processing of your personal\ndata cease to exist and\/or the statutory retention periods expire, G\u00dcLSEREN \u00d6NG\u00dcN LAW OFFICE\nwill delete, destroy or anonymise your personal data either on its own initiative or upon your request.\nUpon termination of the consultation process, your personal data will be deleted or destroyed unless\nthere is a legal obligation to the contrary.\r\n    \r\n\r\n    \r\n    \r\n\r\n<\/div>\r\n<br>\t\t\t\t<\/div>\n\t\t\t\t<div class=\"elementor-element elementor-element-6bca2af elementor-widget elementor-widget-html\" data-id=\"6bca2af\" data-element_type=\"widget\" data-e-type=\"widget\" data-widget_type=\"html.default\">\n\t\t\t\t\t<div class=\"policy-doc\">\r\n    <h4>Your Rights as a Data Subject<\/h4>\r\n    \r\n    With regard to your personal data, you have the following rights under the KVKK (Article 11):\ni) to learn whether your personal data are being processed, ii) to request information if your personal\ndata have been processed, iii) to learn the purpose of the processing and whether the data are used in\naccordance with this purpose, iv) to know the third parties in T\u00fcrkiye or abroad to whom your personal\ndata have been transferred, v) to request rectification if your personal data are incomplete or inaccurate,\nvi) to request deletion or destruction of your personal data or anonymisation thereof where the reasons\nrequiring their processing no longer exist and provided that there is no legal impediment, vii) to request\nthat rectification, deletion\/destruction or anonymisation operations be notified to third parties to whom\nyour personal data have been transferred, viii) to object to any outcome to your detriment that arises\nfrom the processing of your personal data exclusively by automated means, and ix) to claim\ncompensation for damage suffered as a result of unlawful processing of your personal data.\r\n\r\n    <br><br>\r\n    \r\n    Under\n\nChapter III of the GDPR, you also have the following rights: i) to obtain information about the\nprocessing of your personal data, ii) to access your personal data and the processing activities, iii) to\nrequest rectification of your personal data, iv) to request erasure of your personal data (\u201cright to be\nforgotten\u201d), v) to request restriction of processing, vi) to request notification to third parties to whom\nyour personal data have been disclosed of any rectification, erasure or restriction of processing, vii) to\nrequest portability of your personal data to another controller, viii) to object to processing, and ix) not\nto be subject to a decision based solely on automated processing, including profiling, which produces\nlegal effects concerning you or similarly significantly affects you.\r\n\r\n    <br><br>\r\n    \r\n    You may withdraw from the consultation process at any time.\r\n    \r\n    <br><br>\r\n    \r\n    In order to exercise the rights listed above, you may submit your request in writing \u2013 together with\ninformation and documents enabling your identification and, if you wish, the completed Data Subject\nApplication Form attached to our Personal Data Protection Policy available on our website \u2013 to\nG\u00dcLSEREN \u00d6NG\u00dcN LAW OFFICE through one of the following channels:\r\n\r\n    <br><br>\r\n\r\n  \r\n    \r\n    \r\n\r\n<\/div>\r\n<br>\t\t\t\t<\/div>\n\t\t\t\t<div class=\"elementor-element elementor-element-cda0400 elementor-widget elementor-widget-html\" data-id=\"cda0400\" data-element_type=\"widget\" data-e-type=\"widget\" data-widget_type=\"html.default\">\n\t\t\t\t\t<div class=\"policy-doc\">\r\n    \r\n\r\n    a. <a href=\"mailto:privacy@gulserenongun.com\">privacy@gulserenongun.com<\/a> by e-mail, or\r\n    \r\n    <br><br>\r\n    \r\n    b. By mail to Gaziosmanpa\u015fa Mah. Attar Sokak 11\/6 \u00c7ankaya 06680 Ankara\/T\u00dcRK\u0130YE.\r\n    \r\n    <br><br>\r\n    \r\n    To ensure a faster response, please write <strong>\u201cPersonal Data Request\u201d<\/strong>\r\non the envelope or in the subject line of\nyour e-mail. Requests submitted to us will be answered within thirty (30) days of receipt, depending on\nthe nature of the request. If the information and documents provided are incomplete or unclear, we will\ncontact you to clarify your application. You may access the G\u00dcLSEREN \u00d6NG\u00dcN LAW OFFICE <a href=\"http:\/\/ongunpartners.com\/en\/data-subject-application-form\/\">Data Subject Application Form<\/a>here.\r\n\r\n    \r\n\r\n    \r\n    \r\n\r\n<\/div>\r\n<br>\t\t\t\t<\/div>\n\t\t<div class=\"elementor-element elementor-element-00fb4cf e-con-full e-flex e-con e-child\" data-id=\"00fb4cf\" data-element_type=\"container\" data-e-type=\"container\">\n\t\t<div class=\"elementor-element elementor-element-fcec00f e-con-full e-flex e-con e-child\" data-id=\"fcec00f\" data-element_type=\"container\" data-e-type=\"container\">\n\t\t\t\t<\/div>\n\t\t<div class=\"elementor-element elementor-element-30ddf39 e-con-full e-flex e-con e-child\" data-id=\"30ddf39\" data-element_type=\"container\" data-e-type=\"container\">\n\t\t\t\t<div class=\"elementor-element elementor-element-ae5e62c elementor-widget elementor-widget-html\" data-id=\"ae5e62c\" data-element_type=\"widget\" data-e-type=\"widget\" data-widget_type=\"html.default\">\n\t\t\t\t\t<div class=\"policy-doc\" style=\"text-align: center;\">\n    Best regards,\n    <br>\n    <strong>G\u00dcLSEREN \u00d6NG\u00dcN LAW OFFICE<\/strong>\n<\/div>\t\t\t\t<\/div>\n\t\t\t\t<\/div>\n\t\t\t\t<\/div>\n\t\t<div class=\"elementor-element elementor-element-052c00a e-con-full e-flex e-con e-child\" data-id=\"052c00a\" data-element_type=\"container\" data-e-type=\"container\">\n\t\t<div class=\"elementor-element elementor-element-4901b38 e-con-full e-flex e-con e-child\" data-id=\"4901b38\" data-element_type=\"container\" data-e-type=\"container\">\n\t\t<div class=\"elementor-element elementor-element-1fb3cca e-con-full e-flex e-con e-child\" data-id=\"1fb3cca\" data-element_type=\"container\" data-e-type=\"container\">\n\t\t\t\t<div class=\"elementor-element elementor-element-206936e elementor-widget elementor-widget-html\" data-id=\"206936e\" data-element_type=\"widget\" data-e-type=\"widget\" data-widget_type=\"html.default\">\n\t\t\t\t\t<div class=\"policy-doc\">\n    Effective Date\n<\/div>\t\t\t\t<\/div>\n\t\t\t\t<\/div>\n\t\t<div class=\"elementor-element elementor-element-f4b3939 e-con-full e-flex e-con e-child\" data-id=\"f4b3939\" data-element_type=\"container\" data-e-type=\"container\">\n\t\t\t\t<div class=\"elementor-element elementor-element-4b58a33 elementor-widget elementor-widget-html\" data-id=\"4b58a33\" data-element_type=\"widget\" data-e-type=\"widget\" data-widget_type=\"html.default\">\n\t\t\t\t\t<div class=\"policy-doc\">\n    : December 5, 2025\n<\/div>\t\t\t\t<\/div>\n\t\t\t\t<\/div>\n\t\t\t\t<\/div>\n\t\t<div class=\"elementor-element elementor-element-2cfa007 e-con-full e-flex e-con e-child\" data-id=\"2cfa007\" data-element_type=\"container\" data-e-type=\"container\">\n\t\t<div class=\"elementor-element elementor-element-79faa71 e-con-full e-flex e-con e-child\" data-id=\"79faa71\" data-element_type=\"container\" data-e-type=\"container\">\n\t\t\t\t<div class=\"elementor-element elementor-element-c9b8b33 elementor-widget elementor-widget-html\" data-id=\"c9b8b33\" data-element_type=\"widget\" data-e-type=\"widget\" data-widget_type=\"html.default\">\n\t\t\t\t\t<div class=\"policy-doc\">\n    Last Updated\n<\/div>\t\t\t\t<\/div>\n\t\t\t\t<\/div>\n\t\t<div class=\"elementor-element elementor-element-c65b0ce e-con-full e-flex e-con e-child\" data-id=\"c65b0ce\" data-element_type=\"container\" data-e-type=\"container\">\n\t\t\t\t<div class=\"elementor-element elementor-element-6078a2d elementor-widget elementor-widget-html\" data-id=\"6078a2d\" data-element_type=\"widget\" data-e-type=\"widget\" data-widget_type=\"html.default\">\n\t\t\t\t\t<div class=\"policy-doc\">\n    : December 5, 2025\n<\/div>\t\t\t\t<\/div>\n\t\t\t\t<\/div>\n\t\t\t\t<\/div>\n\t\t\t\t<\/div>\n\t\t\t\t<\/div>\n\t\t\t\t\t<\/div>\n\t\t\t\t<\/div>\n\t\t\t\t<\/div>","protected":false},"excerpt":{"rendered":"<p>\u0130lgili Politikalar Gizlilik Politikas\u0131 \u00c7erez Politikas\u0131 Kullan\u0131m Ko\u015fullar\u0131 Feragatname Yasal Uyar\u0131 Dan\u0131\u015fma Formu Ayd\u0131nlatma Metni Veri Sahibi Ba\u015fvuru Formu E-B\u00fclten [&hellip;]<\/p>\n","protected":false},"author":1,"featured_media":0,"parent":0,"menu_order":0,"comment_status":"closed","ping_status":"closed","template":"","meta":{"site-sidebar-layout":"no-sidebar","site-content-layout":"","ast-site-content-layout":"full-width-container","site-content-style":"default","site-sidebar-style":"default","ast-global-header-display":"","ast-banner-title-visibility":"","ast-main-header-display":"","ast-hfb-above-header-display":"","ast-hfb-below-header-display":"","ast-hfb-mobile-header-display":"","site-post-title":"disabled","ast-breadcrumbs-content":"","ast-featured-img":"disabled","footer-sml-layout":"","ast-disable-related-posts":"","theme-transparent-header-meta":"","adv-header-id-meta":"","stick-header-meta":"","header-above-stick-meta":"","header-main-stick-meta":"","header-below-stick-meta":"","astra-migrate-meta-layouts":"default","ast-page-background-enabled":"default","ast-page-background-meta":{"desktop":{"background-color":"var(--ast-global-color-5)","background-image":"","background-repeat":"repeat","background-position":"center center","background-size":"auto","background-attachment":"scroll","background-type":"","background-media":"","overlay-type":"","overlay-color":"","overlay-opacity":"","overlay-gradient":""},"tablet":{"background-color":"","background-image":"","background-repeat":"repeat","background-position":"center center","background-size":"auto","background-attachment":"scroll","background-type":"","background-media":"","overlay-type":"","overlay-color":"","overlay-opacity":"","overlay-gradient":""},"mobile":{"background-color":"","background-image":"","background-repeat":"repeat","background-position":"center center","background-size":"auto","background-attachment":"scroll","background-type":"","background-media":"","overlay-type":"","overlay-color":"","overlay-opacity":"","overlay-gradient":""}},"ast-content-background-meta":{"desktop":{"background-color":"var(--ast-global-color-4)","background-image":"","background-repeat":"repeat","background-position":"center center","background-size":"auto","background-attachment":"scroll","background-type":"","background-media":"","overlay-type":"","overlay-color":"","overlay-opacity":"","overlay-gradient":""},"tablet":{"background-color":"var(--ast-global-color-4)","background-image":"","background-repeat":"repeat","background-position":"center center","background-size":"auto","background-attachment":"scroll","background-type":"","background-media":"","overlay-type":"","overlay-color":"","overlay-opacity":"","overlay-gradient":""},"mobile":{"background-color":"var(--ast-global-color-4)","background-image":"","background-repeat":"repeat","background-position":"center center","background-size":"auto","background-attachment":"scroll","background-type":"","background-media":"","overlay-type":"","overlay-color":"","overlay-opacity":"","overlay-gradient":""}},"footnotes":""},"class_list":["post-2272","page","type-page","status-publish","hentry"],"_links":{"self":[{"href":"https:\/\/ongunpartners.com\/en\/wp-json\/wp\/v2\/pages\/2272","targetHints":{"allow":["GET"]}}],"collection":[{"href":"https:\/\/ongunpartners.com\/en\/wp-json\/wp\/v2\/pages"}],"about":[{"href":"https:\/\/ongunpartners.com\/en\/wp-json\/wp\/v2\/types\/page"}],"author":[{"embeddable":true,"href":"https:\/\/ongunpartners.com\/en\/wp-json\/wp\/v2\/users\/1"}],"replies":[{"embeddable":true,"href":"https:\/\/ongunpartners.com\/en\/wp-json\/wp\/v2\/comments?post=2272"}],"version-history":[{"count":24,"href":"https:\/\/ongunpartners.com\/en\/wp-json\/wp\/v2\/pages\/2272\/revisions"}],"predecessor-version":[{"id":3268,"href":"https:\/\/ongunpartners.com\/en\/wp-json\/wp\/v2\/pages\/2272\/revisions\/3268"}],"wp:attachment":[{"href":"https:\/\/ongunpartners.com\/en\/wp-json\/wp\/v2\/media?parent=2272"}],"curies":[{"name":"wp","href":"https:\/\/api.w.org\/{rel}","templated":true}]}}