{"id":2257,"date":"2025-12-17T11:58:36","date_gmt":"2025-12-17T11:58:36","guid":{"rendered":"http:\/\/gulseren-law-local.local\/?page_id=2257"},"modified":"2026-02-08T16:21:43","modified_gmt":"2026-02-08T16:21:43","slug":"legal-notice","status":"publish","type":"page","link":"https:\/\/ongunpartners.com\/en\/yasal-uyari\/","title":{"rendered":"Legal Notice"},"content":{"rendered":"<div data-elementor-type=\"wp-page\" data-elementor-id=\"2257\" class=\"elementor elementor-2257\">\n\t\t\t\t<div class=\"elementor-element elementor-element-1662af4 e-flex e-con-boxed e-con e-parent\" data-id=\"1662af4\" data-element_type=\"container\" data-e-type=\"container\">\n\t\t\t\t\t<div class=\"e-con-inner\">\n\t\t<div class=\"elementor-element elementor-element-a1c85b6 e-con-full e-flex e-con e-child\" data-id=\"a1c85b6\" data-element_type=\"container\" data-e-type=\"container\">\n\t\t\t\t<div class=\"elementor-element elementor-element-5afbf63 elementor-widget elementor-widget-heading\" data-id=\"5afbf63\" data-element_type=\"widget\" data-e-type=\"widget\" data-widget_type=\"heading.default\">\n\t\t\t\t\t<h5 class=\"elementor-heading-title elementor-size-default\">Related Policies<\/h5>\t\t\t\t<\/div>\n\t\t\t\t<div class=\"elementor-element elementor-element-0c0b1de elementor-widget elementor-widget-heading\" data-id=\"0c0b1de\" data-element_type=\"widget\" data-e-type=\"widget\" data-widget_type=\"heading.default\">\n\t\t\t\t\t<div class=\"elementor-heading-title elementor-size-default\"><a href=\"http:\/\/ongunpartners.com\/en\/privacy-policy\/\">Privacy Policy<\/a><\/div>\t\t\t\t<\/div>\n\t\t\t\t<div class=\"elementor-element elementor-element-4f4a483 elementor-widget elementor-widget-heading\" data-id=\"4f4a483\" data-element_type=\"widget\" data-e-type=\"widget\" data-widget_type=\"heading.default\">\n\t\t\t\t\t<div class=\"elementor-heading-title elementor-size-default\"><a href=\"http:\/\/ongunpartners.com\/en\/cookie-policy\/\">Cookie Policy<\/a><\/div>\t\t\t\t<\/div>\n\t\t\t\t<div class=\"elementor-element elementor-element-ee82e35 elementor-widget elementor-widget-heading\" data-id=\"ee82e35\" data-element_type=\"widget\" data-e-type=\"widget\" data-widget_type=\"heading.default\">\n\t\t\t\t\t<div class=\"elementor-heading-title elementor-size-default\"><a href=\"http:\/\/ongunpartners.com\/en\/conditions-of-use\/\">Terms of Use<\/a><\/div>\t\t\t\t<\/div>\n\t\t\t\t<div class=\"elementor-element elementor-element-7fce55b elementor-widget elementor-widget-heading\" data-id=\"7fce55b\" data-element_type=\"widget\" data-e-type=\"widget\" data-widget_type=\"heading.default\">\n\t\t\t\t\t<div class=\"elementor-heading-title elementor-size-default\"><a href=\"http:\/\/ongunpartners.com\/en\/disclaimer\/\">Disclaimer<\/a><\/div>\t\t\t\t<\/div>\n\t\t\t\t<div class=\"elementor-element elementor-element-ba32da5 elementor-widget elementor-widget-heading\" data-id=\"ba32da5\" data-element_type=\"widget\" data-e-type=\"widget\" data-widget_type=\"heading.default\">\n\t\t\t\t\t<div class=\"elementor-heading-title elementor-size-default\"><a href=\"http:\/\/ongunpartners.com\/en\/legal-notice\/\">Legal Notice<\/a><\/div>\t\t\t\t<\/div>\n\t\t\t\t<div class=\"elementor-element elementor-element-bd1d32f elementor-widget elementor-widget-heading\" data-id=\"bd1d32f\" data-element_type=\"widget\" data-e-type=\"widget\" data-widget_type=\"heading.default\">\n\t\t\t\t\t<div class=\"elementor-heading-title elementor-size-default\"><a href=\"http:\/\/ongunpartners.com\/en\/consultation-form-disclosure-text\/\">Consultation Form Disclosure Text<\/a><\/div>\t\t\t\t<\/div>\n\t\t\t\t<div class=\"elementor-element elementor-element-b7caf16 elementor-widget elementor-widget-heading\" data-id=\"b7caf16\" data-element_type=\"widget\" data-e-type=\"widget\" data-widget_type=\"heading.default\">\n\t\t\t\t\t<div class=\"elementor-heading-title elementor-size-default\"><a href=\"http:\/\/ongunpartners.com\/en\/data-subject-application-form\/\">Data Subject Application Form<\/a><\/div>\t\t\t\t<\/div>\n\t\t\t\t<div class=\"elementor-element elementor-element-6e0b28c elementor-widget elementor-widget-heading\" data-id=\"6e0b28c\" data-element_type=\"widget\" data-e-type=\"widget\" data-widget_type=\"heading.default\">\n\t\t\t\t\t<div class=\"elementor-heading-title elementor-size-default\"><a href=\"http:\/\/ongunpartners.com\/en\/e-newsletter-subscription-disclosure-text\/\">E-Newsletter Subscription Privacy Notice<\/a><\/div>\t\t\t\t<\/div>\n\t\t\t\t<\/div>\n\t\t<div class=\"elementor-element elementor-element-0f48268 e-con-full e-flex e-con e-child\" data-id=\"0f48268\" data-element_type=\"container\" data-e-type=\"container\">\n\t\t\t\t<div class=\"elementor-element elementor-element-80a3099 elementor-widget elementor-widget-html\" data-id=\"80a3099\" data-element_type=\"widget\" data-e-type=\"widget\" data-widget_type=\"html.default\">\n\t\t\t\t\t<div class=\"policy-doc\">\r\n    <h4>LEGAL NOTICE<\/h4>\r\n    \r\n    \r\n    Dear Visitors,\r\n    <br><br>\r\n    \r\n    This website and all information contained herein have been prepared solely for general information\npurposes and do not constitute legal advice, consultancy or legal services of any kind. The information\nprovided on this website is not intended to create, and receipt of it does not establish, an attorney-\nclient relationship.\r\n\r\n    <br><br>\r\n\r\n    The content of this website may become outdated due to changes in applicable legislation and may not\nalways reflect the most recent legal developments. G\u00dcLSEREN \u00d6NG\u00dcN LAW OFFICE shall under\nno circumstances be held liable for any decisions taken or actions carried out in reliance on the\ninformation provided on this website. We strongly recommend that you seek professional legal advice\nspecific to your circumstances before taking or refraining from any action.\r\n\r\n    <br><br>\r\n    \r\n    Although G\u00dcLSEREN \u00d6NG\u00dcN LAW OFFICE exercises the utmost care to ensure the accuracy and\ncurrency of the information published on this website, it accepts no liability whatsoever for any errors,\nomissions or lack of updates, nor for any direct or indirect damages that may arise from the use of\nsuch information.\r\n\r\n    <br><br>\r\n    \r\n    This website has been prepared in full compliance with the professional rules of the Union of Turkish\nBar Associations and the provisions of the Attorneyship Law concerning the prohibition of\nadvertising. The website is not used for advertising purposes or for the solicitation of clients or\nbusiness. By using this website, you are deemed to have accepted these Legal Notice and the Terms of\nUse.\r\n\r\n    \r\n    \r\n<\/div>\r\n<br>\t\t\t\t<\/div>\n\t\t\t\t<div class=\"elementor-element elementor-element-a145d2c elementor-widget elementor-widget-html\" data-id=\"a145d2c\" data-element_type=\"widget\" data-e-type=\"widget\" data-widget_type=\"html.default\">\n\t\t\t\t\t<div class=\"policy-doc\">\r\n    \r\n    \r\n    All text, images, logos, designs and other materials on this website are the intellectual property of\nG\u00dcLSEREN \u00d6NG\u00dcN LAW OFFICE. No content may be copied, reproduced, published, distributed\nor used for commercial purposes without the prior written consent of our office.\r\n\r\n    <br><br>\r\n\r\n    Unless expressly authorized in writing by G\u00dcLSEREN \u00d6NG\u00dcN LAW OFFICE, creating hyperlinks\nto this website or framing this website on another site is strictly prohibited.\r\n\r\n    <br><br>\r\n    \r\n    Information submitted to G\u00dcLSEREN \u00d6NG\u00dcN LAW OFFICE via e-mail, contact forms or any other\nmeans does not create an attorney-client relationship, including any limited or partial attorney-client\nrelationship with existing clients. G\u00dcLSEREN \u00d6NG\u00dcN LAW OFFICE assumes no responsibility for\ncontent published by third parties or for opinions expressed therein, and shall not be deemed to\nendorse such content. We reserve the right to remove any third-party content that we deem\ninappropriate.\r\n\r\n    <br><br>\r\n    \r\n    Visitors may not assert any claims against G\u00dcLSEREN \u00d6NG\u00dcN LAW OFFICE on the grounds that\nthe information on the website is inaccurate or incomplete, or that they have suffered loss or damage\nas a result of relying on such information.\r\n\r\n    <br><br>\r\n    \r\n<\/div>\r\n<br>\t\t\t\t<\/div>\n\t\t<div class=\"elementor-element elementor-element-d925e80 e-con-full e-flex e-con e-child\" data-id=\"d925e80\" data-element_type=\"container\" data-e-type=\"container\">\n\t\t<div class=\"elementor-element elementor-element-c88f55b e-con-full e-flex e-con e-child\" data-id=\"c88f55b\" data-element_type=\"container\" data-e-type=\"container\">\n\t\t\t\t<\/div>\n\t\t<div class=\"elementor-element elementor-element-cb92cbb e-con-full e-flex e-con e-child\" data-id=\"cb92cbb\" data-element_type=\"container\" data-e-type=\"container\">\n\t\t\t\t<div class=\"elementor-element elementor-element-5215c2a elementor-widget elementor-widget-html\" data-id=\"5215c2a\" data-element_type=\"widget\" data-e-type=\"widget\" data-widget_type=\"html.default\">\n\t\t\t\t\t<div class=\"policy-doc\" style=\"text-align: center;\">\n    Best regards,\n    <br>\n    <strong>G\u00dcLSEREN \u00d6NG\u00dcN LAW OFFICE<\/strong>\n<\/div>\t\t\t\t<\/div>\n\t\t\t\t<\/div>\n\t\t\t\t<\/div>\n\t\t<div class=\"elementor-element elementor-element-969e86b e-con-full e-flex e-con e-child\" data-id=\"969e86b\" data-element_type=\"container\" data-e-type=\"container\">\n\t\t<div class=\"elementor-element elementor-element-3770938 e-con-full e-flex e-con e-child\" data-id=\"3770938\" data-element_type=\"container\" data-e-type=\"container\">\n\t\t<div class=\"elementor-element elementor-element-1fa35d7 e-con-full e-flex e-con e-child\" data-id=\"1fa35d7\" data-element_type=\"container\" data-e-type=\"container\">\n\t\t\t\t<div class=\"elementor-element elementor-element-3507d63 elementor-widget elementor-widget-html\" data-id=\"3507d63\" data-element_type=\"widget\" data-e-type=\"widget\" data-widget_type=\"html.default\">\n\t\t\t\t\t<div class=\"policy-doc\">\n    <strong>Address<\/strong>\n<\/div>\t\t\t\t<\/div>\n\t\t\t\t<\/div>\n\t\t<div class=\"elementor-element elementor-element-4f2776c e-con-full e-flex e-con e-child\" data-id=\"4f2776c\" data-element_type=\"container\" data-e-type=\"container\">\n\t\t\t\t<div class=\"elementor-element elementor-element-b6e62b9 elementor-widget elementor-widget-html\" data-id=\"b6e62b9\" data-element_type=\"widget\" data-e-type=\"widget\" data-widget_type=\"html.default\">\n\t\t\t\t\t<div class=\"policy-doc\">\n    : Gaziosmanpa\u015fa Mah. Attar Sokak 11\/6 \u00c7ankaya 06680 ANKARA\/T\u00dcRK\u0130YE\n<\/div>\t\t\t\t<\/div>\n\t\t\t\t<\/div>\n\t\t\t\t<\/div>\n\t\t<div class=\"elementor-element elementor-element-a9cec5c e-con-full e-flex e-con e-child\" data-id=\"a9cec5c\" data-element_type=\"container\" data-e-type=\"container\">\n\t\t<div class=\"elementor-element elementor-element-67879df e-con-full e-flex e-con e-child\" data-id=\"67879df\" data-element_type=\"container\" data-e-type=\"container\">\n\t\t\t\t<div class=\"elementor-element elementor-element-1232a1b elementor-widget elementor-widget-html\" data-id=\"1232a1b\" data-element_type=\"widget\" data-e-type=\"widget\" data-widget_type=\"html.default\">\n\t\t\t\t\t<div class=\"policy-doc\">\n    <strong>Telephone<\/strong>\n<\/div>\t\t\t\t<\/div>\n\t\t\t\t<\/div>\n\t\t<div class=\"elementor-element elementor-element-70d47a0 e-con-full e-flex e-con e-child\" data-id=\"70d47a0\" data-element_type=\"container\" data-e-type=\"container\">\n\t\t\t\t<div class=\"elementor-element elementor-element-151bf0e elementor-widget elementor-widget-html\" data-id=\"151bf0e\" data-element_type=\"widget\" data-e-type=\"widget\" data-widget_type=\"html.default\">\n\t\t\t\t\t<div class=\"policy-doc\">\n    : +90 533 198 64 12\n<\/div>\t\t\t\t<\/div>\n\t\t\t\t<\/div>\n\t\t\t\t<\/div>\n\t\t<div class=\"elementor-element elementor-element-27385db e-con-full e-flex e-con e-child\" data-id=\"27385db\" data-element_type=\"container\" data-e-type=\"container\">\n\t\t<div class=\"elementor-element elementor-element-5af04f9 e-con-full e-flex e-con e-child\" data-id=\"5af04f9\" data-element_type=\"container\" data-e-type=\"container\">\n\t\t\t\t<div class=\"elementor-element elementor-element-73f2de1 elementor-widget elementor-widget-html\" data-id=\"73f2de1\" data-element_type=\"widget\" data-e-type=\"widget\" data-widget_type=\"html.default\">\n\t\t\t\t\t<div class=\"policy-doc\">\n    <strong>E-mail<\/strong>\n<\/div>\t\t\t\t<\/div>\n\t\t\t\t<\/div>\n\t\t<div class=\"elementor-element elementor-element-7928d8a e-con-full e-flex e-con e-child\" data-id=\"7928d8a\" data-element_type=\"container\" data-e-type=\"container\">\n\t\t\t\t<div class=\"elementor-element elementor-element-3362c47 elementor-widget elementor-widget-html\" data-id=\"3362c47\" data-element_type=\"widget\" data-e-type=\"widget\" data-widget_type=\"html.default\">\n\t\t\t\t\t<div class=\"policy-doc\">\n    : <a href=\"mailto:hello@gulserenongun.com\">hello@gulserenongun.com<\/a>\n<\/div>\t\t\t\t<\/div>\n\t\t\t\t<\/div>\n\t\t\t\t<\/div>\n\t\t\t\t<\/div>\n\t\t<div class=\"elementor-element elementor-element-a5a6dd7 e-con-full e-flex e-con e-child\" data-id=\"a5a6dd7\" data-element_type=\"container\" data-e-type=\"container\">\n\t\t<div class=\"elementor-element elementor-element-beef10a e-con-full e-flex e-con e-child\" data-id=\"beef10a\" data-element_type=\"container\" data-e-type=\"container\">\n\t\t<div class=\"elementor-element elementor-element-8b69452 e-con-full e-flex e-con e-child\" data-id=\"8b69452\" data-element_type=\"container\" data-e-type=\"container\">\n\t\t\t\t<div class=\"elementor-element elementor-element-d5131dc elementor-widget elementor-widget-html\" data-id=\"d5131dc\" data-element_type=\"widget\" data-e-type=\"widget\" data-widget_type=\"html.default\">\n\t\t\t\t\t<div class=\"policy-doc\">\n    Effective Date\n<\/div>\t\t\t\t<\/div>\n\t\t\t\t<\/div>\n\t\t<div class=\"elementor-element elementor-element-bb2179c e-con-full e-flex e-con e-child\" data-id=\"bb2179c\" data-element_type=\"container\" data-e-type=\"container\">\n\t\t\t\t<div class=\"elementor-element elementor-element-a6beef9 elementor-widget elementor-widget-html\" data-id=\"a6beef9\" data-element_type=\"widget\" data-e-type=\"widget\" data-widget_type=\"html.default\">\n\t\t\t\t\t<div class=\"policy-doc\">\n    : December 5, 2025\n<\/div>\t\t\t\t<\/div>\n\t\t\t\t<\/div>\n\t\t\t\t<\/div>\n\t\t<div class=\"elementor-element elementor-element-449b18b e-con-full e-flex e-con e-child\" data-id=\"449b18b\" data-element_type=\"container\" data-e-type=\"container\">\n\t\t<div class=\"elementor-element elementor-element-369ad1a e-con-full e-flex e-con e-child\" data-id=\"369ad1a\" data-element_type=\"container\" data-e-type=\"container\">\n\t\t\t\t<div class=\"elementor-element elementor-element-6587f82 elementor-widget elementor-widget-html\" data-id=\"6587f82\" data-element_type=\"widget\" data-e-type=\"widget\" data-widget_type=\"html.default\">\n\t\t\t\t\t<div class=\"policy-doc\">\n    Last Updated\n<\/div>\t\t\t\t<\/div>\n\t\t\t\t<\/div>\n\t\t<div class=\"elementor-element elementor-element-331a64c e-con-full e-flex e-con e-child\" data-id=\"331a64c\" data-element_type=\"container\" data-e-type=\"container\">\n\t\t\t\t<div class=\"elementor-element elementor-element-1bbc3c9 elementor-widget elementor-widget-html\" data-id=\"1bbc3c9\" data-element_type=\"widget\" data-e-type=\"widget\" data-widget_type=\"html.default\">\n\t\t\t\t\t<div class=\"policy-doc\">\n    : December 5, 2025\n<\/div>\t\t\t\t<\/div>\n\t\t\t\t<\/div>\n\t\t\t\t<\/div>\n\t\t\t\t<\/div>\n\t\t\t\t<\/div>\n\t\t\t\t\t<\/div>\n\t\t\t\t<\/div>\n\t\t\t\t<\/div>","protected":false},"excerpt":{"rendered":"<p>\u0130lgili Politikalar Gizlilik Politikas\u0131 \u00c7erez Politikas\u0131 Kullan\u0131m Ko\u015fullar\u0131 Feragatname Yasal Uyar\u0131 Dan\u0131\u015fma Formu Ayd\u0131nlatma Metni Veri Sahibi Ba\u015fvuru Formu E-B\u00fclten [&hellip;]<\/p>\n","protected":false},"author":1,"featured_media":0,"parent":0,"menu_order":0,"comment_status":"closed","ping_status":"closed","template":"","meta":{"site-sidebar-layout":"no-sidebar","site-content-layout":"","ast-site-content-layout":"full-width-container","site-content-style":"default","site-sidebar-style":"default","ast-global-header-display":"","ast-banner-title-visibility":"","ast-main-header-display":"","ast-hfb-above-header-display":"","ast-hfb-below-header-display":"","ast-hfb-mobile-header-display":"","site-post-title":"disabled","ast-breadcrumbs-content":"","ast-featured-img":"disabled","footer-sml-layout":"","ast-disable-related-posts":"","theme-transparent-header-meta":"","adv-header-id-meta":"","stick-header-meta":"","header-above-stick-meta":"","header-main-stick-meta":"","header-below-stick-meta":"","astra-migrate-meta-layouts":"default","ast-page-background-enabled":"default","ast-page-background-meta":{"desktop":{"background-color":"var(--ast-global-color-5)","background-image":"","background-repeat":"repeat","background-position":"center center","background-size":"auto","background-attachment":"scroll","background-type":"","background-media":"","overlay-type":"","overlay-color":"","overlay-opacity":"","overlay-gradient":""},"tablet":{"background-color":"","background-image":"","background-repeat":"repeat","background-position":"center center","background-size":"auto","background-attachment":"scroll","background-type":"","background-media":"","overlay-type":"","overlay-color":"","overlay-opacity":"","overlay-gradient":""},"mobile":{"background-color":"","background-image":"","background-repeat":"repeat","background-position":"center center","background-size":"auto","background-attachment":"scroll","background-type":"","background-media":"","overlay-type":"","overlay-color":"","overlay-opacity":"","overlay-gradient":""}},"ast-content-background-meta":{"desktop":{"background-color":"var(--ast-global-color-4)","background-image":"","background-repeat":"repeat","background-position":"center center","background-size":"auto","background-attachment":"scroll","background-type":"","background-media":"","overlay-type":"","overlay-color":"","overlay-opacity":"","overlay-gradient":""},"tablet":{"background-color":"var(--ast-global-color-4)","background-image":"","background-repeat":"repeat","background-position":"center center","background-size":"auto","background-attachment":"scroll","background-type":"","background-media":"","overlay-type":"","overlay-color":"","overlay-opacity":"","overlay-gradient":""},"mobile":{"background-color":"var(--ast-global-color-4)","background-image":"","background-repeat":"repeat","background-position":"center center","background-size":"auto","background-attachment":"scroll","background-type":"","background-media":"","overlay-type":"","overlay-color":"","overlay-opacity":"","overlay-gradient":""}},"footnotes":""},"class_list":["post-2257","page","type-page","status-publish","hentry"],"_links":{"self":[{"href":"https:\/\/ongunpartners.com\/en\/wp-json\/wp\/v2\/pages\/2257","targetHints":{"allow":["GET"]}}],"collection":[{"href":"https:\/\/ongunpartners.com\/en\/wp-json\/wp\/v2\/pages"}],"about":[{"href":"https:\/\/ongunpartners.com\/en\/wp-json\/wp\/v2\/types\/page"}],"author":[{"embeddable":true,"href":"https:\/\/ongunpartners.com\/en\/wp-json\/wp\/v2\/users\/1"}],"replies":[{"embeddable":true,"href":"https:\/\/ongunpartners.com\/en\/wp-json\/wp\/v2\/comments?post=2257"}],"version-history":[{"count":27,"href":"https:\/\/ongunpartners.com\/en\/wp-json\/wp\/v2\/pages\/2257\/revisions"}],"predecessor-version":[{"id":3254,"href":"https:\/\/ongunpartners.com\/en\/wp-json\/wp\/v2\/pages\/2257\/revisions\/3254"}],"wp:attachment":[{"href":"https:\/\/ongunpartners.com\/en\/wp-json\/wp\/v2\/media?parent=2257"}],"curies":[{"name":"wp","href":"https:\/\/api.w.org\/{rel}","templated":true}]}}