{"id":2246,"date":"2025-12-17T11:48:03","date_gmt":"2025-12-17T11:48:03","guid":{"rendered":"http:\/\/gulseren-law-local.local\/?page_id=2246"},"modified":"2026-01-09T10:53:49","modified_gmt":"2026-01-09T10:53:49","slug":"disclaimer","status":"publish","type":"page","link":"https:\/\/ongunpartners.com\/en\/feragatname\/","title":{"rendered":"Disclaimer"},"content":{"rendered":"<div data-elementor-type=\"wp-page\" data-elementor-id=\"2246\" class=\"elementor elementor-2246\">\n\t\t\t\t<div class=\"elementor-element elementor-element-bccae48 e-flex e-con-boxed e-con e-parent\" data-id=\"bccae48\" data-element_type=\"container\" data-e-type=\"container\">\n\t\t\t\t\t<div class=\"e-con-inner\">\n\t\t<div class=\"elementor-element elementor-element-ee9a7ec e-con-full e-flex e-con e-child\" data-id=\"ee9a7ec\" data-element_type=\"container\" data-e-type=\"container\">\n\t\t\t\t<div class=\"elementor-element elementor-element-f8d7fdc elementor-widget elementor-widget-heading\" data-id=\"f8d7fdc\" data-element_type=\"widget\" data-e-type=\"widget\" data-widget_type=\"heading.default\">\n\t\t\t\t\t<h5 class=\"elementor-heading-title elementor-size-default\">Related Policies<\/h5>\t\t\t\t<\/div>\n\t\t\t\t<div class=\"elementor-element elementor-element-f342cbc elementor-widget elementor-widget-heading\" data-id=\"f342cbc\" data-element_type=\"widget\" data-e-type=\"widget\" data-widget_type=\"heading.default\">\n\t\t\t\t\t<div class=\"elementor-heading-title elementor-size-default\"><a href=\"http:\/\/ongunpartners.com\/en\/privacy-policy\/\">Privacy Policy<\/a><\/div>\t\t\t\t<\/div>\n\t\t\t\t<div class=\"elementor-element elementor-element-f2739ff elementor-widget elementor-widget-heading\" data-id=\"f2739ff\" data-element_type=\"widget\" data-e-type=\"widget\" data-widget_type=\"heading.default\">\n\t\t\t\t\t<div class=\"elementor-heading-title elementor-size-default\"><a href=\"http:\/\/ongunpartners.com\/en\/cookie-policy\/\">Cookie Policy<\/a><\/div>\t\t\t\t<\/div>\n\t\t\t\t<div class=\"elementor-element elementor-element-e45aafc elementor-widget elementor-widget-heading\" data-id=\"e45aafc\" data-element_type=\"widget\" data-e-type=\"widget\" data-widget_type=\"heading.default\">\n\t\t\t\t\t<div class=\"elementor-heading-title elementor-size-default\"><a href=\"http:\/\/ongunpartners.com\/en\/conditions-of-use\/\">Terms of Use<\/a><\/div>\t\t\t\t<\/div>\n\t\t\t\t<div class=\"elementor-element elementor-element-5e2cbc9 elementor-widget elementor-widget-heading\" data-id=\"5e2cbc9\" data-element_type=\"widget\" data-e-type=\"widget\" data-widget_type=\"heading.default\">\n\t\t\t\t\t<div class=\"elementor-heading-title elementor-size-default\"><a href=\"http:\/\/ongunpartners.com\/en\/disclaimer\/\">Disclaimer<\/a><\/div>\t\t\t\t<\/div>\n\t\t\t\t<div class=\"elementor-element elementor-element-ef8738a elementor-widget elementor-widget-heading\" data-id=\"ef8738a\" data-element_type=\"widget\" data-e-type=\"widget\" data-widget_type=\"heading.default\">\n\t\t\t\t\t<div class=\"elementor-heading-title elementor-size-default\"><a href=\"http:\/\/ongunpartners.com\/en\/legal-notice\/\">Legal Notice<\/a><\/div>\t\t\t\t<\/div>\n\t\t\t\t<div class=\"elementor-element elementor-element-41aa7fe elementor-widget elementor-widget-heading\" data-id=\"41aa7fe\" data-element_type=\"widget\" data-e-type=\"widget\" data-widget_type=\"heading.default\">\n\t\t\t\t\t<div class=\"elementor-heading-title elementor-size-default\"><a href=\"http:\/\/ongunpartners.com\/en\/consultation-form-disclosure-text\/\">Consultation Form Disclosure Text<\/a><\/div>\t\t\t\t<\/div>\n\t\t\t\t<div class=\"elementor-element elementor-element-22f5591 elementor-widget elementor-widget-heading\" data-id=\"22f5591\" data-element_type=\"widget\" data-e-type=\"widget\" data-widget_type=\"heading.default\">\n\t\t\t\t\t<div class=\"elementor-heading-title elementor-size-default\"><a href=\"http:\/\/ongunpartners.com\/en\/data-subject-application-form\/\">Data Subject Application Form<\/a><\/div>\t\t\t\t<\/div>\n\t\t\t\t<div class=\"elementor-element elementor-element-bd8841b elementor-widget elementor-widget-heading\" data-id=\"bd8841b\" data-element_type=\"widget\" data-e-type=\"widget\" data-widget_type=\"heading.default\">\n\t\t\t\t\t<div class=\"elementor-heading-title elementor-size-default\"><a href=\"http:\/\/ongunpartners.com\/en\/e-newsletter-subscription-disclosure-text\/\">E-Newsletter Subscription Privacy Notice<\/a><\/div>\t\t\t\t<\/div>\n\t\t\t\t<\/div>\n\t\t<div class=\"elementor-element elementor-element-5f89651 e-con-full e-flex e-con e-child\" data-id=\"5f89651\" data-element_type=\"container\" data-e-type=\"container\">\n\t\t\t\t<div class=\"elementor-element elementor-element-d81d766 elementor-widget elementor-widget-html\" data-id=\"d81d766\" data-element_type=\"widget\" data-e-type=\"widget\" data-widget_type=\"html.default\">\n\t\t\t\t\t<div class=\"policy-doc\">\r\n    <h4>DISCLAIMER OF LIABILITY<\/h4>\r\n<\/div>\r\n\t\t\t\t<\/div>\n\t\t\t\t<div class=\"elementor-element elementor-element-edbdfad elementor-widget elementor-widget-html\" data-id=\"edbdfad\" data-element_type=\"widget\" data-e-type=\"widget\" data-widget_type=\"html.default\">\n\t\t\t\t\t<div class=\"policy-doc\">\r\n    <h4>General Information<\/h4>\r\n    The information provided on this website is for general informational and educational purposes only. It\ndoes not constitute legal advice and does not establish an attorney-client relationship. Visitors should\nnot rely on this information as a substitute for professional legal advice tailored to their specific\ncircumstances.\r\n    \r\n\r\n<\/div>\r\n<br>\t\t\t\t<\/div>\n\t\t\t\t<div class=\"elementor-element elementor-element-d626429 elementor-widget elementor-widget-html\" data-id=\"d626429\" data-element_type=\"widget\" data-e-type=\"widget\" data-widget_type=\"html.default\">\n\t\t\t\t\t<div class=\"policy-doc\">\r\n    <h4>Case Analyses and Legal Evaluations<\/h4>\r\n    Case analyses, summaries, and legal evaluations presented on our website are shared solely for\nillustrative purposes. Past results do not guarantee or predict similar outcomes in future cases, as each\ncase is unique and subject to different factors.\r\n    \r\n\r\n<\/div>\r\n<br>\t\t\t\t<\/div>\n\t\t\t\t<div class=\"elementor-element elementor-element-31f40b0 elementor-widget elementor-widget-html\" data-id=\"31f40b0\" data-element_type=\"widget\" data-e-type=\"widget\" data-widget_type=\"html.default\">\n\t\t\t\t\t<div class=\"policy-doc\">\r\n    <h4>Cookie Usage<\/h4>\r\n    This website may use cookies to enhance user experience, improve functionality, and analyze site\ntraffic. Cookies may include essential cookies necessary for the website\u2019s operation and analytical\ncookies used for performance analysis. By using this website, you consent to the use of cookies as\noutlined in our <a href=\"http:\/\/ongunpartners.com\/en\/cookie-policy\/\">Cookie Policy<\/a>. You may manage or withdraw your consent at any time through our\ncookie management tools.\r\n    \r\n\r\n<\/div>\r\n<br>\t\t\t\t<\/div>\n\t\t\t\t<div class=\"elementor-element elementor-element-543dbb0 elementor-widget elementor-widget-html\" data-id=\"543dbb0\" data-element_type=\"widget\" data-e-type=\"widget\" data-widget_type=\"html.default\">\n\t\t\t\t\t<div class=\"policy-doc\">\r\n    <h4>External Links<\/h4>\r\n    This website may contain external links to websites of government institutions, courts, bar\nassociations, or other official entities. G\u00dcLSEREN \u00d6NG\u00dcN LAW OFFICE is not responsible for\nthe accuracy, completeness, or reliability of the information on these external sites and does not\nendorse their content. Accessing external links is entirely at your own risk.\r\n    \r\n\r\n<\/div>\r\n<br>\t\t\t\t<\/div>\n\t\t\t\t<div class=\"elementor-element elementor-element-fc42b30 elementor-widget elementor-widget-html\" data-id=\"fc42b30\" data-element_type=\"widget\" data-e-type=\"widget\" data-widget_type=\"html.default\">\n\t\t\t\t\t<div class=\"policy-doc\">\r\n    <h4>Data Protection<\/h4>\r\n    Personal data submitted through consultation forms or other means is processed in accordance with the\nTurkish Personal Data Protection Law (KVKK) and the European Union General Data Protection\nRegulation (GDPR). Data is collected solely to respond to your requests, based on your explicit\nconsent or our legitimate interest in providing legal services. For detailed information, please review\nour <a href=\"http:\/\/ongunpartners.com\/en\/privacy-policy\/\">Privacy\nPolicy<\/a> .\r\n    \r\n\r\n<\/div>\r\n<br>\t\t\t\t<\/div>\n\t\t\t\t<div class=\"elementor-element elementor-element-eb25cf2 elementor-widget elementor-widget-html\" data-id=\"eb25cf2\" data-element_type=\"widget\" data-e-type=\"widget\" data-widget_type=\"html.default\">\n\t\t\t\t\t<div class=\"policy-doc\">\r\n    <h4>Limitation of Liability<\/h4>\r\n    G\u00dcLSEREN \u00d6NG\u00dcN LAW OFFICE shall not be liable for any direct, indirect, incidental, or\nconsequential damages arising from reliance on or use of the information provided on this website.\nThis includes, but is not limited to, inaccuracies, errors, or omissions in the content.\r\n    \r\n\r\n<\/div>\r\n<br>\t\t\t\t<\/div>\n\t\t\t\t<div class=\"elementor-element elementor-element-981c214 elementor-widget elementor-widget-html\" data-id=\"981c214\" data-element_type=\"widget\" data-e-type=\"widget\" data-widget_type=\"html.default\">\n\t\t\t\t\t<div class=\"policy-doc\">\r\n    <h4>Contact Us<\/h4>\r\n    For legal questions or requests, please contact us using the Consultation form on our website.\nResponses will be provided based on the summary information shared and the documents uploaded to\nthe system.\r\n    \r\n\r\n<\/div>\r\n<br>\t\t\t\t<\/div>\n\t\t\t\t<div class=\"elementor-element elementor-element-7fce4a0 elementor-widget elementor-widget-html\" data-id=\"7fce4a0\" data-element_type=\"widget\" data-e-type=\"widget\" data-widget_type=\"html.default\">\n\t\t\t\t\t<div class=\"policy-doc\">\r\n    <h4>Applicable Law<\/h4>\r\n    This disclaimer and the use of our website are governed by the laws of the Republic of T\u00fcrkiye. Any disputes arising from the use of this website shall be resolved through arbitration in accordance with the TOBB Arbitration Rules, administered by the TOBBUYUM Dispute Resolution Center. The seat of arbitration is Ankara, T\u00fcrkiye. The language of arbitration is Turkish. Turkish law shall apply to the merits of the dispute. The number of arbitrators is one. <strong>Any disputes shall be resolved through arbitration in accordance with the TOBB Arbitration Rules<\/strong> The seat of arbitration is Ankara\/T\u00fcrkiye. The language of arbitration is Turkish. Turkish law shall apply to the merits of the dispute. The number of arbitrators is one. <strong>Arbitral awards are binding pursuant to the Code of Civil Procedure numbered 6100.<\/strong>\r\n    \r\n\r\n<\/div>\r\n<br>\t\t\t\t<\/div>\n\t\t<div class=\"elementor-element elementor-element-9e26a1c e-con-full e-flex e-con e-child\" data-id=\"9e26a1c\" data-element_type=\"container\" data-e-type=\"container\">\n\t\t<div class=\"elementor-element elementor-element-13a66cb e-con-full e-flex e-con e-child\" data-id=\"13a66cb\" data-element_type=\"container\" data-e-type=\"container\">\n\t\t\t\t<\/div>\n\t\t<div class=\"elementor-element elementor-element-4b35518 e-con-full e-flex e-con e-child\" data-id=\"4b35518\" data-element_type=\"container\" data-e-type=\"container\">\n\t\t\t\t<div class=\"elementor-element elementor-element-b159cfd elementor-widget elementor-widget-html\" data-id=\"b159cfd\" data-element_type=\"widget\" data-e-type=\"widget\" data-widget_type=\"html.default\">\n\t\t\t\t\t<div class=\"policy-doc\" style=\"text-align: center;\">\n    Best regards,\n    <br>\n    <strong>G\u00dcLSEREN \u00d6NG\u00dcN LAW OFFICE<\/strong>\n<\/div>\t\t\t\t<\/div>\n\t\t\t\t<\/div>\n\t\t\t\t<\/div>\n\t\t<div class=\"elementor-element elementor-element-78f24f0 e-con-full e-flex e-con e-child\" data-id=\"78f24f0\" data-element_type=\"container\" data-e-type=\"container\">\n\t\t<div class=\"elementor-element elementor-element-e3ba985 e-con-full e-flex e-con e-child\" data-id=\"e3ba985\" data-element_type=\"container\" data-e-type=\"container\">\n\t\t<div class=\"elementor-element elementor-element-cb08aaa e-con-full e-flex e-con e-child\" data-id=\"cb08aaa\" data-element_type=\"container\" data-e-type=\"container\">\n\t\t\t\t<div class=\"elementor-element elementor-element-3140183 elementor-widget elementor-widget-html\" data-id=\"3140183\" data-element_type=\"widget\" data-e-type=\"widget\" data-widget_type=\"html.default\">\n\t\t\t\t\t<div class=\"policy-doc\">\n    Effective Date\n<\/div>\t\t\t\t<\/div>\n\t\t\t\t<\/div>\n\t\t<div class=\"elementor-element elementor-element-ae726ca e-con-full e-flex e-con e-child\" data-id=\"ae726ca\" data-element_type=\"container\" data-e-type=\"container\">\n\t\t\t\t<div class=\"elementor-element elementor-element-3ce3614 elementor-widget elementor-widget-html\" data-id=\"3ce3614\" data-element_type=\"widget\" data-e-type=\"widget\" data-widget_type=\"html.default\">\n\t\t\t\t\t<div class=\"policy-doc\">\n    : December 5, 2025\n<\/div>\t\t\t\t<\/div>\n\t\t\t\t<\/div>\n\t\t\t\t<\/div>\n\t\t<div class=\"elementor-element elementor-element-65a83be e-con-full e-flex e-con e-child\" data-id=\"65a83be\" data-element_type=\"container\" data-e-type=\"container\">\n\t\t<div class=\"elementor-element elementor-element-d943910 e-con-full e-flex e-con e-child\" data-id=\"d943910\" data-element_type=\"container\" data-e-type=\"container\">\n\t\t\t\t<div class=\"elementor-element elementor-element-6aa9f5a elementor-widget elementor-widget-html\" data-id=\"6aa9f5a\" data-element_type=\"widget\" data-e-type=\"widget\" data-widget_type=\"html.default\">\n\t\t\t\t\t<div class=\"policy-doc\">\n    Last Updated\n<\/div>\t\t\t\t<\/div>\n\t\t\t\t<\/div>\n\t\t<div class=\"elementor-element elementor-element-26be752 e-con-full e-flex e-con e-child\" data-id=\"26be752\" data-element_type=\"container\" data-e-type=\"container\">\n\t\t\t\t<div class=\"elementor-element elementor-element-62fe805 elementor-widget elementor-widget-html\" data-id=\"62fe805\" data-element_type=\"widget\" data-e-type=\"widget\" data-widget_type=\"html.default\">\n\t\t\t\t\t<div class=\"policy-doc\">\n    : December 5, 2025\n<\/div>\t\t\t\t<\/div>\n\t\t\t\t<\/div>\n\t\t\t\t<\/div>\n\t\t\t\t<\/div>\n\t\t\t\t<\/div>\n\t\t\t\t\t<\/div>\n\t\t\t\t<\/div>\n\t\t\t\t<\/div>","protected":false},"excerpt":{"rendered":"<p>\u0130lgili Politikalar Gizlilik Politikas\u0131 \u00c7erez Politikas\u0131 Kullan\u0131m Ko\u015fullar\u0131 Feragatname Yasal Uyar\u0131 Dan\u0131\u015fma Formu Ayd\u0131nlatma Metni Veri Sahibi Ba\u015fvuru Formu E-B\u00fclten [&hellip;]<\/p>\n","protected":false},"author":1,"featured_media":0,"parent":0,"menu_order":0,"comment_status":"closed","ping_status":"closed","template":"","meta":{"site-sidebar-layout":"no-sidebar","site-content-layout":"","ast-site-content-layout":"full-width-container","site-content-style":"default","site-sidebar-style":"default","ast-global-header-display":"","ast-banner-title-visibility":"","ast-main-header-display":"","ast-hfb-above-header-display":"","ast-hfb-below-header-display":"","ast-hfb-mobile-header-display":"","site-post-title":"disabled","ast-breadcrumbs-content":"","ast-featured-img":"disabled","footer-sml-layout":"","ast-disable-related-posts":"","theme-transparent-header-meta":"","adv-header-id-meta":"","stick-header-meta":"","header-above-stick-meta":"","header-main-stick-meta":"","header-below-stick-meta":"","astra-migrate-meta-layouts":"default","ast-page-background-enabled":"default","ast-page-background-meta":{"desktop":{"background-color":"var(--ast-global-color-5)","background-image":"","background-repeat":"repeat","background-position":"center center","background-size":"auto","background-attachment":"scroll","background-type":"","background-media":"","overlay-type":"","overlay-color":"","overlay-opacity":"","overlay-gradient":""},"tablet":{"background-color":"","background-image":"","background-repeat":"repeat","background-position":"center center","background-size":"auto","background-attachment":"scroll","background-type":"","background-media":"","overlay-type":"","overlay-color":"","overlay-opacity":"","overlay-gradient":""},"mobile":{"background-color":"","background-image":"","background-repeat":"repeat","background-position":"center center","background-size":"auto","background-attachment":"scroll","background-type":"","background-media":"","overlay-type":"","overlay-color":"","overlay-opacity":"","overlay-gradient":""}},"ast-content-background-meta":{"desktop":{"background-color":"var(--ast-global-color-4)","background-image":"","background-repeat":"repeat","background-position":"center center","background-size":"auto","background-attachment":"scroll","background-type":"","background-media":"","overlay-type":"","overlay-color":"","overlay-opacity":"","overlay-gradient":""},"tablet":{"background-color":"var(--ast-global-color-4)","background-image":"","background-repeat":"repeat","background-position":"center center","background-size":"auto","background-attachment":"scroll","background-type":"","background-media":"","overlay-type":"","overlay-color":"","overlay-opacity":"","overlay-gradient":""},"mobile":{"background-color":"var(--ast-global-color-4)","background-image":"","background-repeat":"repeat","background-position":"center center","background-size":"auto","background-attachment":"scroll","background-type":"","background-media":"","overlay-type":"","overlay-color":"","overlay-opacity":"","overlay-gradient":""}},"footnotes":""},"class_list":["post-2246","page","type-page","status-publish","hentry"],"_links":{"self":[{"href":"https:\/\/ongunpartners.com\/en\/wp-json\/wp\/v2\/pages\/2246","targetHints":{"allow":["GET"]}}],"collection":[{"href":"https:\/\/ongunpartners.com\/en\/wp-json\/wp\/v2\/pages"}],"about":[{"href":"https:\/\/ongunpartners.com\/en\/wp-json\/wp\/v2\/types\/page"}],"author":[{"embeddable":true,"href":"https:\/\/ongunpartners.com\/en\/wp-json\/wp\/v2\/users\/1"}],"replies":[{"embeddable":true,"href":"https:\/\/ongunpartners.com\/en\/wp-json\/wp\/v2\/comments?post=2246"}],"version-history":[{"count":15,"href":"https:\/\/ongunpartners.com\/en\/wp-json\/wp\/v2\/pages\/2246\/revisions"}],"predecessor-version":[{"id":3159,"href":"https:\/\/ongunpartners.com\/en\/wp-json\/wp\/v2\/pages\/2246\/revisions\/3159"}],"wp:attachment":[{"href":"https:\/\/ongunpartners.com\/en\/wp-json\/wp\/v2\/media?parent=2246"}],"curies":[{"name":"wp","href":"https:\/\/api.w.org\/{rel}","templated":true}]}}