{"id":1957,"date":"2025-10-31T16:06:04","date_gmt":"2025-10-31T16:06:04","guid":{"rendered":"https:\/\/gulserenongun.com\/?page_id=1957"},"modified":"2026-02-08T16:21:01","modified_gmt":"2026-02-08T16:21:01","slug":"conditions-of-use","status":"publish","type":"page","link":"https:\/\/ongunpartners.com\/en\/kullanim-kosullari\/","title":{"rendered":"Kullan\u0131m Ko\u015fular\u0131"},"content":{"rendered":"<div data-elementor-type=\"wp-page\" data-elementor-id=\"1957\" class=\"elementor elementor-1957\">\n\t\t\t\t<div class=\"elementor-element elementor-element-1e0cbcb6 e-flex e-con-boxed e-con e-parent\" data-id=\"1e0cbcb6\" data-element_type=\"container\" data-e-type=\"container\">\n\t\t\t\t\t<div class=\"e-con-inner\">\n\t\t<div class=\"elementor-element elementor-element-31d9cb2 e-con-full e-flex e-con e-child\" data-id=\"31d9cb2\" data-element_type=\"container\" data-e-type=\"container\">\n\t\t\t\t<div class=\"elementor-element elementor-element-a4205e2 elementor-widget elementor-widget-heading\" data-id=\"a4205e2\" data-element_type=\"widget\" data-e-type=\"widget\" data-widget_type=\"heading.default\">\n\t\t\t\t\t<h5 class=\"elementor-heading-title elementor-size-default\">Related Policies<\/h5>\t\t\t\t<\/div>\n\t\t\t\t<div class=\"elementor-element elementor-element-17bb887d elementor-widget elementor-widget-heading\" data-id=\"17bb887d\" data-element_type=\"widget\" data-e-type=\"widget\" data-widget_type=\"heading.default\">\n\t\t\t\t\t<div class=\"elementor-heading-title elementor-size-default\"><a href=\"http:\/\/ongunpartners.com\/en\/privacy-policy\/\">Privacy Policy<\/a><\/div>\t\t\t\t<\/div>\n\t\t\t\t<div class=\"elementor-element elementor-element-3fcff21f elementor-widget elementor-widget-heading\" data-id=\"3fcff21f\" data-element_type=\"widget\" data-e-type=\"widget\" data-widget_type=\"heading.default\">\n\t\t\t\t\t<div class=\"elementor-heading-title elementor-size-default\"><a href=\"http:\/\/ongunpartners.com\/en\/cookie-policy\/\">Cookie Policy<\/a><\/div>\t\t\t\t<\/div>\n\t\t\t\t<div class=\"elementor-element elementor-element-2af0fc9f elementor-widget elementor-widget-heading\" data-id=\"2af0fc9f\" data-element_type=\"widget\" data-e-type=\"widget\" data-widget_type=\"heading.default\">\n\t\t\t\t\t<div class=\"elementor-heading-title elementor-size-default\"><a href=\"http:\/\/ongunpartners.com\/en\/conditions-of-use\/\">Terms of Use<\/a><\/div>\t\t\t\t<\/div>\n\t\t\t\t<div class=\"elementor-element elementor-element-18c81598 elementor-widget elementor-widget-heading\" data-id=\"18c81598\" data-element_type=\"widget\" data-e-type=\"widget\" data-widget_type=\"heading.default\">\n\t\t\t\t\t<div class=\"elementor-heading-title elementor-size-default\"><a href=\"http:\/\/ongunpartners.com\/en\/disclaimer\/\">Disclaimer<\/a><\/div>\t\t\t\t<\/div>\n\t\t\t\t<div class=\"elementor-element elementor-element-6ccc0253 elementor-widget elementor-widget-heading\" data-id=\"6ccc0253\" data-element_type=\"widget\" data-e-type=\"widget\" data-widget_type=\"heading.default\">\n\t\t\t\t\t<div class=\"elementor-heading-title elementor-size-default\"><a href=\"http:\/\/ongunpartners.com\/en\/legal-notice\/\">Legal Notice<\/a><\/div>\t\t\t\t<\/div>\n\t\t\t\t<div class=\"elementor-element elementor-element-6b49a160 elementor-widget elementor-widget-heading\" data-id=\"6b49a160\" data-element_type=\"widget\" data-e-type=\"widget\" data-widget_type=\"heading.default\">\n\t\t\t\t\t<div class=\"elementor-heading-title elementor-size-default\"><a href=\"http:\/\/ongunpartners.com\/en\/consultation-form-disclosure-text\/\">Consultation Form Disclosure Text<\/a><\/div>\t\t\t\t<\/div>\n\t\t\t\t<div class=\"elementor-element elementor-element-9f10b44 elementor-widget elementor-widget-heading\" data-id=\"9f10b44\" data-element_type=\"widget\" data-e-type=\"widget\" data-widget_type=\"heading.default\">\n\t\t\t\t\t<div class=\"elementor-heading-title elementor-size-default\"><a href=\"http:\/\/ongunpartners.com\/en\/data-subject-application-form\/\">Data Subject Application Form<\/a><\/div>\t\t\t\t<\/div>\n\t\t\t\t<div class=\"elementor-element elementor-element-53cc2a08 elementor-widget elementor-widget-heading\" data-id=\"53cc2a08\" data-element_type=\"widget\" data-e-type=\"widget\" data-widget_type=\"heading.default\">\n\t\t\t\t\t<div class=\"elementor-heading-title elementor-size-default\"><a href=\"http:\/\/ongunpartners.com\/en\/e-newsletter-subscription-disclosure-text\/\">E-Newsletter Subscription Privacy Notice<\/a><\/div>\t\t\t\t<\/div>\n\t\t\t\t<\/div>\n\t\t<div class=\"elementor-element elementor-element-26aee6a1 e-con-full e-flex e-con e-child\" data-id=\"26aee6a1\" data-element_type=\"container\" data-e-type=\"container\">\n\t\t\t\t<div class=\"elementor-element elementor-element-77b2d82c elementor-widget elementor-widget-html\" data-id=\"77b2d82c\" data-element_type=\"widget\" data-e-type=\"widget\" data-widget_type=\"html.default\">\n\t\t\t\t\t<div class=\"policy-doc\">\r\n    <h4>TERMS OF USE<\/h4>\r\n    \r\n   \r\n    \r\n    Welcome to the website\r\n    <a href=\"http:\/\/ongunpartners.com\/en\/\" target=\"_blank\" rel=\"noopener\">www.ongunpartners.com<\/a> , operated by G\u00dcLSEREN \u00d6NG\u00dcN LAW OFFICE\n(hereinafter referred to as the \u201cOffice\u201d). These Terms of Use govern the rules, rights, and obligations\npertaining to the use of the website (hereinafter referred to as the \u201cSite\u201d). Please carefully review these\nTerms of Use prior to accessing or using the Site. Use of the Site is contingent upon your explicit\nacceptance of these Terms of Use. By accessing or using the site, you agree to be bound by the Terms\nof Use.\r\n    \r\n    \r\n    \r\n<\/div>\r\n<br>\t\t\t\t<\/div>\n\t\t\t\t<div class=\"elementor-element elementor-element-76c6abb2 elementor-widget elementor-widget-html\" data-id=\"76c6abb2\" data-element_type=\"widget\" data-e-type=\"widget\" data-widget_type=\"html.default\">\n\t\t\t\t\t<div class=\"policy-doc\">\r\n    <h4>1. General Provisions<\/h4>\r\n    The Site is operated by G\u00dcLSEREN \u00d6NG\u00dcN LAW OFFICE for the purposes of disseminating legal\ninformation, providing details about consultancy services, and facilitating communication. All content\non the Site is protected by copyright under the Turkish Law on Intellectual and Artistic Works No.\n5846. Unauthorized copying, reproduction, distribution, or capturing of screenshots of the content is\nstrictly prohibited.\r\n    \r\n    \r\n\r\n<\/div>\r\n<br>\t\t\t\t<\/div>\n\t\t\t\t<div class=\"elementor-element elementor-element-691e31b0 elementor-widget elementor-widget-html\" data-id=\"691e31b0\" data-element_type=\"widget\" data-e-type=\"widget\" data-widget_type=\"html.default\">\n\t\t\t\t\t<div class=\"policy-doc\">\r\n    <h4>2. User Obligations<\/h4>\r\n    By using the Site, you undertake to comply with the following obligations:\r\n    \r\n    <br>\r\n    \r\n    <ul>\r\n     \t<li>The Site\u2019s content may only be used for personal and non-commercial purposes.<\/li>\r\n     \t<li>Unauthorized copying, reproduction, distribution, capturing of screenshots, or any other\nmisuse of any content on the Site (e.g., text, images, logos) is prohibited.<\/li>\r\n     \t<li>You shall not engage in any actions that may harm, overburden, or impair the functionality of\nthe Site (e.g., uploading malicious software, conducting DDoS attacks).<\/li>\r\n     \t<li>Access to the Site shall only be through lawful and authorized means.<\/li>\r\n     \t<li>You warrant that any information provided through the Site\u2019s forms or communication tools is\naccurate, current, and complete.<\/li>\r\n    <\/ul>\r\n    \r\n    \r\n<\/div>\r\n\t\t\t\t<\/div>\n\t\t\t\t<div class=\"elementor-element elementor-element-86a0bb3 elementor-widget elementor-widget-html\" data-id=\"86a0bb3\" data-element_type=\"widget\" data-e-type=\"widget\" data-widget_type=\"html.default\">\n\t\t\t\t\t<div class=\"policy-doc\">\r\n    <h4>3. Intellectual Property Rights<\/h4>\r\n    All content on the Site, including but not limited to text, images, logos, and design elements, is owned\nby G\u00dcLSEREN \u00d6NG\u00dcN LAW OFFICE and is protected under the Turkish Law on Intellectual and\nArtistic Works No. 5846. Watermarks may be applied to the content, and unauthorized use may result\nin legal action. Any copying, capturing of screenshots, or dissemination of content is subject to the\nprior written consent of the Office.\r\n    \r\n\r\n<\/div>\r\n<br>\t\t\t\t<\/div>\n\t\t\t\t<div class=\"elementor-element elementor-element-323e202e elementor-widget elementor-widget-html\" data-id=\"323e202e\" data-element_type=\"widget\" data-e-type=\"widget\" data-widget_type=\"html.default\">\n\t\t\t\t\t<div class=\"policy-doc\">\r\n    <h4>4. Personal Data Protection<\/h4>\r\n    The Site may collect personal data through cookies and similar technologies. Such data is processed in\naccordance with the Turkish Personal Data Protection Law No. 6698 (KVKK) and the European\nUnion General Data Protection Regulation (GDPR). For detailed information, please refer to our <a href=\"http:\/\/ongunpartners.com\/en\/cookie-policy\/\">Cookie Policy<\/a> and <a href=\"http:\/\/ongunpartners.com\/en\/privacy-policy\/\">Privacy Policy<\/a> To exercise your rights under KVKK and GDPR, you may\ncomplete the <a href=\"http:\/\/ongunpartners.com\/en\/data-subject-application-form\/\">Data Subject Application Form<\/a>( see <a href=\"http:\/\/ongunpartners.com\/en\/consultation-form-disclosure-text\/\">Lighting Texts<\/a> and <a href=\"http:\/\/ongunpartners.com\/en\/data-subject-application-form\/\">Application Form<\/a>).\r\n    \r\n\r\n<\/div>\r\n<br>\t\t\t\t<\/div>\n\t\t\t\t<div class=\"elementor-element elementor-element-13aa0c7e elementor-widget elementor-widget-html\" data-id=\"13aa0c7e\" data-element_type=\"widget\" data-e-type=\"widget\" data-widget_type=\"html.default\">\n\t\t\t\t\t<div class=\"policy-doc\">\r\n    <h4>5. Limitation of Liability<\/h4>\r\n    The information provided on the Site is for general informational purposes only and does not\nconstitute legal advice. The Office does not guarantee the accuracy, timeliness, or completeness of the\nSite\u2019s content. The Office shall not be liable for any damages or losses arising from the use of the Site\nor its content. The Office is not responsible for technical issues (e.g., interruptions, data loss) that may\noccur during access to or use of the Site.\r\n    \r\n    \r\n<\/div>\r\n<br>\t\t\t\t<\/div>\n\t\t\t\t<div class=\"elementor-element elementor-element-738219d4 elementor-widget elementor-widget-html\" data-id=\"738219d4\" data-element_type=\"widget\" data-e-type=\"widget\" data-widget_type=\"html.default\">\n\t\t\t\t\t<div class=\"policy-doc\">\r\n    <h4>6. Prohibition of Screenshots and Content Usage<\/h4>\r\n    Capturing screenshots, copying, or unauthorized dissemination of the Site\u2019s content is strictly\nprohibited. Watermarks may be applied to the content, and any unauthorized use may result in legal\nand criminal sanctions under the Turkish Law on Intellectual and Artistic Works No. 5846. By using\nthe Site, users undertake to comply with this prohibition.\r\n    \r\n\r\n<\/div>\r\n<br>\t\t\t\t<\/div>\n\t\t\t\t<div class=\"elementor-element elementor-element-1809e3b4 elementor-widget elementor-widget-html\" data-id=\"1809e3b4\" data-element_type=\"widget\" data-e-type=\"widget\" data-widget_type=\"html.default\">\n\t\t\t\t\t<div class=\"policy-doc\">\r\n    <h4>7. Third-Party Links<\/h4>\r\n    The Site may contain links to third-party websites (e.g., Google, Yandex, social media platforms).\nThese links are provided solely for user convenience. The Office is not responsible for the content or\nprivacy policies of third-party websites.\r\n\r\n<\/div>\r\n<br>\t\t\t\t<\/div>\n\t\t\t\t<div class=\"elementor-element elementor-element-7134d234 elementor-widget elementor-widget-html\" data-id=\"7134d234\" data-element_type=\"widget\" data-e-type=\"widget\" data-widget_type=\"html.default\">\n\t\t\t\t\t<div class=\"policy-doc\">\r\n    <h4>8. Updates to the Terms of Use<\/h4>\r\n    These Terms of Use may be updated to reflect changes in legal regulations or our services. Updated\nTerms will be published on the Site, and significant changes will be communicated to users through\nappropriate methods. Your continued use of the Site constitutes acceptance of the updated Terms.\r\n    \r\n<\/div>\r\n<br>\t\t\t\t<\/div>\n\t\t\t\t<div class=\"elementor-element elementor-element-6219f6c1 elementor-widget elementor-widget-html\" data-id=\"6219f6c1\" data-element_type=\"widget\" data-e-type=\"widget\" data-widget_type=\"html.default\">\n\t\t\t\t\t<div class=\"policy-doc\">\r\n    <h4>9. Dispute Resolution<\/h4>\r\n    Any disputes arising from or related to these Terms of Use or the use of the Site shall be resolved\nthrough arbitration at the TOBBUYUM Dispute Resolution Center, which shall have exclusive\nauthority, in Ankara, T\u00fcrkiye, in accordance with the laws of the Republic of T\u00fcrkiye and the TOBB\nArbitration Rules. The arbitration proceedings shall be conducted in Turkish by a single arbitrator.\r\n    \r\n<\/div>\r\n<br>\t\t\t\t<\/div>\n\t\t\t\t<div class=\"elementor-element elementor-element-fa1f19f elementor-widget elementor-widget-html\" data-id=\"fa1f19f\" data-element_type=\"widget\" data-e-type=\"widget\" data-widget_type=\"html.default\">\n\t\t\t\t\t<div class=\"policy-doc\">\r\n    <h4>10. Contact<\/h4>\r\n    For any questions, requests, or complaints regarding these Terms of Use, please contact us at:\r\n\r\n    <p><strong>G\u00dcLSEREN \u00d6NG\u00dcN LAW OFFICE<\/strong><\/p>\r\n\r\n<\/div>\r\n\t\t\t\t<\/div>\n\t\t<div class=\"elementor-element elementor-element-2553fdd8 e-con-full e-flex e-con e-child\" data-id=\"2553fdd8\" data-element_type=\"container\" data-e-type=\"container\">\n\t\t<div class=\"elementor-element elementor-element-7456734 e-con-full e-flex e-con e-child\" data-id=\"7456734\" data-element_type=\"container\" data-e-type=\"container\">\n\t\t<div class=\"elementor-element elementor-element-4c52cd88 e-con-full e-flex e-con e-child\" data-id=\"4c52cd88\" data-element_type=\"container\" data-e-type=\"container\">\n\t\t\t\t<div class=\"elementor-element elementor-element-5c00ba0 elementor-widget elementor-widget-html\" data-id=\"5c00ba0\" data-element_type=\"widget\" data-e-type=\"widget\" data-widget_type=\"html.default\">\n\t\t\t\t\t<div class=\"policy-doc\">\n    <strong>Address<\/strong>\n<\/div>\t\t\t\t<\/div>\n\t\t\t\t<\/div>\n\t\t<div class=\"elementor-element elementor-element-6bce24b7 e-con-full e-flex e-con e-child\" data-id=\"6bce24b7\" data-element_type=\"container\" data-e-type=\"container\">\n\t\t\t\t<div class=\"elementor-element elementor-element-59b5d2d9 elementor-widget elementor-widget-html\" data-id=\"59b5d2d9\" data-element_type=\"widget\" data-e-type=\"widget\" data-widget_type=\"html.default\">\n\t\t\t\t\t<div class=\"policy-doc\">\n    : Gaziosmanpa\u015fa Mah. Attar Sokak 11\/6 \u00c7ankaya 06680 ANKARA\/T\u00dcRK\u0130YE\n<\/div>\t\t\t\t<\/div>\n\t\t\t\t<\/div>\n\t\t\t\t<\/div>\n\t\t<div class=\"elementor-element elementor-element-12c58fdf e-con-full e-flex e-con e-child\" data-id=\"12c58fdf\" data-element_type=\"container\" data-e-type=\"container\">\n\t\t<div class=\"elementor-element elementor-element-4f34a63e e-con-full e-flex e-con e-child\" data-id=\"4f34a63e\" data-element_type=\"container\" data-e-type=\"container\">\n\t\t\t\t<div class=\"elementor-element elementor-element-1f8fd941 elementor-widget elementor-widget-html\" data-id=\"1f8fd941\" data-element_type=\"widget\" data-e-type=\"widget\" data-widget_type=\"html.default\">\n\t\t\t\t\t<div class=\"policy-doc\">\n    <strong>E-mail<\/strong>\n<\/div>\t\t\t\t<\/div>\n\t\t\t\t<\/div>\n\t\t<div class=\"elementor-element elementor-element-6fd7b7bd e-con-full e-flex e-con e-child\" data-id=\"6fd7b7bd\" data-element_type=\"container\" data-e-type=\"container\">\n\t\t\t\t<div class=\"elementor-element elementor-element-7f4ce19 elementor-widget elementor-widget-html\" data-id=\"7f4ce19\" data-element_type=\"widget\" data-e-type=\"widget\" data-widget_type=\"html.default\">\n\t\t\t\t\t<div class=\"policy-doc\">\n    : <a href=\"mailto:privacy@gulserenongun.com\">privacy@gulserenongun.com<\/a>\n<\/div>\t\t\t\t<\/div>\n\t\t\t\t<\/div>\n\t\t\t\t<\/div>\n\t\t<div class=\"elementor-element elementor-element-94da31 e-con-full e-flex e-con e-child\" data-id=\"94da31\" data-element_type=\"container\" data-e-type=\"container\">\n\t\t<div class=\"elementor-element elementor-element-75cf404c e-con-full e-flex e-con e-child\" data-id=\"75cf404c\" data-element_type=\"container\" data-e-type=\"container\">\n\t\t\t\t<div class=\"elementor-element elementor-element-4ca60907 elementor-widget elementor-widget-html\" data-id=\"4ca60907\" data-element_type=\"widget\" data-e-type=\"widget\" data-widget_type=\"html.default\">\n\t\t\t\t\t<div class=\"policy-doc\">\n    <strong>Data Controller<\/strong>\n<\/div>\t\t\t\t<\/div>\n\t\t\t\t<\/div>\n\t\t<div class=\"elementor-element elementor-element-277f2495 e-con-full e-flex e-con e-child\" data-id=\"277f2495\" data-element_type=\"container\" data-e-type=\"container\">\n\t\t\t\t<div class=\"elementor-element elementor-element-e165b81 elementor-widget elementor-widget-html\" data-id=\"e165b81\" data-element_type=\"widget\" data-e-type=\"widget\" data-widget_type=\"html.default\">\n\t\t\t\t\t<div class=\"policy-doc\">\n    : G\u00dcLSEREN \u00d6NG\u00dcN Law Office\n<\/div>\t\t\t\t<\/div>\n\t\t\t\t<\/div>\n\t\t\t\t<\/div>\n\t\t<div class=\"elementor-element elementor-element-17d07afb e-con-full e-flex e-con e-child\" data-id=\"17d07afb\" data-element_type=\"container\" data-e-type=\"container\">\n\t\t<div class=\"elementor-element elementor-element-49e68241 e-con-full e-flex e-con e-child\" data-id=\"49e68241\" data-element_type=\"container\" data-e-type=\"container\">\n\t\t\t\t<div class=\"elementor-element elementor-element-20a9c0a8 elementor-widget elementor-widget-html\" data-id=\"20a9c0a8\" data-element_type=\"widget\" data-e-type=\"widget\" data-widget_type=\"html.default\">\n\t\t\t\t\t<div class=\"policy-doc\">\n    <strong>Data Controller Representative<\/strong>\n<\/div>\t\t\t\t<\/div>\n\t\t\t\t<\/div>\n\t\t<div class=\"elementor-element elementor-element-5470676b e-con-full e-flex e-con e-child\" data-id=\"5470676b\" data-element_type=\"container\" data-e-type=\"container\">\n\t\t\t\t<div class=\"elementor-element elementor-element-76c0019d elementor-widget elementor-widget-html\" data-id=\"76c0019d\" data-element_type=\"widget\" data-e-type=\"widget\" data-widget_type=\"html.default\">\n\t\t\t\t\t<div class=\"policy-doc\">\n    : G\u00fclseren \u00d6ng\u00fcn\n<\/div>\t\t\t\t<\/div>\n\t\t\t\t<\/div>\n\t\t\t\t<\/div>\n\t\t\t\t<\/div>\n\t\t<div class=\"elementor-element elementor-element-770dfae1 e-con-full e-flex e-con e-child\" data-id=\"770dfae1\" data-element_type=\"container\" data-e-type=\"container\">\n\t\t<div class=\"elementor-element elementor-element-7fc57246 e-con-full e-flex e-con e-child\" data-id=\"7fc57246\" data-element_type=\"container\" data-e-type=\"container\">\n\t\t\t\t<\/div>\n\t\t<div class=\"elementor-element elementor-element-6230d708 e-con-full e-flex e-con e-child\" data-id=\"6230d708\" data-element_type=\"container\" data-e-type=\"container\">\n\t\t\t\t<div class=\"elementor-element elementor-element-6084dfb8 elementor-widget elementor-widget-html\" data-id=\"6084dfb8\" data-element_type=\"widget\" data-e-type=\"widget\" data-widget_type=\"html.default\">\n\t\t\t\t\t<div class=\"policy-doc\" style=\"text-align: center;\">\n    Best regards,\n    <br>\n    <strong>G\u00dcLSEREN \u00d6NG\u00dcN LAW OFFICE<\/strong>\n<\/div>\t\t\t\t<\/div>\n\t\t\t\t<\/div>\n\t\t\t\t<\/div>\n\t\t<div class=\"elementor-element elementor-element-36fb3a32 e-con-full e-flex e-con e-child\" data-id=\"36fb3a32\" data-element_type=\"container\" data-e-type=\"container\">\n\t\t<div class=\"elementor-element elementor-element-79ed7b1f e-con-full e-flex e-con e-child\" data-id=\"79ed7b1f\" data-element_type=\"container\" data-e-type=\"container\">\n\t\t<div class=\"elementor-element elementor-element-6915520d e-con-full e-flex e-con e-child\" data-id=\"6915520d\" data-element_type=\"container\" data-e-type=\"container\">\n\t\t\t\t<div class=\"elementor-element elementor-element-75fee0db elementor-widget elementor-widget-html\" data-id=\"75fee0db\" data-element_type=\"widget\" data-e-type=\"widget\" data-widget_type=\"html.default\">\n\t\t\t\t\t<div class=\"policy-doc\">\n    Effective Date\n<\/div>\t\t\t\t<\/div>\n\t\t\t\t<\/div>\n\t\t<div class=\"elementor-element elementor-element-6a53fcd7 e-con-full e-flex e-con e-child\" data-id=\"6a53fcd7\" data-element_type=\"container\" data-e-type=\"container\">\n\t\t\t\t<div class=\"elementor-element elementor-element-2ef34359 elementor-widget elementor-widget-html\" data-id=\"2ef34359\" data-element_type=\"widget\" data-e-type=\"widget\" data-widget_type=\"html.default\">\n\t\t\t\t\t<div class=\"policy-doc\">\n    : December 5, 2025\n<\/div>\t\t\t\t<\/div>\n\t\t\t\t<\/div>\n\t\t\t\t<\/div>\n\t\t<div class=\"elementor-element elementor-element-6bf55d45 e-con-full e-flex e-con e-child\" data-id=\"6bf55d45\" data-element_type=\"container\" data-e-type=\"container\">\n\t\t<div class=\"elementor-element elementor-element-391807a0 e-con-full e-flex e-con e-child\" data-id=\"391807a0\" data-element_type=\"container\" data-e-type=\"container\">\n\t\t\t\t<div class=\"elementor-element elementor-element-7950edda elementor-widget elementor-widget-html\" data-id=\"7950edda\" data-element_type=\"widget\" data-e-type=\"widget\" data-widget_type=\"html.default\">\n\t\t\t\t\t<div class=\"policy-doc\">\n    Last Updated\n<\/div>\t\t\t\t<\/div>\n\t\t\t\t<\/div>\n\t\t<div class=\"elementor-element elementor-element-4cd4fad6 e-con-full e-flex e-con e-child\" data-id=\"4cd4fad6\" data-element_type=\"container\" data-e-type=\"container\">\n\t\t\t\t<div class=\"elementor-element elementor-element-161ae296 elementor-widget elementor-widget-html\" data-id=\"161ae296\" data-element_type=\"widget\" data-e-type=\"widget\" data-widget_type=\"html.default\">\n\t\t\t\t\t<div class=\"policy-doc\">\n    : December 5, 2025\n<\/div>\t\t\t\t<\/div>\n\t\t\t\t<\/div>\n\t\t\t\t<\/div>\n\t\t\t\t<\/div>\n\t\t\t\t<\/div>\n\t\t\t\t\t<\/div>\n\t\t\t\t<\/div>\n\t\t\t\t<\/div>","protected":false},"excerpt":{"rendered":"<p>\u0130lgili Politikalar Gizlilik Politikas\u0131 \u00c7erez Politikas\u0131 Kullan\u0131m Ko\u015fullar\u0131 Feragatname Yasal Uyar\u0131 Dan\u0131\u015fma Formu Ayd\u0131nlatma Metni Veri Sahibi Ba\u015fvuru Formu E-B\u00fclten [&hellip;]<\/p>\n","protected":false},"author":1,"featured_media":0,"parent":0,"menu_order":0,"comment_status":"closed","ping_status":"closed","template":"","meta":{"site-sidebar-layout":"no-sidebar","site-content-layout":"","ast-site-content-layout":"full-width-container","site-content-style":"default","site-sidebar-style":"default","ast-global-header-display":"","ast-banner-title-visibility":"","ast-main-header-display":"","ast-hfb-above-header-display":"","ast-hfb-below-header-display":"","ast-hfb-mobile-header-display":"","site-post-title":"disabled","ast-breadcrumbs-content":"","ast-featured-img":"disabled","footer-sml-layout":"","ast-disable-related-posts":"","theme-transparent-header-meta":"","adv-header-id-meta":"","stick-header-meta":"","header-above-stick-meta":"","header-main-stick-meta":"","header-below-stick-meta":"","astra-migrate-meta-layouts":"default","ast-page-background-enabled":"default","ast-page-background-meta":{"desktop":{"background-color":"var(--ast-global-color-5)","background-image":"","background-repeat":"repeat","background-position":"center center","background-size":"auto","background-attachment":"scroll","background-type":"","background-media":"","overlay-type":"","overlay-color":"","overlay-opacity":"","overlay-gradient":""},"tablet":{"background-color":"","background-image":"","background-repeat":"repeat","background-position":"center center","background-size":"auto","background-attachment":"scroll","background-type":"","background-media":"","overlay-type":"","overlay-color":"","overlay-opacity":"","overlay-gradient":""},"mobile":{"background-color":"","background-image":"","background-repeat":"repeat","background-position":"center center","background-size":"auto","background-attachment":"scroll","background-type":"","background-media":"","overlay-type":"","overlay-color":"","overlay-opacity":"","overlay-gradient":""}},"ast-content-background-meta":{"desktop":{"background-color":"var(--ast-global-color-4)","background-image":"","background-repeat":"repeat","background-position":"center center","background-size":"auto","background-attachment":"scroll","background-type":"","background-media":"","overlay-type":"","overlay-color":"","overlay-opacity":"","overlay-gradient":""},"tablet":{"background-color":"var(--ast-global-color-4)","background-image":"","background-repeat":"repeat","background-position":"center center","background-size":"auto","background-attachment":"scroll","background-type":"","background-media":"","overlay-type":"","overlay-color":"","overlay-opacity":"","overlay-gradient":""},"mobile":{"background-color":"var(--ast-global-color-4)","background-image":"","background-repeat":"repeat","background-position":"center center","background-size":"auto","background-attachment":"scroll","background-type":"","background-media":"","overlay-type":"","overlay-color":"","overlay-opacity":"","overlay-gradient":""}},"footnotes":""},"class_list":["post-1957","page","type-page","status-publish","hentry"],"_links":{"self":[{"href":"https:\/\/ongunpartners.com\/en\/wp-json\/wp\/v2\/pages\/1957","targetHints":{"allow":["GET"]}}],"collection":[{"href":"https:\/\/ongunpartners.com\/en\/wp-json\/wp\/v2\/pages"}],"about":[{"href":"https:\/\/ongunpartners.com\/en\/wp-json\/wp\/v2\/types\/page"}],"author":[{"embeddable":true,"href":"https:\/\/ongunpartners.com\/en\/wp-json\/wp\/v2\/users\/1"}],"replies":[{"embeddable":true,"href":"https:\/\/ongunpartners.com\/en\/wp-json\/wp\/v2\/comments?post=1957"}],"version-history":[{"count":73,"href":"https:\/\/ongunpartners.com\/en\/wp-json\/wp\/v2\/pages\/1957\/revisions"}],"predecessor-version":[{"id":3251,"href":"https:\/\/ongunpartners.com\/en\/wp-json\/wp\/v2\/pages\/1957\/revisions\/3251"}],"wp:attachment":[{"href":"https:\/\/ongunpartners.com\/en\/wp-json\/wp\/v2\/media?parent=1957"}],"curies":[{"name":"wp","href":"https:\/\/api.w.org\/{rel}","templated":true}]}}