{"id":1912,"date":"2025-10-29T22:13:25","date_gmt":"2025-10-29T22:13:25","guid":{"rendered":"https:\/\/gulserenongun.com\/?page_id=1912"},"modified":"2026-01-08T08:33:53","modified_gmt":"2026-01-08T08:33:53","slug":"our-core-values","status":"publish","type":"page","link":"https:\/\/ongunpartners.com\/en\/degerlerimiz\/","title":{"rendered":"Our Core Values"},"content":{"rendered":"<div data-elementor-type=\"wp-page\" data-elementor-id=\"1912\" class=\"elementor elementor-1912\">\n\t\t\t\t<div class=\"elementor-element elementor-element-49aadbae e-con-full hero-banner e-flex e-con e-parent\" data-id=\"49aadbae\" data-element_type=\"container\" data-e-type=\"container\">\n\t\t\t\t<div class=\"elementor-element elementor-element-211d37f4 hero-banner-img elementor-widget elementor-widget-image\" data-id=\"211d37f4\" data-element_type=\"widget\" data-e-type=\"widget\" data-widget_type=\"image.default\">\n\t\t\t\t\t\t\t\t\t\t\t\t\t\t\t<img fetchpriority=\"high\" decoding=\"async\" width=\"1707\" height=\"2560\" src=\"https:\/\/ongunpartners.com\/wp-content\/uploads\/2025\/08\/andrea-zignin-ZdMgEFcIdSw-unsplash-scaled.jpg\" class=\"attachment-full size-full wp-image-972\" alt=\"\" srcset=\"https:\/\/ongunpartners.com\/wp-content\/uploads\/2025\/08\/andrea-zignin-ZdMgEFcIdSw-unsplash-scaled.jpg 1707w, https:\/\/ongunpartners.com\/wp-content\/uploads\/2025\/08\/andrea-zignin-ZdMgEFcIdSw-unsplash-200x300.jpg 200w, https:\/\/ongunpartners.com\/wp-content\/uploads\/2025\/08\/andrea-zignin-ZdMgEFcIdSw-unsplash-683x1024.jpg 683w, https:\/\/ongunpartners.com\/wp-content\/uploads\/2025\/08\/andrea-zignin-ZdMgEFcIdSw-unsplash-768x1152.jpg 768w, https:\/\/ongunpartners.com\/wp-content\/uploads\/2025\/08\/andrea-zignin-ZdMgEFcIdSw-unsplash-1024x1536.jpg 1024w, https:\/\/ongunpartners.com\/wp-content\/uploads\/2025\/08\/andrea-zignin-ZdMgEFcIdSw-unsplash-1365x2048.jpg 1365w, https:\/\/ongunpartners.com\/wp-content\/uploads\/2025\/08\/andrea-zignin-ZdMgEFcIdSw-unsplash-8x12.jpg 8w\" sizes=\"(max-width: 1707px) 100vw, 1707px\" \/>\t\t\t\t\t\t\t\t\t\t\t\t\t\t\t<\/div>\n\t\t\t\t<div class=\"elementor-element elementor-element-7c5660db hero-banner-title elementor-widget elementor-widget-heading\" data-id=\"7c5660db\" data-element_type=\"widget\" data-e-type=\"widget\" data-widget_type=\"heading.default\">\n\t\t\t\t\t<h1 class=\"elementor-heading-title elementor-size-default\">Our Core Values<\/h1>\t\t\t\t<\/div>\n\t\t\t\t<\/div>\n\t\t<div class=\"elementor-element elementor-element-f95b502 e-flex e-con-boxed e-con e-parent\" data-id=\"f95b502\" data-element_type=\"container\" data-e-type=\"container\">\n\t\t\t\t\t<div class=\"e-con-inner\">\n\t\t\t\t<div class=\"elementor-element elementor-element-24682b4 elementor-widget elementor-widget-html\" data-id=\"24682b4\" data-element_type=\"widget\" data-e-type=\"widget\" data-widget_type=\"html.default\">\n\t\t\t\t\t<div class=\"policy-doc\">\r\n    <h4>The Rule of Law and Universal Human Rights<\/h4>\r\n    \r\n    \r\n    The foundational values of our law firm are rooted in our unwavering belief in the establishment of\njustice and the supremacy of the Rule of Law. This set of values is inspired by the universal principles\narticulated in the Universal Declaration of Human Rights (UDHR) and guides all our professional\nactivities.\r\n\r\n    <br><br>\r\n\r\n    \r\n\r\n    \r\n    \r\n<\/div>\r\n\t\t\t\t<\/div>\n\t\t\t\t<div class=\"elementor-element elementor-element-f58447b elementor-widget elementor-widget-html\" data-id=\"f58447b\" data-element_type=\"widget\" data-e-type=\"widget\" data-widget_type=\"html.default\">\n\t\t\t\t\t<div class=\"policy-doc\">\r\n    <h4>Commitment to Universal Human Rights:<\/h4>\r\n    \r\n    \r\n    We place the principle that all human beings are born free and equal in dignity and rights, as stipulated\nin Article 1 of the UDHR, at the core of our professional philosophy. In all the legal services we\nprovide, we are committed to strictly observing the prohibition of discrimination outlined in Article 2\nof the UDHR, without distinction of any kind, such as race, colour, sex, language, religion, political or\nother opinion, national or social origin, property, birth, or other status.\r\n\r\n    <br><br>\r\n\r\n    \r\n\r\n    \r\n    \r\n<\/div>\r\n\t\t\t\t<\/div>\n\t\t\t\t<div class=\"elementor-element elementor-element-4f015d4 elementor-widget elementor-widget-html\" data-id=\"4f015d4\" data-element_type=\"widget\" data-e-type=\"widget\" data-widget_type=\"html.default\">\n\t\t\t\t\t<div class=\"policy-doc\">\r\n    <h4>Due Process and Legal Security:<\/h4>\r\n    \r\n    \r\n    We operate with the understanding that everyone is entitled to a fair and public hearing by an\nindependent and impartial tribunal, in full equality, as enshrined in Article 10 of the UDHR. We\nconsider it a fundamental duty to provide our clients with effective and professional client\nrepresentation to safeguard their right to seek justice, thereby ensuring legal security.\r\n\r\n    <br><br>\r\n\r\n    \r\n\r\n    \r\n    \r\n<\/div>\r\n\t\t\t\t<\/div>\n\t\t\t\t<div class=\"elementor-element elementor-element-7196830 elementor-widget elementor-widget-html\" data-id=\"7196830\" data-element_type=\"widget\" data-e-type=\"widget\" data-widget_type=\"html.default\">\n\t\t\t\t\t<div class=\"policy-doc\">\r\n    <h4>Ethical Excellence and Transparency:<\/h4>\r\n    \r\n    \r\n    Our values necessitate adherence to the highest professional ethical standards and principles of\ntransparency. We are committed to prioritizing honesty and accountability in all legal processes, and to\n\nprotecting the interests of our clients to the best of our ability within the boundaries of the law. These\ncore values reinforce our dedication to global legal principles and our mission to serve justice.\r\n\r\n    <br><br>\r\n\r\n    \r\n\r\n    \r\n    \r\n<\/div>\r\n\t\t\t\t<\/div>\n\t\t\t\t\t<\/div>\n\t\t\t\t<\/div>\n\t\t<div class=\"elementor-element elementor-element-36571584 e-con-full e-flex e-con e-parent\" data-id=\"36571584\" data-element_type=\"container\" data-e-type=\"container\">\n\t\t\t\t<div class=\"elementor-element elementor-element-45449c9b elementor-widget elementor-widget-image\" data-id=\"45449c9b\" data-element_type=\"widget\" data-e-type=\"widget\" data-widget_type=\"image.default\">\n\t\t\t\t\t\t\t\t\t\t\t\t\t\t\t<img decoding=\"async\" width=\"1419\" height=\"1069\" src=\"https:\/\/ongunpartners.com\/wp-content\/uploads\/2025\/10\/res1a.jpg\" class=\"attachment-full size-full wp-image-1887\" alt=\"\" srcset=\"https:\/\/ongunpartners.com\/wp-content\/uploads\/2025\/10\/res1a.jpg 1419w, https:\/\/ongunpartners.com\/wp-content\/uploads\/2025\/10\/res1a-300x226.jpg 300w, https:\/\/ongunpartners.com\/wp-content\/uploads\/2025\/10\/res1a-1024x771.jpg 1024w, https:\/\/ongunpartners.com\/wp-content\/uploads\/2025\/10\/res1a-768x579.jpg 768w, https:\/\/ongunpartners.com\/wp-content\/uploads\/2025\/10\/res1a-16x12.jpg 16w\" sizes=\"(max-width: 1419px) 100vw, 1419px\" \/>\t\t\t\t\t\t\t\t\t\t\t\t\t\t\t<\/div>\n\t\t\t\t<\/div>\n\t\t\t\t<\/div>","protected":false},"excerpt":{"rendered":"<p>De\u011ferlerimiz Hukukun \u00dcst\u00fcnl\u00fc\u011f\u00fc ve Evrensel \u0130nsan Haklar\u0131 Hukuk b\u00fcromuzun temel de\u011ferleri, adaletin tesisi ve hukukun \u00fcst\u00fcnl\u00fc\u011f\u00fcne olan sars\u0131lmaz inanc\u0131m\u0131za dayanmaktad\u0131r. [&hellip;]<\/p>\n","protected":false},"author":1,"featured_media":0,"parent":0,"menu_order":0,"comment_status":"closed","ping_status":"closed","template":"","meta":{"site-sidebar-layout":"no-sidebar","site-content-layout":"","ast-site-content-layout":"full-width-container","site-content-style":"default","site-sidebar-style":"default","ast-global-header-display":"","ast-banner-title-visibility":"","ast-main-header-display":"","ast-hfb-above-header-display":"","ast-hfb-below-header-display":"","ast-hfb-mobile-header-display":"","site-post-title":"disabled","ast-breadcrumbs-content":"","ast-featured-img":"disabled","footer-sml-layout":"","ast-disable-related-posts":"","theme-transparent-header-meta":"","adv-header-id-meta":"","stick-header-meta":"","header-above-stick-meta":"","header-main-stick-meta":"","header-below-stick-meta":"","astra-migrate-meta-layouts":"default","ast-page-background-enabled":"default","ast-page-background-meta":{"desktop":{"background-color":"var(--ast-global-color-5)","background-image":"","background-repeat":"repeat","background-position":"center center","background-size":"auto","background-attachment":"scroll","background-type":"","background-media":"","overlay-type":"","overlay-color":"","overlay-opacity":"","overlay-gradient":""},"tablet":{"background-color":"","background-image":"","background-repeat":"repeat","background-position":"center center","background-size":"auto","background-attachment":"scroll","background-type":"","background-media":"","overlay-type":"","overlay-color":"","overlay-opacity":"","overlay-gradient":""},"mobile":{"background-color":"","background-image":"","background-repeat":"repeat","background-position":"center center","background-size":"auto","background-attachment":"scroll","background-type":"","background-media":"","overlay-type":"","overlay-color":"","overlay-opacity":"","overlay-gradient":""}},"ast-content-background-meta":{"desktop":{"background-color":"var(--ast-global-color-4)","background-image":"","background-repeat":"repeat","background-position":"center center","background-size":"auto","background-attachment":"scroll","background-type":"","background-media":"","overlay-type":"","overlay-color":"","overlay-opacity":"","overlay-gradient":""},"tablet":{"background-color":"var(--ast-global-color-4)","background-image":"","background-repeat":"repeat","background-position":"center center","background-size":"auto","background-attachment":"scroll","background-type":"","background-media":"","overlay-type":"","overlay-color":"","overlay-opacity":"","overlay-gradient":""},"mobile":{"background-color":"var(--ast-global-color-4)","background-image":"","background-repeat":"repeat","background-position":"center center","background-size":"auto","background-attachment":"scroll","background-type":"","background-media":"","overlay-type":"","overlay-color":"","overlay-opacity":"","overlay-gradient":""}},"footnotes":""},"class_list":["post-1912","page","type-page","status-publish","hentry"],"_links":{"self":[{"href":"https:\/\/ongunpartners.com\/en\/wp-json\/wp\/v2\/pages\/1912","targetHints":{"allow":["GET"]}}],"collection":[{"href":"https:\/\/ongunpartners.com\/en\/wp-json\/wp\/v2\/pages"}],"about":[{"href":"https:\/\/ongunpartners.com\/en\/wp-json\/wp\/v2\/types\/page"}],"author":[{"embeddable":true,"href":"https:\/\/ongunpartners.com\/en\/wp-json\/wp\/v2\/users\/1"}],"replies":[{"embeddable":true,"href":"https:\/\/ongunpartners.com\/en\/wp-json\/wp\/v2\/comments?post=1912"}],"version-history":[{"count":23,"href":"https:\/\/ongunpartners.com\/en\/wp-json\/wp\/v2\/pages\/1912\/revisions"}],"predecessor-version":[{"id":2970,"href":"https:\/\/ongunpartners.com\/en\/wp-json\/wp\/v2\/pages\/1912\/revisions\/2970"}],"wp:attachment":[{"href":"https:\/\/ongunpartners.com\/en\/wp-json\/wp\/v2\/media?parent=1912"}],"curies":[{"name":"wp","href":"https:\/\/api.w.org\/{rel}","templated":true}]}}