{"id":178,"date":"2025-07-29T19:59:41","date_gmt":"2025-07-29T19:59:41","guid":{"rendered":"https:\/\/gulserenongun.com\/?page_id=178"},"modified":"2026-03-06T16:53:42","modified_gmt":"2026-03-06T16:53:42","slug":"about","status":"publish","type":"page","link":"https:\/\/ongunpartners.com\/en\/hakkimizda\/","title":{"rendered":"About"},"content":{"rendered":"<div data-elementor-type=\"wp-page\" data-elementor-id=\"178\" class=\"elementor elementor-178\">\n\t\t\t\t<div class=\"elementor-element elementor-element-45536ab e-con-full hero-banner e-flex e-con e-parent\" data-id=\"45536ab\" data-element_type=\"container\" data-e-type=\"container\">\n\t\t\t\t<div class=\"elementor-element elementor-element-b818ff8 hero-banner-img elementor-widget elementor-widget-image\" data-id=\"b818ff8\" data-element_type=\"widget\" data-e-type=\"widget\" data-widget_type=\"image.default\">\n\t\t\t\t\t\t\t\t\t\t\t\t\t\t\t<img fetchpriority=\"high\" decoding=\"async\" width=\"1707\" height=\"2560\" src=\"https:\/\/ongunpartners.com\/wp-content\/uploads\/2025\/08\/andrea-zignin-ZdMgEFcIdSw-unsplash-scaled.jpg\" class=\"attachment-full size-full wp-image-972\" alt=\"\" srcset=\"https:\/\/ongunpartners.com\/wp-content\/uploads\/2025\/08\/andrea-zignin-ZdMgEFcIdSw-unsplash-scaled.jpg 1707w, https:\/\/ongunpartners.com\/wp-content\/uploads\/2025\/08\/andrea-zignin-ZdMgEFcIdSw-unsplash-200x300.jpg 200w, https:\/\/ongunpartners.com\/wp-content\/uploads\/2025\/08\/andrea-zignin-ZdMgEFcIdSw-unsplash-683x1024.jpg 683w, https:\/\/ongunpartners.com\/wp-content\/uploads\/2025\/08\/andrea-zignin-ZdMgEFcIdSw-unsplash-768x1152.jpg 768w, https:\/\/ongunpartners.com\/wp-content\/uploads\/2025\/08\/andrea-zignin-ZdMgEFcIdSw-unsplash-1024x1536.jpg 1024w, https:\/\/ongunpartners.com\/wp-content\/uploads\/2025\/08\/andrea-zignin-ZdMgEFcIdSw-unsplash-1365x2048.jpg 1365w, https:\/\/ongunpartners.com\/wp-content\/uploads\/2025\/08\/andrea-zignin-ZdMgEFcIdSw-unsplash-8x12.jpg 8w\" sizes=\"(max-width: 1707px) 100vw, 1707px\" \/>\t\t\t\t\t\t\t\t\t\t\t\t\t\t\t<\/div>\n\t\t\t\t<div class=\"elementor-element elementor-element-f557041 hero-banner-title elementor-widget elementor-widget-heading\" data-id=\"f557041\" data-element_type=\"widget\" data-e-type=\"widget\" data-widget_type=\"heading.default\">\n\t\t\t\t\t<h1 class=\"elementor-heading-title elementor-size-default\">About<\/h1>\t\t\t\t<\/div>\n\t\t\t\t<\/div>\n\t\t<div class=\"elementor-element elementor-element-e54aefa e-flex e-con-boxed e-con e-parent\" data-id=\"e54aefa\" data-element_type=\"container\" data-e-type=\"container\">\n\t\t\t\t\t<div class=\"e-con-inner\">\n\t\t<div class=\"elementor-element elementor-element-592f1a9 e-con-full e-flex e-con e-child\" data-id=\"592f1a9\" data-element_type=\"container\" data-e-type=\"container\">\n\t\t\t\t<div class=\"elementor-element elementor-element-3ca2819 elementor-widget elementor-widget-html\" data-id=\"3ca2819\" data-element_type=\"widget\" data-e-type=\"widget\" data-widget_type=\"html.default\">\n\t\t\t\t\t<div class=\"policy-doc\">\r\n    \r\n    \r\n    \r\n    G\u00fclseren \u00d6ng\u00fcn completed her law degree at R.o.T. Dokuz Eyl\u00fcl University Faculty of Law in \u0130zmir.\r\n\r\n    <br>\r\n\r\n    \r\n\r\n    \r\n    \r\n<\/div>\r\n\t\t\t\t<\/div>\n\t\t\t\t<div class=\"elementor-element elementor-element-94edaaf elementor-widget elementor-widget-html\" data-id=\"94edaaf\" data-element_type=\"widget\" data-e-type=\"widget\" data-widget_type=\"html.default\">\n\t\t\t\t\t<div class=\"policy-doc\">\r\n    \r\n    \r\n    \r\n    Following the receipt of her attorney license in 2014, she opened her own law office in 2015 and began\ngaining experience as an independent attorney. To date, she has represented numerous domestic and\nforeign clients, providing legal consultancy and advocacy services.\r\n\r\n    <br>\r\n\r\n    \r\n\r\n    \r\n    \r\n<\/div>\r\n\t\t\t\t<\/div>\n\t\t\t\t<div class=\"elementor-element elementor-element-4eb4128 elementor-widget elementor-widget-html\" data-id=\"4eb4128\" data-element_type=\"widget\" data-e-type=\"widget\" data-widget_type=\"html.default\">\n\t\t\t\t\t<div class=\"policy-doc\">\r\n    \r\n    \r\n    \r\n    As of 2023, she is registered with the Ankara Bar Association.\r\n\r\n    <br>\r\n\r\n    \r\n\r\n    \r\n    \r\n<\/div>\r\n\t\t\t\t<\/div>\n\t\t\t\t<div class=\"elementor-element elementor-element-a2477bd elementor-widget elementor-widget-html\" data-id=\"a2477bd\" data-element_type=\"widget\" data-e-type=\"widget\" data-widget_type=\"html.default\">\n\t\t\t\t\t<div class=\"policy-doc\">\r\n    \r\n    \r\n    \r\n    From her student years through her professional career, she has undertaken various responsibilities by\nserving in national and international associations and centers. She currently maintains active memberships\nin ELSA Alumni, TCHD, AIDP, ACFE, and GWNET.\r\n\r\n    <br>\r\n\r\n    \r\n\r\n    \r\n    \r\n<\/div>\r\n\t\t\t\t<\/div>\n\t\t\t\t<div class=\"elementor-element elementor-element-6e52eab elementor-widget elementor-widget-html\" data-id=\"6e52eab\" data-element_type=\"widget\" data-e-type=\"widget\" data-widget_type=\"html.default\">\n\t\t\t\t\t<div class=\"policy-doc\">\r\n    \r\n    \r\n    \r\n    She is registered with the Ankara Bar Association and is a member of the City and Environment Center\n(Kent ve \u00c7evre Merkezi).\r\n\r\n    <br>\r\n\r\n    \r\n\r\n    \r\n    \r\n<\/div>\r\n\t\t\t\t<\/div>\n\t\t\t\t<div class=\"elementor-element elementor-element-0ee8140 elementor-widget elementor-widget-html\" data-id=\"0ee8140\" data-element_type=\"widget\" data-e-type=\"widget\" data-widget_type=\"html.default\">\n\t\t\t\t\t<div class=\"policy-doc\">\r\n    \r\n    \r\n    \r\n    She is registered with the Republic of T\u00fcrkiye Ministry of Justice as a Concordato Commissioner and\nBankruptcy Administration Officer. She serves as a guardian (vasi), trustee (kayy\u0131m), and liquidator (tasfiye\nmemuru) before the courts. She provides consultancy in concordato project management and bankruptcy\napplication processes, preparation of company agreements, litigation in commercial disputes and civil law\nmatters, and representation of parties in alternative dispute resolution methods (negotiation, mediation,\narbitration), offering consultancy and representation services to her clients both in T\u00fcrkiye and abroad.\r\n\r\n    <br>\r\n\r\n    \r\n\r\n    \r\n    \r\n<\/div>\r\n\t\t\t\t<\/div>\n\t\t\t\t<div class=\"elementor-element elementor-element-d03c893 elementor-widget elementor-widget-html\" data-id=\"d03c893\" data-element_type=\"widget\" data-e-type=\"widget\" data-widget_type=\"html.default\">\n\t\t\t\t\t<div class=\"policy-doc\">\r\n    \r\n    \r\n    \r\n    She is a sworn English interpreter\/translator.\r\n\r\n    <br>\r\n\r\n    \r\n\r\n    \r\n    \r\n<\/div>\r\n\t\t\t\t<\/div>\n\t\t\t\t<\/div>\n\t\t<div class=\"elementor-element elementor-element-06d0db3 e-con-full e-flex e-con e-child\" data-id=\"06d0db3\" data-element_type=\"container\" data-e-type=\"container\">\n\t\t\t\t<div class=\"elementor-element elementor-element-36394a2 focal fp-y-15 elementor-widget elementor-widget-image\" data-id=\"36394a2\" data-element_type=\"widget\" data-e-type=\"widget\" data-widget_type=\"image.default\">\n\t\t\t\t\t\t\t\t\t\t\t\t\t\t\t<img decoding=\"async\" width=\"1707\" height=\"2560\" src=\"https:\/\/ongunpartners.com\/wp-content\/uploads\/2026\/02\/IMG_7000-1.jpg-scaled.jpeg\" class=\"attachment-full size-full wp-image-3210\" alt=\"\" srcset=\"https:\/\/ongunpartners.com\/wp-content\/uploads\/2026\/02\/IMG_7000-1.jpg-scaled.jpeg 1707w, https:\/\/ongunpartners.com\/wp-content\/uploads\/2026\/02\/IMG_7000-1.jpg-200x300.jpeg 200w, https:\/\/ongunpartners.com\/wp-content\/uploads\/2026\/02\/IMG_7000-1.jpg-683x1024.jpeg 683w, https:\/\/ongunpartners.com\/wp-content\/uploads\/2026\/02\/IMG_7000-1.jpg-768x1152.jpeg 768w, https:\/\/ongunpartners.com\/wp-content\/uploads\/2026\/02\/IMG_7000-1.jpg-1024x1536.jpeg 1024w, https:\/\/ongunpartners.com\/wp-content\/uploads\/2026\/02\/IMG_7000-1.jpg-1365x2048.jpeg 1365w, https:\/\/ongunpartners.com\/wp-content\/uploads\/2026\/02\/IMG_7000-1.jpg-8x12.jpeg 8w\" sizes=\"(max-width: 1707px) 100vw, 1707px\" \/>\t\t\t\t\t\t\t\t\t\t\t\t\t\t\t<\/div>\n\t\t<div class=\"elementor-element elementor-element-4af9611 e-con-full e-flex e-con e-child\" data-id=\"4af9611\" data-element_type=\"container\" data-e-type=\"container\">\n\t\t\t\t<div class=\"elementor-element elementor-element-cde0e01 elementor-widget elementor-widget-html\" data-id=\"cde0e01\" data-element_type=\"widget\" data-e-type=\"widget\" data-widget_type=\"html.default\">\n\t\t\t\t\t<a class=\"vcard-link\"\r\n   href=\"https:\/\/ongunpartners.com\/wp-content\/uploads\/2026\/03\/Gulseren_Ongun-2.vcf\"\r\n   download\r\n aria-label=\"Download vCard\">\r\n  \r\n  <span class=\"vcard-text\">Download as VCard<\/span>\r\n<\/a>\r\n\t\t\t\t<\/div>\n\t\t\t\t<\/div>\n\t\t<div class=\"elementor-element elementor-element-4ca3691 e-con-full e-flex e-con e-child\" data-id=\"4ca3691\" data-element_type=\"container\" data-e-type=\"container\">\n\t\t\t\t<div class=\"elementor-element elementor-element-08b8706 elementor-widget elementor-widget-html\" data-id=\"08b8706\" data-element_type=\"widget\" data-e-type=\"widget\" data-widget_type=\"html.default\">\n\t\t\t\t\t<a class=\"linkedin-seg-btn\" \r\n     href=\"https:\/\/www.linkedin.com\/in\/g%C3%BClseren-%C3%B6ng%C3%BCn-094084110\/\" \r\n     target=\"_blank\" rel=\"noopener\" aria-label=\"Follow on LinkedIn\">\r\n    <span class=\"li-chunk icon\" aria-hidden=\"true\">in<\/span>\r\n    <span class=\"li-chunk text\">Follow<\/span>\r\n  <\/a>\t\t\t\t<\/div>\n\t\t\t\t<\/div>\n\t\t\t\t<\/div>\n\t\t\t\t\t<\/div>\n\t\t\t\t<\/div>\n\t\t<div class=\"elementor-element elementor-element-94b357e e-flex e-con-boxed e-con e-parent\" data-id=\"94b357e\" data-element_type=\"container\" data-e-type=\"container\">\n\t\t\t\t\t<div class=\"e-con-inner\">\n\t\t<div class=\"elementor-element elementor-element-1459ed6 e-con-full e-flex e-con e-child\" data-id=\"1459ed6\" data-element_type=\"container\" data-e-type=\"container\">\n\t\t<div class=\"elementor-element elementor-element-ca077e5 e-con-full e-flex e-con e-child\" data-id=\"ca077e5\" data-element_type=\"container\" data-e-type=\"container\">\n\t\t\t\t<div class=\"elementor-element elementor-element-0d88e67 elementor-widget elementor-widget-image\" data-id=\"0d88e67\" data-element_type=\"widget\" data-e-type=\"widget\" data-widget_type=\"image.default\">\n\t\t\t\t\t\t\t\t\t\t\t\t\t\t\t\t<a href=\"https:\/\/elsaalumni.org\/\">\n\t\t\t\t\t\t\t<img decoding=\"async\" width=\"300\" height=\"52\" src=\"https:\/\/ongunpartners.com\/wp-content\/uploads\/2025\/10\/elsa-alumni-logo-300x52.png\" class=\"elementor-animation-sink attachment-medium size-medium wp-image-1929\" alt=\"\" srcset=\"https:\/\/ongunpartners.com\/wp-content\/uploads\/2025\/10\/elsa-alumni-logo-300x52.png 300w, https:\/\/ongunpartners.com\/wp-content\/uploads\/2025\/10\/elsa-alumni-logo-18x3.png 18w, https:\/\/ongunpartners.com\/wp-content\/uploads\/2025\/10\/elsa-alumni-logo.png 536w\" sizes=\"(max-width: 300px) 100vw, 300px\" \/>\t\t\t\t\t\t\t\t<\/a>\n\t\t\t\t\t\t\t\t\t\t\t\t\t\t\t<\/div>\n\t\t\t\t<\/div>\n\t\t<div class=\"elementor-element elementor-element-bbbe5a7 e-con-full e-flex e-con e-child\" data-id=\"bbbe5a7\" data-element_type=\"container\" data-e-type=\"container\">\n\t\t\t\t<div class=\"elementor-element elementor-element-974c10c elementor-widget elementor-widget-image\" data-id=\"974c10c\" data-element_type=\"widget\" data-e-type=\"widget\" data-widget_type=\"image.default\">\n\t\t\t\t\t\t\t\t\t\t\t\t\t\t\t\t<a href=\"https:\/\/www.acfe.com\/\">\n\t\t\t\t\t\t\t<img loading=\"lazy\" decoding=\"async\" width=\"300\" height=\"116\" src=\"https:\/\/ongunpartners.com\/wp-content\/uploads\/2025\/10\/darkLogo-300x116.avif\" class=\"elementor-animation-sink attachment-medium size-medium wp-image-1933\" alt=\"\" srcset=\"https:\/\/ongunpartners.com\/wp-content\/uploads\/2025\/10\/darkLogo-300x116.avif 300w, https:\/\/ongunpartners.com\/wp-content\/uploads\/2025\/10\/darkLogo-18x7.avif 18w, https:\/\/ongunpartners.com\/wp-content\/uploads\/2025\/10\/darkLogo.avif 350w\" sizes=\"(max-width: 300px) 100vw, 300px\" \/>\t\t\t\t\t\t\t\t<\/a>\n\t\t\t\t\t\t\t\t\t\t\t\t\t\t\t<\/div>\n\t\t\t\t<\/div>\n\t\t<div class=\"elementor-element elementor-element-d3e078b e-con-full e-flex e-con e-child\" data-id=\"d3e078b\" data-element_type=\"container\" data-e-type=\"container\">\n\t\t\t\t<div class=\"elementor-element elementor-element-7c3f926 elementor-widget elementor-widget-image\" data-id=\"7c3f926\" data-element_type=\"widget\" data-e-type=\"widget\" data-widget_type=\"image.default\">\n\t\t\t\t\t\t\t\t\t\t\t\t\t\t\t\t<a href=\"https:\/\/globalwomennet.org\/\">\n\t\t\t\t\t\t\t<img loading=\"lazy\" decoding=\"async\" width=\"300\" height=\"95\" src=\"https:\/\/ongunpartners.com\/wp-content\/uploads\/2025\/10\/GW_net_logo_positive-300x95.jpg\" class=\"elementor-animation-sink attachment-medium size-medium wp-image-1932\" alt=\"\" srcset=\"https:\/\/ongunpartners.com\/wp-content\/uploads\/2025\/10\/GW_net_logo_positive-300x95.jpg 300w, https:\/\/ongunpartners.com\/wp-content\/uploads\/2025\/10\/GW_net_logo_positive-18x6.jpg 18w, https:\/\/ongunpartners.com\/wp-content\/uploads\/2025\/10\/GW_net_logo_positive.jpg 480w\" sizes=\"(max-width: 300px) 100vw, 300px\" \/>\t\t\t\t\t\t\t\t<\/a>\n\t\t\t\t\t\t\t\t\t\t\t\t\t\t\t<\/div>\n\t\t\t\t<\/div>\n\t\t<div class=\"elementor-element elementor-element-4f20b76 e-con-full e-flex e-con e-child\" data-id=\"4f20b76\" data-element_type=\"container\" data-e-type=\"container\">\n\t\t\t\t<div class=\"elementor-element elementor-element-b6f660c elementor-widget elementor-widget-image\" data-id=\"b6f660c\" data-element_type=\"widget\" data-e-type=\"widget\" data-widget_type=\"image.default\">\n\t\t\t\t\t\t\t\t\t\t\t\t\t\t\t\t<a href=\"https:\/\/www.ankarabarosu.org.tr\/Merkezler\/bd9941f0-2df0-11ed-a7cc-000c29c9dfce\">\n\t\t\t\t\t\t\t<img loading=\"lazy\" decoding=\"async\" width=\"300\" height=\"295\" src=\"https:\/\/ongunpartners.com\/wp-content\/uploads\/2025\/10\/Ankarabarosu-300x295.jpg\" class=\"elementor-animation-sink attachment-medium size-medium wp-image-1931\" alt=\"\" srcset=\"https:\/\/ongunpartners.com\/wp-content\/uploads\/2025\/10\/Ankarabarosu-300x295.jpg 300w, https:\/\/ongunpartners.com\/wp-content\/uploads\/2025\/10\/Ankarabarosu-1024x1007.jpg 1024w, https:\/\/ongunpartners.com\/wp-content\/uploads\/2025\/10\/Ankarabarosu-768x755.jpg 768w, https:\/\/ongunpartners.com\/wp-content\/uploads\/2025\/10\/Ankarabarosu-12x12.jpg 12w, https:\/\/ongunpartners.com\/wp-content\/uploads\/2025\/10\/Ankarabarosu.jpg 1450w\" sizes=\"(max-width: 300px) 100vw, 300px\" \/>\t\t\t\t\t\t\t\t<\/a>\n\t\t\t\t\t\t\t\t\t\t\t\t\t\t\t<\/div>\n\t\t\t\t<\/div>\n\t\t<div class=\"elementor-element elementor-element-dd4a6fe e-con-full e-flex e-con e-child\" data-id=\"dd4a6fe\" data-element_type=\"container\" data-e-type=\"container\">\n\t\t\t\t<div class=\"elementor-element elementor-element-5363102 elementor-widget elementor-widget-image\" data-id=\"5363102\" data-element_type=\"widget\" data-e-type=\"widget\" data-widget_type=\"image.default\">\n\t\t\t\t\t\t\t\t\t\t\t\t\t\t\t\t<a href=\"https:\/\/rayp.adalet.gov.tr\/resimler\/489\/dosya\/20250103-konkordatolistesi03-01-20259-56-am.pdf\">\n\t\t\t\t\t\t\t<img loading=\"lazy\" decoding=\"async\" width=\"200\" height=\"200\" src=\"https:\/\/ongunpartners.com\/wp-content\/uploads\/2025\/10\/ADALET-1.jpg\" class=\"elementor-animation-sink attachment-medium size-medium wp-image-1934\" alt=\"\" srcset=\"https:\/\/ongunpartners.com\/wp-content\/uploads\/2025\/10\/ADALET-1.jpg 200w, https:\/\/ongunpartners.com\/wp-content\/uploads\/2025\/10\/ADALET-1-150x150.jpg 150w, https:\/\/ongunpartners.com\/wp-content\/uploads\/2025\/10\/ADALET-1-12x12.jpg 12w\" sizes=\"(max-width: 200px) 100vw, 200px\" \/>\t\t\t\t\t\t\t\t<\/a>\n\t\t\t\t\t\t\t\t\t\t\t\t\t\t\t<\/div>\n\t\t\t\t<\/div>\n\t\t<div class=\"elementor-element elementor-element-78256e7 e-con-full e-flex e-con e-child\" data-id=\"78256e7\" data-element_type=\"container\" data-e-type=\"container\">\n\t\t\t\t<div class=\"elementor-element elementor-element-745e443 elementor-widget elementor-widget-image\" data-id=\"745e443\" data-element_type=\"widget\" data-e-type=\"widget\" data-widget_type=\"image.default\">\n\t\t\t\t\t\t\t\t\t\t\t\t\t\t\t\t<a href=\"https:\/\/www.barobirlik.org.tr\/AvukatArama\">\n\t\t\t\t\t\t\t<img loading=\"lazy\" decoding=\"async\" width=\"300\" height=\"300\" src=\"https:\/\/ongunpartners.com\/wp-content\/uploads\/2025\/10\/tbb_amblem_500-300x300.png\" class=\"elementor-animation-sink attachment-medium size-medium wp-image-1930\" alt=\"\" srcset=\"https:\/\/ongunpartners.com\/wp-content\/uploads\/2025\/10\/tbb_amblem_500-300x300.png 300w, https:\/\/ongunpartners.com\/wp-content\/uploads\/2025\/10\/tbb_amblem_500-150x150.png 150w, https:\/\/ongunpartners.com\/wp-content\/uploads\/2025\/10\/tbb_amblem_500-12x12.png 12w, https:\/\/ongunpartners.com\/wp-content\/uploads\/2025\/10\/tbb_amblem_500.png 500w\" sizes=\"(max-width: 300px) 100vw, 300px\" \/>\t\t\t\t\t\t\t\t<\/a>\n\t\t\t\t\t\t\t\t\t\t\t\t\t\t\t<\/div>\n\t\t\t\t<\/div>\n\t\t<div class=\"elementor-element elementor-element-77566ee e-con-full e-flex e-con e-child\" data-id=\"77566ee\" data-element_type=\"container\" data-e-type=\"container\">\n\t\t\t\t<div class=\"elementor-element elementor-element-00ad0c0 elementor-widget elementor-widget-image\" data-id=\"00ad0c0\" data-element_type=\"widget\" data-e-type=\"widget\" data-widget_type=\"image.default\">\n\t\t\t\t\t\t\t\t\t\t\t\t\t\t\t\t<a href=\"https:\/\/www.tchd.org.tr\/\">\n\t\t\t\t\t\t\t<img loading=\"lazy\" decoding=\"async\" width=\"162\" height=\"75\" src=\"https:\/\/ongunpartners.com\/wp-content\/uploads\/2025\/12\/tchd_logo.png\" class=\"elementor-animation-sink attachment-medium size-medium wp-image-2670\" alt=\"\" srcset=\"https:\/\/ongunpartners.com\/wp-content\/uploads\/2025\/12\/tchd_logo.png 162w, https:\/\/ongunpartners.com\/wp-content\/uploads\/2025\/12\/tchd_logo-18x8.png 18w\" sizes=\"(max-width: 162px) 100vw, 162px\" \/>\t\t\t\t\t\t\t\t<\/a>\n\t\t\t\t\t\t\t\t\t\t\t\t\t\t\t<\/div>\n\t\t\t\t<\/div>\n\t\t<div class=\"elementor-element elementor-element-73c8fc3 e-con-full e-flex e-con e-child\" data-id=\"73c8fc3\" data-element_type=\"container\" data-e-type=\"container\">\n\t\t\t\t<div class=\"elementor-element elementor-element-24f1a07 elementor-widget elementor-widget-image\" data-id=\"24f1a07\" data-element_type=\"widget\" data-e-type=\"widget\" data-widget_type=\"image.default\">\n\t\t\t\t\t\t\t\t\t\t\t\t\t\t\t\t<a href=\"https:\/\/penal.org\/\">\n\t\t\t\t\t\t\t<img loading=\"lazy\" decoding=\"async\" width=\"300\" height=\"59\" src=\"https:\/\/ongunpartners.com\/wp-content\/uploads\/2025\/12\/aidp-logo-blu-300x59.png\" class=\"elementor-animation-sink attachment-medium size-medium wp-image-2677\" alt=\"\" srcset=\"https:\/\/ongunpartners.com\/wp-content\/uploads\/2025\/12\/aidp-logo-blu-300x59.png 300w, https:\/\/ongunpartners.com\/wp-content\/uploads\/2025\/12\/aidp-logo-blu-18x4.png 18w, https:\/\/ongunpartners.com\/wp-content\/uploads\/2025\/12\/aidp-logo-blu.png 364w\" sizes=\"(max-width: 300px) 100vw, 300px\" \/>\t\t\t\t\t\t\t\t<\/a>\n\t\t\t\t\t\t\t\t\t\t\t\t\t\t\t<\/div>\n\t\t\t\t<\/div>\n\t\t\t\t<\/div>\n\t\t\t\t\t<\/div>\n\t\t\t\t<\/div>\n\t\t<div class=\"elementor-element elementor-element-d4697e3 e-con-full e-flex e-con e-parent\" data-id=\"d4697e3\" data-element_type=\"container\" data-e-type=\"container\">\n\t\t\t\t<div class=\"elementor-element elementor-element-04a0c56 elementor-widget elementor-widget-image\" data-id=\"04a0c56\" data-element_type=\"widget\" data-e-type=\"widget\" data-widget_type=\"image.default\">\n\t\t\t\t\t\t\t\t\t\t\t\t\t\t\t<img loading=\"lazy\" decoding=\"async\" width=\"1419\" height=\"1069\" src=\"https:\/\/ongunpartners.com\/wp-content\/uploads\/2025\/10\/res1a.jpg\" class=\"attachment-full size-full wp-image-1887\" alt=\"\" srcset=\"https:\/\/ongunpartners.com\/wp-content\/uploads\/2025\/10\/res1a.jpg 1419w, https:\/\/ongunpartners.com\/wp-content\/uploads\/2025\/10\/res1a-300x226.jpg 300w, https:\/\/ongunpartners.com\/wp-content\/uploads\/2025\/10\/res1a-1024x771.jpg 1024w, https:\/\/ongunpartners.com\/wp-content\/uploads\/2025\/10\/res1a-768x579.jpg 768w, https:\/\/ongunpartners.com\/wp-content\/uploads\/2025\/10\/res1a-16x12.jpg 16w\" sizes=\"(max-width: 1419px) 100vw, 1419px\" \/>\t\t\t\t\t\t\t\t\t\t\t\t\t\t\t<\/div>\n\t\t\t\t<\/div>\n\t\t\t\t<\/div>","protected":false},"excerpt":{"rendered":"<p>Hakk\u0131m\u0131zda G\u00fclseren \u00d6ng\u00fcn, hukuk derecesini \u0130zmir\u2019 de T.C. Dokuz Eyl\u00fcl \u00dcniversitesi Hukuk Fak\u00fcltesi\u2019nde tamamlam\u0131\u015ft\u0131r. 2014 y\u0131l\u0131nda ruhsat almas\u0131n\u0131 takiben 2015 [&hellip;]<\/p>\n","protected":false},"author":1,"featured_media":0,"parent":0,"menu_order":0,"comment_status":"closed","ping_status":"closed","template":"","meta":{"site-sidebar-layout":"no-sidebar","site-content-layout":"","ast-site-content-layout":"full-width-container","site-content-style":"default","site-sidebar-style":"default","ast-global-header-display":"","ast-banner-title-visibility":"","ast-main-header-display":"","ast-hfb-above-header-display":"","ast-hfb-below-header-display":"","ast-hfb-mobile-header-display":"","site-post-title":"disabled","ast-breadcrumbs-content":"","ast-featured-img":"disabled","footer-sml-layout":"","ast-disable-related-posts":"","theme-transparent-header-meta":"","adv-header-id-meta":"","stick-header-meta":"","header-above-stick-meta":"","header-main-stick-meta":"","header-below-stick-meta":"","astra-migrate-meta-layouts":"default","ast-page-background-enabled":"default","ast-page-background-meta":{"desktop":{"background-color":"var(--ast-global-color-5)","background-image":"","background-repeat":"repeat","background-position":"center center","background-size":"auto","background-attachment":"scroll","background-type":"","background-media":"","overlay-type":"","overlay-color":"","overlay-opacity":"","overlay-gradient":""},"tablet":{"background-color":"","background-image":"","background-repeat":"repeat","background-position":"center center","background-size":"auto","background-attachment":"scroll","background-type":"","background-media":"","overlay-type":"","overlay-color":"","overlay-opacity":"","overlay-gradient":""},"mobile":{"background-color":"","background-image":"","background-repeat":"repeat","background-position":"center center","background-size":"auto","background-attachment":"scroll","background-type":"","background-media":"","overlay-type":"","overlay-color":"","overlay-opacity":"","overlay-gradient":""}},"ast-content-background-meta":{"desktop":{"background-color":"var(--ast-global-color-4)","background-image":"","background-repeat":"repeat","background-position":"center center","background-size":"auto","background-attachment":"scroll","background-type":"","background-media":"","overlay-type":"","overlay-color":"","overlay-opacity":"","overlay-gradient":""},"tablet":{"background-color":"var(--ast-global-color-4)","background-image":"","background-repeat":"repeat","background-position":"center center","background-size":"auto","background-attachment":"scroll","background-type":"","background-media":"","overlay-type":"","overlay-color":"","overlay-opacity":"","overlay-gradient":""},"mobile":{"background-color":"var(--ast-global-color-4)","background-image":"","background-repeat":"repeat","background-position":"center center","background-size":"auto","background-attachment":"scroll","background-type":"","background-media":"","overlay-type":"","overlay-color":"","overlay-opacity":"","overlay-gradient":""}},"footnotes":""},"class_list":["post-178","page","type-page","status-publish","hentry"],"_links":{"self":[{"href":"https:\/\/ongunpartners.com\/en\/wp-json\/wp\/v2\/pages\/178","targetHints":{"allow":["GET"]}}],"collection":[{"href":"https:\/\/ongunpartners.com\/en\/wp-json\/wp\/v2\/pages"}],"about":[{"href":"https:\/\/ongunpartners.com\/en\/wp-json\/wp\/v2\/types\/page"}],"author":[{"embeddable":true,"href":"https:\/\/ongunpartners.com\/en\/wp-json\/wp\/v2\/users\/1"}],"replies":[{"embeddable":true,"href":"https:\/\/ongunpartners.com\/en\/wp-json\/wp\/v2\/comments?post=178"}],"version-history":[{"count":240,"href":"https:\/\/ongunpartners.com\/en\/wp-json\/wp\/v2\/pages\/178\/revisions"}],"predecessor-version":[{"id":3276,"href":"https:\/\/ongunpartners.com\/en\/wp-json\/wp\/v2\/pages\/178\/revisions\/3276"}],"wp:attachment":[{"href":"https:\/\/ongunpartners.com\/en\/wp-json\/wp\/v2\/media?parent=178"}],"curies":[{"name":"wp","href":"https:\/\/api.w.org\/{rel}","templated":true}]}}