{"id":1080,"date":"2025-08-29T14:58:51","date_gmt":"2025-08-29T14:58:51","guid":{"rendered":"https:\/\/gulserenongun.com\/?page_id=1080"},"modified":"2026-01-08T08:33:33","modified_gmt":"2026-01-08T08:33:33","slug":"corporate-responsibility","status":"publish","type":"page","link":"https:\/\/ongunpartners.com\/en\/kurumsal-sorumluluk\/","title":{"rendered":"Corporate Responsibility"},"content":{"rendered":"<div data-elementor-type=\"wp-page\" data-elementor-id=\"1080\" class=\"elementor elementor-1080\">\n\t\t\t\t<div class=\"elementor-element elementor-element-60999a7 e-con-full hero-banner e-flex e-con e-parent\" data-id=\"60999a7\" data-element_type=\"container\" data-e-type=\"container\">\n\t\t\t\t<div class=\"elementor-element elementor-element-84feae2 hero-banner-img elementor-widget elementor-widget-image\" data-id=\"84feae2\" data-element_type=\"widget\" data-e-type=\"widget\" data-widget_type=\"image.default\">\n\t\t\t\t\t\t\t\t\t\t\t\t\t\t\t<img fetchpriority=\"high\" decoding=\"async\" width=\"2560\" height=\"1153\" src=\"https:\/\/ongunpartners.com\/wp-content\/uploads\/2025\/08\/pexels-pixabay-37403-scaled.jpg\" class=\"attachment-full size-full wp-image-1101\" alt=\"\" srcset=\"https:\/\/ongunpartners.com\/wp-content\/uploads\/2025\/08\/pexels-pixabay-37403-scaled.jpg 2560w, https:\/\/ongunpartners.com\/wp-content\/uploads\/2025\/08\/pexels-pixabay-37403-300x135.jpg 300w, https:\/\/ongunpartners.com\/wp-content\/uploads\/2025\/08\/pexels-pixabay-37403-1024x461.jpg 1024w, https:\/\/ongunpartners.com\/wp-content\/uploads\/2025\/08\/pexels-pixabay-37403-768x346.jpg 768w, https:\/\/ongunpartners.com\/wp-content\/uploads\/2025\/08\/pexels-pixabay-37403-1536x692.jpg 1536w, https:\/\/ongunpartners.com\/wp-content\/uploads\/2025\/08\/pexels-pixabay-37403-2048x923.jpg 2048w, https:\/\/ongunpartners.com\/wp-content\/uploads\/2025\/08\/pexels-pixabay-37403-18x8.jpg 18w\" sizes=\"(max-width: 2560px) 100vw, 2560px\" \/>\t\t\t\t\t\t\t\t\t\t\t\t\t\t\t<\/div>\n\t\t\t\t<div class=\"elementor-element elementor-element-7f87933 hero-banner-title elementor-widget elementor-widget-heading\" data-id=\"7f87933\" data-element_type=\"widget\" data-e-type=\"widget\" data-widget_type=\"heading.default\">\n\t\t\t\t\t<h1 class=\"elementor-heading-title elementor-size-default\">Corporate Responsibility<\/h1>\t\t\t\t<\/div>\n\t\t\t\t<\/div>\n\t\t<div class=\"elementor-element elementor-element-b5853b1 e-flex e-con-boxed e-con e-parent\" data-id=\"b5853b1\" data-element_type=\"container\" data-e-type=\"container\">\n\t\t\t\t\t<div class=\"e-con-inner\">\n\t\t\t\t<div class=\"elementor-element elementor-element-7b2f1db elementor-widget elementor-widget-html\" data-id=\"7b2f1db\" data-element_type=\"widget\" data-e-type=\"widget\" data-widget_type=\"html.default\">\n\t\t\t\t\t<div class=\"policy-doc\">\r\n    Our law office adopts not only legal excellence but also ethical values and social responsibility as its\ncore principles. Beyond the legal services we provide, we are committed to pursuing a vision that\nmaximizes our social, environmental, and ethical impact through our operations.\r\n\r\n    <br><br>\r\n\r\n    \r\n\r\n    \r\n    \r\n<\/div>\r\n\t\t\t\t<\/div>\n\t\t\t\t<div class=\"elementor-element elementor-element-e419a0a elementor-widget elementor-widget-html\" data-id=\"e419a0a\" data-element_type=\"widget\" data-e-type=\"widget\" data-widget_type=\"html.default\">\n\t\t\t\t\t<div class=\"policy-doc\">\r\n    <h4>1. Social Contribution and Ethical Leadership (Pro Bono &amp; Solidarity)<\/h4>\r\n    \r\n    \r\n    We undertake the mission of utilizing our legal knowledge and professional passion for the benefit of\nsociety and to support equitable access to justice. Through our Pro Bono work and volunteer activities,\nwe aim to contribute to the advancement of fundamental rights and ease access to legal opportunities\nfor disadvantaged groups. We intend to strengthen social solidarity\nby collaborating with non-governmental organizations (NGOs) in the areas of health, education, and\njudicial awareness.\r\n\r\n    <br><br>\r\n\r\n    \r\n\r\n    \r\n    \r\n<\/div>\r\n\t\t\t\t<\/div>\n\t\t\t\t<div class=\"elementor-element elementor-element-25a97c4 elementor-widget elementor-widget-html\" data-id=\"25a97c4\" data-element_type=\"widget\" data-e-type=\"widget\" data-widget_type=\"html.default\">\n\t\t\t\t\t<div class=\"policy-doc\">\r\n    <h4>2. Inclusive Culture and Professional Diversity<\/h4>\r\n    \r\n    \r\n    Diversity and Inclusion are fundamental values that enhance the quality of the services we offer. We\nbelieve that different cultural and professional perspectives increase our ability to generate innovative\nlegal solutions. This approach reflects our vision not only for creating a respectful and ethical\nprofessional environment but also for securing the most accurate and holistic strategic outcomes for\nour clients.\r\n\r\n    <br><br>\r\n\r\n    \r\n\r\n    \r\n    \r\n<\/div>\r\n\t\t\t\t<\/div>\n\t\t\t\t<div class=\"elementor-element elementor-element-a8b850e elementor-widget elementor-widget-html\" data-id=\"a8b850e\" data-element_type=\"widget\" data-e-type=\"widget\" data-widget_type=\"html.default\">\n\t\t\t\t\t<div class=\"policy-doc\">\r\n    <h4>3. Environmental Stewardship and Sustainability Commitment<\/h4>\r\n    \r\n    \r\n    We are fully aware of our personal and professional responsibility towards the geography we inhabit\nand the fight against climate change. Our sustainability principles will be both integrated into our\n\nservices in the field of Environmental Law and encompass our efforts to monitor and mitigate the\nenvironmental impact and risks of our operations. We are committed to actively contributing to a\nhealthier environment by striving to minimize the consumption of energy and natural resources,\nthereby embodying our environmental commitment.\r\n\r\n    <br><br>\r\n\r\n    \r\n\r\n    \r\n    \r\n<\/div>\r\n\t\t\t\t<\/div>\n\t\t\t\t\t<\/div>\n\t\t\t\t<\/div>\n\t\t<div class=\"elementor-element elementor-element-22ffd2d e-con-full e-flex e-con e-parent\" data-id=\"22ffd2d\" data-element_type=\"container\" data-e-type=\"container\">\n\t\t\t\t<div class=\"elementor-element elementor-element-7287555 elementor-widget elementor-widget-image\" data-id=\"7287555\" data-element_type=\"widget\" data-e-type=\"widget\" data-widget_type=\"image.default\">\n\t\t\t\t\t\t\t\t\t\t\t\t\t\t\t<img decoding=\"async\" width=\"1419\" height=\"1069\" src=\"https:\/\/ongunpartners.com\/wp-content\/uploads\/2025\/10\/res1a.jpg\" class=\"attachment-full size-full wp-image-1887\" alt=\"\" srcset=\"https:\/\/ongunpartners.com\/wp-content\/uploads\/2025\/10\/res1a.jpg 1419w, https:\/\/ongunpartners.com\/wp-content\/uploads\/2025\/10\/res1a-300x226.jpg 300w, https:\/\/ongunpartners.com\/wp-content\/uploads\/2025\/10\/res1a-1024x771.jpg 1024w, https:\/\/ongunpartners.com\/wp-content\/uploads\/2025\/10\/res1a-768x579.jpg 768w, https:\/\/ongunpartners.com\/wp-content\/uploads\/2025\/10\/res1a-16x12.jpg 16w\" sizes=\"(max-width: 1419px) 100vw, 1419px\" \/>\t\t\t\t\t\t\t\t\t\t\t\t\t\t\t<\/div>\n\t\t\t\t<\/div>\n\t\t\t\t<\/div>","protected":false},"excerpt":{"rendered":"<p>Kurumsal Sorumluluk Hukuk b\u00fcromuz, sadece hukuki m\u00fckemmelli\u011fi de\u011fil, ayn\u0131 zamanda etik de\u011ferleri ve toplumsal sorumlulu\u011fu temel ilkeleri olarak benimsemektedir. Sundu\u011fumuz [&hellip;]<\/p>\n","protected":false},"author":1,"featured_media":0,"parent":0,"menu_order":0,"comment_status":"closed","ping_status":"closed","template":"","meta":{"site-sidebar-layout":"no-sidebar","site-content-layout":"","ast-site-content-layout":"full-width-container","site-content-style":"default","site-sidebar-style":"default","ast-global-header-display":"","ast-banner-title-visibility":"","ast-main-header-display":"","ast-hfb-above-header-display":"","ast-hfb-below-header-display":"","ast-hfb-mobile-header-display":"","site-post-title":"disabled","ast-breadcrumbs-content":"","ast-featured-img":"disabled","footer-sml-layout":"","ast-disable-related-posts":"","theme-transparent-header-meta":"","adv-header-id-meta":"","stick-header-meta":"","header-above-stick-meta":"","header-main-stick-meta":"","header-below-stick-meta":"","astra-migrate-meta-layouts":"default","ast-page-background-enabled":"default","ast-page-background-meta":{"desktop":{"background-color":"var(--ast-global-color-5)","background-image":"","background-repeat":"repeat","background-position":"center center","background-size":"auto","background-attachment":"scroll","background-type":"","background-media":"","overlay-type":"","overlay-color":"","overlay-opacity":"","overlay-gradient":""},"tablet":{"background-color":"","background-image":"","background-repeat":"repeat","background-position":"center center","background-size":"auto","background-attachment":"scroll","background-type":"","background-media":"","overlay-type":"","overlay-color":"","overlay-opacity":"","overlay-gradient":""},"mobile":{"background-color":"","background-image":"","background-repeat":"repeat","background-position":"center center","background-size":"auto","background-attachment":"scroll","background-type":"","background-media":"","overlay-type":"","overlay-color":"","overlay-opacity":"","overlay-gradient":""}},"ast-content-background-meta":{"desktop":{"background-color":"var(--ast-global-color-4)","background-image":"","background-repeat":"repeat","background-position":"center center","background-size":"auto","background-attachment":"scroll","background-type":"","background-media":"","overlay-type":"","overlay-color":"","overlay-opacity":"","overlay-gradient":""},"tablet":{"background-color":"var(--ast-global-color-4)","background-image":"","background-repeat":"repeat","background-position":"center center","background-size":"auto","background-attachment":"scroll","background-type":"","background-media":"","overlay-type":"","overlay-color":"","overlay-opacity":"","overlay-gradient":""},"mobile":{"background-color":"var(--ast-global-color-4)","background-image":"","background-repeat":"repeat","background-position":"center center","background-size":"auto","background-attachment":"scroll","background-type":"","background-media":"","overlay-type":"","overlay-color":"","overlay-opacity":"","overlay-gradient":""}},"footnotes":""},"class_list":["post-1080","page","type-page","status-publish","hentry"],"_links":{"self":[{"href":"https:\/\/ongunpartners.com\/en\/wp-json\/wp\/v2\/pages\/1080","targetHints":{"allow":["GET"]}}],"collection":[{"href":"https:\/\/ongunpartners.com\/en\/wp-json\/wp\/v2\/pages"}],"about":[{"href":"https:\/\/ongunpartners.com\/en\/wp-json\/wp\/v2\/types\/page"}],"author":[{"embeddable":true,"href":"https:\/\/ongunpartners.com\/en\/wp-json\/wp\/v2\/users\/1"}],"replies":[{"embeddable":true,"href":"https:\/\/ongunpartners.com\/en\/wp-json\/wp\/v2\/comments?post=1080"}],"version-history":[{"count":47,"href":"https:\/\/ongunpartners.com\/en\/wp-json\/wp\/v2\/pages\/1080\/revisions"}],"predecessor-version":[{"id":2967,"href":"https:\/\/ongunpartners.com\/en\/wp-json\/wp\/v2\/pages\/1080\/revisions\/2967"}],"wp:attachment":[{"href":"https:\/\/ongunpartners.com\/en\/wp-json\/wp\/v2\/media?parent=1080"}],"curies":[{"name":"wp","href":"https:\/\/api.w.org\/{rel}","templated":true}]}}